{"id":90,"date":"2022-03-27T22:25:31","date_gmt":"2022-03-27T20:25:31","guid":{"rendered":"https:\/\/www.fijiembassy.org\/usa-s-ambassad\/"},"modified":"2025-05-26T14:24:43","modified_gmt":"2025-05-26T12:24:43","slug":"usa-s-ambassad","status":"publish","type":"page","link":"https:\/\/www.fijiembassy.org\/sv\/","title":{"rendered":"USA: s ambassad"},"content":{"rendered":"\t\t<div data-elementor-type=\"wp-page\" data-elementor-id=\"90\" class=\"elementor elementor-90 elementor-18\" data-elementor-post-type=\"page\">\n\t\t\t\t\t\t<section class=\"elementor-section elementor-top-section elementor-element elementor-element-02333ce elementor-section-boxed elementor-section-height-default elementor-section-height-default\" data-id=\"02333ce\" data-element_type=\"section\" data-e-type=\"section\">\n\t\t\t\t\t\t<div class=\"elementor-container elementor-column-gap-default\">\n\t\t\t\t\t<div class=\"elementor-column elementor-col-100 elementor-top-column elementor-element elementor-element-06b7a35\" data-id=\"06b7a35\" data-element_type=\"column\" data-e-type=\"column\">\n\t\t\t<div class=\"elementor-widget-wrap elementor-element-populated\">\n\t\t\t\t\t\t<div class=\"elementor-element elementor-element-54dad0a elementor-widget elementor-widget-spacer\" data-id=\"54dad0a\" data-element_type=\"widget\" data-e-type=\"widget\" data-widget_type=\"spacer.default\">\n\t\t\t\t<div class=\"elementor-widget-container\">\n\t\t\t\t\t\t\t<div class=\"elementor-spacer\">\n\t\t\t<div class=\"elementor-spacer-inner\"><\/div>\n\t\t<\/div>\n\t\t\t\t\t\t<\/div>\n\t\t\t\t<\/div>\n\t\t\t\t\t<\/div>\n\t\t<\/div>\n\t\t\t\t\t<\/div>\n\t\t<\/section>\n\t\t\t\t<section class=\"elementor-section elementor-top-section elementor-element elementor-element-1906cf60 elementor-section-boxed elementor-section-height-default elementor-section-height-default\" data-id=\"1906cf60\" data-element_type=\"section\" data-e-type=\"section\">\n\t\t\t\t\t\t<div class=\"elementor-container elementor-column-gap-default\">\n\t\t\t\t\t<div class=\"elementor-column elementor-col-100 elementor-top-column elementor-element elementor-element-78b2a400\" data-id=\"78b2a400\" data-element_type=\"column\" data-e-type=\"column\">\n\t\t\t<div class=\"elementor-widget-wrap elementor-element-populated\">\n\t\t\t\t\t\t<div class=\"elementor-element elementor-element-4c9630fe elementor-widget elementor-widget-heading\" data-id=\"4c9630fe\" data-element_type=\"widget\" data-e-type=\"widget\" data-widget_type=\"heading.default\">\n\t\t\t\t<div class=\"elementor-widget-container\">\n\t\t\t\t\t<h1 class=\"elementor-heading-title elementor-size-default\">Res till USA<\/h1>\t\t\t\t<\/div>\n\t\t\t\t<\/div>\n\t\t\t\t\t<\/div>\n\t\t<\/div>\n\t\t\t\t\t<\/div>\n\t\t<\/section>\n\t\t\t\t<section class=\"elementor-section elementor-top-section elementor-element elementor-element-38a765a4 elementor-section-boxed elementor-section-height-default elementor-section-height-default\" data-id=\"38a765a4\" data-element_type=\"section\" data-e-type=\"section\">\n\t\t\t\t\t\t<div class=\"elementor-container elementor-column-gap-default\">\n\t\t\t\t\t<div class=\"elementor-column elementor-col-100 elementor-top-column elementor-element elementor-element-44e0f745\" data-id=\"44e0f745\" data-element_type=\"column\" data-e-type=\"column\">\n\t\t\t<div class=\"elementor-widget-wrap elementor-element-populated\">\n\t\t\t\t\t\t<div class=\"elementor-element elementor-element-45868624 elementor-widget elementor-widget-text-editor\" data-id=\"45868624\" data-element_type=\"widget\" data-e-type=\"widget\" data-widget_type=\"text-editor.default\">\n\t\t\t\t<div class=\"elementor-widget-container\">\n\t\t\t\t\t\t\t\t\t<p>Alla resen\u00e4rer till USA m\u00e5ste kontrollera innan f\u00f6r att resa de sista kraven. Fijis amerikanska ambassad kunde ha kontaktats f\u00f6r att f\u00e5 uppdaterad situationsinformation. Reglerna f\u00f6r utl\u00e4nningar som reser till USA \u00e4ndras ofta med en kort f\u00f6rdr\u00f6jning.<\/p>\t\t\t\t\t\t\t\t<\/div>\n\t\t\t\t<\/div>\n\t\t\t\t\t<\/div>\n\t\t<\/div>\n\t\t\t\t\t<\/div>\n\t\t<\/section>\n\t\t\t\t<section class=\"elementor-section elementor-top-section elementor-element elementor-element-692b51d7 elementor-section-boxed elementor-section-height-default elementor-section-height-default\" data-id=\"692b51d7\" data-element_type=\"section\" data-e-type=\"section\">\n\t\t\t\t\t\t<div class=\"elementor-container elementor-column-gap-default\">\n\t\t\t\t\t<div class=\"elementor-column elementor-col-50 elementor-top-column elementor-element elementor-element-c57006a\" data-id=\"c57006a\" data-element_type=\"column\" data-e-type=\"column\">\n\t\t\t<div class=\"elementor-widget-wrap elementor-element-populated\">\n\t\t\t\t\t\t<div class=\"elementor-element elementor-element-51b0a81f elementor-widget elementor-widget-text-editor\" data-id=\"51b0a81f\" data-element_type=\"widget\" data-e-type=\"widget\" data-widget_type=\"text-editor.default\">\n\t\t\t\t<div class=\"elementor-widget-container\">\n\t\t\t\t\t\t\t\t\t<h2>USA:s ambassad<\/h2><p>Den <a href=\"https:\/\/fj.usembassy.gov\/\">amerikanska ambassadens<\/a> uppdrag \u00e4r att utveckla relationerna mellan USA och Fiji. De arbetar aktivt f\u00f6r att fr\u00e4mja samarbetet i olika internationella syften f\u00f6r att f\u00f6rb\u00e4ttra USA<\/p><p>USA:s ambassad p\u00e5 Fiji Island f\u00f6r ekonomiska m\u00e5l.<\/p><p>Mer information om de <a href=\"https:\/\/www.fijiembassy.org\/sv\/konsulara-tjanster\/\">konsul\u00e4ra tj\u00e4nsterna vid USA:s ambassad i Suva<\/a>.<\/p>\t\t\t\t\t\t\t\t<\/div>\n\t\t\t\t<\/div>\n\t\t\t\t\t<\/div>\n\t\t<\/div>\n\t\t\t\t<div class=\"elementor-column elementor-col-50 elementor-top-column elementor-element elementor-element-7a36c37e\" data-id=\"7a36c37e\" data-element_type=\"column\" data-e-type=\"column\">\n\t\t\t<div class=\"elementor-widget-wrap elementor-element-populated\">\n\t\t\t\t\t\t<div class=\"elementor-element elementor-element-26cf03a4 elementor-widget elementor-widget-text-editor\" data-id=\"26cf03a4\" data-element_type=\"widget\" data-e-type=\"widget\" data-widget_type=\"text-editor.default\">\n\t\t\t\t<div class=\"elementor-widget-container\">\n\t\t\t\t\t\t\t\t\t<h2>USA:s ambassad i Fiji<\/h2><p><a href=\"https:\/\/fj.usembassy.gov\/embassy\/suva\/\">USA:s ambassad i Suva<\/a><br>158 Princes Road, Tamavua, Suva, Fiji.<\/p><p>Telefon: 679 331-4466<\/p><div class=\"pg-split\" style=\"margin: 0px 30px 30px 0px; padding: 0px; border: 0px; font-variant-numeric: inherit; font-variant-east-asian: inherit; font-stretch: inherit; line-height: inherit; font-family: Roboto, Arial, sans-serif; vertical-align: baseline; width: 374.99px; float: left; color: #333333;\"><div class=\"map-container\" style=\"margin: 0px; padding: 30px 0px 210.927px; border: 0px; font: inherit; vertical-align: baseline; position: relative; height: 0px; overflow: hidden;\"><iframe class=\"iframemapborder\" style=\"padding: 0px; font: inherit; vertical-align: baseline; width: 374.99px; position: absolute; top: 0px; left: 0px; height: 240.927px; border-width: 8px !important; border-style: solid !important; border-color: #e2e2e2 !important;\" src=\"https:\/\/www.google.com\/maps\/embed?pb=!1m18!1m12!1m3!1d3792.018458672593!2d178.43729101474153!3d-18.116938789168167!2m3!1f0!2f0!3f0!3m2!1i1024!2i768!4f13.1!3m3!1m2!1s0x6e1bde8a6dcf2811%3A0x433486fb291c2678!2sUS+Embassy+Suva!5e0!3m2!1sen!2sus!4v1469485653235\" width=\"600\" height=\"450\" frameborder=\"0\" allowfullscreen=\"allowfullscreen\" data-gtm-yt-inspected-1_19=\"true\" data-gtm-yt-inspected-1491731_107=\"true\"><\/iframe><\/div><\/div>\t\t\t\t\t\t\t\t<\/div>\n\t\t\t\t<\/div>\n\t\t\t\t\t<\/div>\n\t\t<\/div>\n\t\t\t\t\t<\/div>\n\t\t<\/section>\n\t\t\t\t<section class=\"elementor-section elementor-top-section elementor-element elementor-element-4bc23eb elementor-section-boxed elementor-section-height-default elementor-section-height-default\" data-id=\"4bc23eb\" data-element_type=\"section\" data-e-type=\"section\">\n\t\t\t\t\t\t<div class=\"elementor-container elementor-column-gap-default\">\n\t\t\t\t\t<div class=\"elementor-column elementor-col-100 elementor-top-column elementor-element elementor-element-9e403f7\" data-id=\"9e403f7\" data-element_type=\"column\" data-e-type=\"column\">\n\t\t\t<div class=\"elementor-widget-wrap elementor-element-populated\">\n\t\t\t\t\t\t<div class=\"elementor-element elementor-element-c7e6442 elementor-widget elementor-widget-heading\" data-id=\"c7e6442\" data-element_type=\"widget\" data-e-type=\"widget\" data-widget_type=\"heading.default\">\n\t\t\t\t<div class=\"elementor-widget-container\">\n\t\t\t\t\t<h2 class=\"elementor-heading-title elementor-size-default\">Vad \u00e4r skillnaden mellan ett visum och ett ESTA<\/h2>\t\t\t\t<\/div>\n\t\t\t\t<\/div>\n\t\t\t\t\t<\/div>\n\t\t<\/div>\n\t\t\t\t\t<\/div>\n\t\t<\/section>\n\t\t\t\t<section class=\"elementor-section elementor-top-section elementor-element elementor-element-e41aacc elementor-section-boxed elementor-section-height-default elementor-section-height-default\" data-id=\"e41aacc\" data-element_type=\"section\" data-e-type=\"section\">\n\t\t\t\t\t\t<div class=\"elementor-container elementor-column-gap-default\">\n\t\t\t\t\t<div class=\"elementor-column elementor-col-100 elementor-top-column elementor-element elementor-element-e7cf01a\" data-id=\"e7cf01a\" data-element_type=\"column\" data-e-type=\"column\">\n\t\t\t<div class=\"elementor-widget-wrap elementor-element-populated\">\n\t\t\t\t\t\t<div class=\"elementor-element elementor-element-5443e8a elementor-widget elementor-widget-text-editor\" data-id=\"5443e8a\" data-element_type=\"widget\" data-e-type=\"widget\" data-widget_type=\"text-editor.default\">\n\t\t\t\t<div class=\"elementor-widget-container\">\n\t\t\t\t\t\t\t\t\t<p>Du m\u00e5ste snart stanna i USA. En beg\u00e4ran om tillst\u00e5nd att resa in p\u00e5 det amerikanska territoriet \u00e4r en obligatorisk formalitet. Beroende p\u00e5 din situation finns flera l\u00f6sningar tillg\u00e4ngliga f\u00f6r dig:<\/p><ol><li>Det permanenta uppeh\u00e5llskortet mer k\u00e4nt som det green card \u00e4r ett av de sv\u00e5raste uppeh\u00e5llstillst\u00e5nden att f\u00e5 eftersom det bara g\u00e4ller personer som planerar att stanna permanent i USA. Sk\u00e4len till att ans\u00f6ka om ett green card snarare \u00e4n n\u00e5got annat \u00e4r fr\u00e4mst n\u00e4r m\u00e4nniskor kommer f\u00f6r att bos\u00e4tta sig av professionella eller familjesk\u00e4l i USA. Detta kr\u00e4ver faktiskt ett resetillst\u00e5nd som \u00e4r l\u00e4ngre \u00e4n 90 dagar. Det finns ett undantag f\u00f6r ans\u00f6kan om green card f\u00f6r asyls\u00f6kande. De kan faktiskt i vissa fall anv\u00e4nda sig av det.<\/li><li>Det amerikanska turistvisumet g\u00e4ller personer som vill stanna i USA under en period p\u00e5 mer \u00e4n 90 dagar. Till skillnad fr\u00e5n en ESTA-f\u00f6rfr\u00e5gan \u00e4r processen l\u00e4ngre och mer komplicerad. Det kr\u00e4ver att resen\u00e4ren ans\u00f6ker online p\u00e5 webbplatsen <a href=\"https:\/\/travel.state.gov\/content\/travel\/en\/us-visas\/tourism-visit\/visitor.html\">travel.state.gov<\/a>. D\u00e4refter m\u00e5ste han boka en intervju p\u00e5 den amerikanska ambassaden f\u00f6r att slutf\u00f6ra sin ans\u00f6kan. Med tanke p\u00e5 de fakta som kr\u00e4vs f\u00f6r en visumans\u00f6kan \u00e4r avgifterna i genomsnitt 185 USD. Detta belopp beg\u00e4rs oavsett VISA, vilket \u00e4r betydligt h\u00f6gre \u00e4n en ESTA-beg\u00e4ran. Men \u00e5terigen kommer varje beg\u00e4ran att bero p\u00e5 profilen, situationen och sk\u00e4len som driver resen\u00e4ren att \u00e5ka till USA.<\/li><li>ESTA-beg\u00e4ran avser kortvariga yrkes- eller turistvistelser (h\u00f6gst 90 dagar i f\u00f6ljd under ESTA:s giltighetstid). Till skillnad fr\u00e5n visum- eller greencardsans\u00f6kan drar ESTA-ans\u00f6kan nytta av en f\u00f6renklad onlineprocess. De kan faktiskt i vissa fall anv\u00e4nda sig av det. Dessa fr\u00e5gor r\u00f6r resen\u00e4rens civilst\u00e5nd, hans juridiska och medicinska historia. N\u00e4r ESTA-ans\u00f6kan \u00e4r klar m\u00e5ste den valideras av de amerikanska interna s\u00e4kerhetstj\u00e4nsterna. Vi rekommenderar att du g\u00f6r din bokning senast 72 timmar f\u00f6re avresan. I de flesta fall kommer svaret under dagen.<\/li><\/ol><h2>Hur man f\u00e5r ett visum till USA<\/h2><p>\u00c4ven om du har svarat uppriktigt och utan fel p\u00e5 din ESTA-f\u00f6rfr\u00e5gan kan det avvisas. Du kan f\u00f6rs\u00f6ka f\u00e5 visum. F\u00f6r att f\u00e5 visum m\u00e5ste du v\u00e4nda dig till en amerikansk ambassad. Det <a href=\"https:\/\/www.fijiembassy.org\/sv\/ansokan-om-amerikanskt-visum-vid-amerikanska-ambassaden-i-fiji\/\">finns ett gemensamt f\u00f6rfarande f\u00f6r visumans\u00f6kningar<\/a>. Det best\u00e5r av att fylla i en ans\u00f6kan och genomg\u00e5 en visumintervju p\u00e5 den amerikanska ambassaden. Intervju under vilken du kommer att beh\u00f6va ange sk\u00e4len som driver dig att ans\u00f6ka om visum.<\/p><p>Fr\u00e5gor som du kommer att f\u00e5 tydliga och exakta svar p\u00e5:<\/p><ul><li>Anledningen till din resa till USA;<\/li><li>Din medicinska historia och nuvarande h\u00e4lsotillst\u00e5nd;<\/li><li>Ditt brottsregister.<\/li><\/ul><p>Intervjun p\u00e5 ambassaden \u00e4r mycket viktig eftersom det \u00e4r en n\u00f6dv\u00e4ndig f\u00f6ruts\u00e4ttning f\u00f6r att f\u00e5 visum. Den amerikanska regeringen tar denna intervju p\u00e5 st\u00f6rsta allvar.<\/p><p>H\u00e4r \u00e4r n\u00e5gra tips f\u00f6r att s\u00e4tta oddsen till din f\u00f6rdel:<\/p><ul><li>Du m\u00e5ste uppvisa alla dokument som kommer att kr\u00e4vas av dig s\u00e5som ditt pass;<\/li><li>Din kl\u00e4nning kommer ocks\u00e5 att fungera till din f\u00f6rdel eller inte, det f\u00f6rsta intrycket \u00e4r v\u00e4ldigt viktigt;<\/li><li>Du m\u00e5ste r\u00e4kna ett f\u00f6rskott p\u00e5 cirka trettio minuter f\u00f6r att undvika att komma f\u00f6r sent och f\u00e5 ditt m\u00f6te inst\u00e4llt;<\/li><li>F\u00f6rse dig med betalningsmedel f\u00f6r att kunna betala kostnaderna f\u00f6r viseringsans\u00f6kan. Priset beror p\u00e5 vilken typ av visum som beg\u00e4rs.<\/li><\/ul><p>Trots all din goda tro och vilja kan din visumans\u00f6kan avsl\u00e5s. Varje \u00e5r \u00e4r det ett lotteri som l\u00e5ter dig vinna ett green card, det vill s\u00e4ga permanent uppeh\u00e5llstillst\u00e5nd.<\/p><p>Det \u00e4r mycket sv\u00e5rt att f\u00e5 genom Green card-lotteriet, \u00e4ven om n\u00e4stan 50.000 gr\u00f6na kort har tilldelats varje \u00e5r. Faktum \u00e4r att antalet friare \u00e4r fortfarande mycket h\u00f6gt.<\/p>\t\t\t\t\t\t\t\t<\/div>\n\t\t\t\t<\/div>\n\t\t\t\t\t<\/div>\n\t\t<\/div>\n\t\t\t\t\t<\/div>\n\t\t<\/section>\n\t\t\t\t<\/div>\n\t\t","protected":false},"excerpt":{"rendered":"<p>Res till USA Alla resen\u00e4rer till USA m\u00e5ste kontrollera innan f\u00f6r att resa de sista kraven. Fijis amerikanska ambassad kunde ha kontaktats f\u00f6r att f\u00e5 uppdaterad situationsinformation. Reglerna f\u00f6r utl\u00e4nningar som reser till USA \u00e4ndras ofta med en kort f\u00f6rdr\u00f6jning. USA:s ambassad Den amerikanska ambassadens uppdrag \u00e4r att utveckla relationerna mellan USA och Fiji. De [&hellip;]<\/p>\n","protected":false},"author":1,"featured_media":0,"parent":0,"menu_order":0,"comment_status":"closed","ping_status":"closed","template":"","meta":{"footnotes":""},"class_list":["post-90","page","type-page","status-publish","hentry"],"_links":{"self":[{"href":"https:\/\/www.fijiembassy.org\/sv\/wp-json\/wp\/v2\/pages\/90","targetHints":{"allow":["GET"]}}],"collection":[{"href":"https:\/\/www.fijiembassy.org\/sv\/wp-json\/wp\/v2\/pages"}],"about":[{"href":"https:\/\/www.fijiembassy.org\/sv\/wp-json\/wp\/v2\/types\/page"}],"author":[{"embeddable":true,"href":"https:\/\/www.fijiembassy.org\/sv\/wp-json\/wp\/v2\/users\/1"}],"replies":[{"embeddable":true,"href":"https:\/\/www.fijiembassy.org\/sv\/wp-json\/wp\/v2\/comments?post=90"}],"version-history":[{"count":25,"href":"https:\/\/www.fijiembassy.org\/sv\/wp-json\/wp\/v2\/pages\/90\/revisions"}],"predecessor-version":[{"id":641,"href":"https:\/\/www.fijiembassy.org\/sv\/wp-json\/wp\/v2\/pages\/90\/revisions\/641"}],"wp:attachment":[{"href":"https:\/\/www.fijiembassy.org\/sv\/wp-json\/wp\/v2\/media?parent=90"}],"curies":[{"name":"wp","href":"https:\/\/api.w.org\/{rel}","templated":true}]}}