{"id":701,"date":"2026-04-07T14:36:58","date_gmt":"2026-04-07T12:36:58","guid":{"rendered":"https:\/\/www.fijiembassy.org\/etias\/"},"modified":"2026-04-07T14:55:21","modified_gmt":"2026-04-07T12:55:21","slug":"etias","status":"publish","type":"page","link":"https:\/\/www.fijiembassy.org\/sv\/etias\/","title":{"rendered":"ETIAS 2027: Vad Fiji-resen\u00e4rer beh\u00f6ver veta"},"content":{"rendered":"\n<p>European Travel Information and Authorisation System (ETIAS) \u00e4r direkt inspirerat av det amerikanska <strong>Electronic System for Travel Authorization (ESTA)<\/strong>. Precis som sin amerikanska motsvarighet \u00e4r ETIAS inte ett visum, utan ett tillst\u00e5nd f\u00f6re resan som kr\u00e4vs f\u00f6r visumfria bes\u00f6kare som reser in i Europa. <\/p>\n\n<p>Huvudsyftet \u00e4r att f\u00f6rb\u00e4ttra gr\u00e4nss\u00e4kerheten genom att screena resen\u00e4rer innan de anl\u00e4nder till <a href=\"https:\/\/www.consilium.europa.eu\/en\/policies\/schengen-area\/\">Schengenomr\u00e5det<\/a>. Genom att dubbelkontrollera s\u00f6kande mot internationella s\u00e4kerhetsdatabaser str\u00e4var europeiska myndigheter efter att uppt\u00e4cka potentiella risker tidigt och samtidigt uppr\u00e4tth\u00e5lla smidiga resefl\u00f6den. <\/p>\n\n<h2 class=\"wp-block-heading\">En lansering nu planerad till 2027<\/h2>\n\n<p>Efter flera f\u00f6rseningar f\u00f6rv\u00e4ntas <a href=\"https:\/\/etias-eu.net\/en\/\">ETIAS<\/a> nu vara i full drift 2027, efter en stegvis utrullning:<\/p>\n\n<ul class=\"wp-block-list\">\n<li>Sent 2026: systemet tas i drift (\u00e4nnu inte obligatoriskt)<\/li>\n\n\n\n<li>2027: Auktorisation blir obligatorisk f\u00f6r de flesta resen\u00e4rer<\/li>\n\n\n\n<li>\u00d6verg\u00e5ngsperiod: flexibilitet f\u00f6r tidiga resen\u00e4rer under de f\u00f6rsta m\u00e5naderna<\/li>\n<\/ul>\n\n<p>F\u00f6rseningen beror till stor del p\u00e5 inf\u00f6randet av Entry\/Exit System (EES), ett biometriskt gr\u00e4nskontrollsystem som m\u00e5ste vara i drift innan ETIAS kan fungera effektivt.<\/p>\n\n<h2 class=\"wp-block-heading\">Hur ETIAS fungerar<\/h2>\n\n<p>N\u00e4r ETIAS \u00e4r p\u00e5 plats kommer det att kr\u00e4vas f\u00f6r kortare vistelser (upp till 90 dagar inom en 180-dagarsperiod) i Schengenomr\u00e5det.<\/p>\n\n<p>Viktiga egenskaper:<\/p>\n\n<ul class=\"wp-block-list\">\n<li>Onlineans\u00f6kan ifylld f\u00f6re avresa<\/li>\n\n\n\n<li>Liten avgift (f\u00f6rv\u00e4ntas bli cirka 20 euro, med f\u00f6rbeh\u00e5ll f\u00f6r uppdateringar)<\/li>\n\n\n\n<li>Snabb handl\u00e4ggning (ofta inom n\u00e5gra minuter, ibland inom n\u00e5gra dagar)<\/li>\n\n\n\n<li>Giltig i 3 \u00e5r eller tills passet l\u00f6per ut<\/li>\n\n\n\n<li>Till\u00e5ter flera inresor till Europa<\/li>\n<\/ul>\n\n<p>Det \u00e4r viktigt att notera att ETIAS-godk\u00e4nnande inte garanterar inresa &#8211; gr\u00e4nsmyndigheterna fattar fortfarande det slutliga beslutet vid ankomsten.<\/p>\n\n<h2 class=\"wp-block-heading\">S\u00e4rskilt fokus: Resen\u00e4rer fr\u00e5n Fiji<\/h2>\n\n<p>Medborgare i Fiji \u00e5tnjuter f\u00f6r n\u00e4rvarande viseringsfri tillg\u00e5ng till Schengenomr\u00e5det f\u00f6r kortare vistelser. I och med inf\u00f6randet av Etias kvarst\u00e5r detta privilegium, men med ett extra steg. <\/p>\n\n<h3 class=\"wp-block-heading\">Vilka f\u00f6r\u00e4ndringar f\u00f6r Fiji-resen\u00e4rer<\/h3>\n\n<p>Fr\u00e5n och med 2027 kommer resen\u00e4rer fr\u00e5n Fiji att beh\u00f6va:<\/p>\n\n<ul class=\"wp-block-list\">\n<li>Ans\u00f6k om ETIAS innan du reser till Europa<\/li>\n\n\n\n<li>Fyll i ett enkelt onlineformul\u00e4r (inget bes\u00f6k p\u00e5 <a href=\"https:\/\/www.fijiembassy.org\/\" data-type=\"page\" data-id=\"581\">Fijis ambassad<\/a> kr\u00e4vs)<\/li>\n\n\n\n<li>F\u00e5 godk\u00e4nnande innan de g\u00e5r ombord p\u00e5 sitt flyg<\/li>\n<\/ul>\n\n<h3 class=\"wp-block-heading\">Krav och \u00f6verv\u00e4ganden<\/h3>\n\n<p>Fijianska s\u00f6kande kommer vanligtvis att beh\u00f6va tillhandah\u00e5lla:<\/p>\n\n<ul class=\"wp-block-list\">\n<li>Person- och passinformation<\/li>\n\n\n\n<li>Reseinformation<\/li>\n\n\n\n<li>Svar p\u00e5 s\u00e4kerhets- och h\u00e4lsorelaterade fr\u00e5gor<\/li>\n<\/ul>\n\n<p>Deras ans\u00f6kan kommer sedan automatiskt att kontrolleras mot europeiska och internationella databaser.<\/p>\n\n<h3 class=\"wp-block-heading\">I h\u00e4ndelse av v\u00e4gran<\/h3>\n\n<p>Om en ETIAS-ans\u00f6kan avsl\u00e5s:<\/p>\n\n<ul class=\"wp-block-list\">\n<li>Resen\u00e4ren kommer att f\u00e5 en anledning till v\u00e4gran<\/li>\n\n\n\n<li>De kan ha m\u00f6jlighet att \u00f6verklaga eller ans\u00f6ka om visum<\/li>\n<\/ul>\n\n<h2 class=\"wp-block-heading\">Varf\u00f6r ETIAS \u00e4r viktigt f\u00f6r framtida resor<\/h2>\n\n<p>ETIAS inneb\u00e4r en f\u00f6r\u00e4ndring av hur Europa hanterar sina gr\u00e4nser. \u00c4ven resen\u00e4rer som \u00e4r undantagna fr\u00e5n viseringskravet &#8211; inklusive de fr\u00e5n Fiji &#8211; m\u00e5ste nu <strong>planera f\u00f6re<\/strong> avresan. <\/p>\n\n<p>Systemet syftar till att:<\/p>\n\n<ul class=\"wp-block-list\">\n<li>St\u00e4rka <strong>s\u00e4kerheten i hela Europa<\/strong><\/li>\n\n\n\n<li>F\u00f6rb\u00e4ttra <strong>effektiviteten i gr\u00e4nsf\u00f6rvaltningen<\/strong><\/li>\n\n\n\n<li>Uppr\u00e4tth\u00e5lla <strong>s\u00e4kra och smidiga resor<\/strong><\/li>\n<\/ul>\n\n<h2 class=\"wp-block-heading\">Viktiga slutsatser<\/h2>\n\n<ul class=\"wp-block-list\">\n<li>ETIAS \u00e4r Europas motsvarighet till ESTA-systemet<\/li>\n\n\n\n<li>Det f\u00f6rv\u00e4ntas bli obligatoriskt <strong>2027<\/strong><\/li>\n\n\n\n<li>Det g\u00e4ller resen\u00e4rer som \u00e4r undantagna fr\u00e5n viseringskravet, inklusive resen\u00e4rer fr\u00e5n Fiji<\/li>\n\n\n\n<li>Processen \u00e4r <strong>enkel, digital och g\u00e4ller f\u00f6r flera resor<\/strong><\/li>\n<\/ul>\n\n<p>F\u00f6r Fiji-resen\u00e4rer som dr\u00f6mmer om att bes\u00f6ka Europa kommer Etias att vara ett litet men viktigt steg i f\u00f6rberedelserna inf\u00f6r resan.<\/p>\n","protected":false},"excerpt":{"rendered":"<p>European Travel Information and Authorisation System (ETIAS) \u00e4r direkt inspirerat av det amerikanska Electronic System for Travel Authorization (ESTA). Precis som sin amerikanska motsvarighet \u00e4r ETIAS inte ett visum, utan ett tillst\u00e5nd f\u00f6re resan som kr\u00e4vs f\u00f6r visumfria bes\u00f6kare som reser in i Europa. Huvudsyftet \u00e4r att f\u00f6rb\u00e4ttra gr\u00e4nss\u00e4kerheten genom att screena resen\u00e4rer innan de [&hellip;]<\/p>\n","protected":false},"author":1,"featured_media":0,"parent":0,"menu_order":0,"comment_status":"closed","ping_status":"closed","template":"","meta":{"footnotes":""},"class_list":["post-701","page","type-page","status-publish","hentry"],"_links":{"self":[{"href":"https:\/\/www.fijiembassy.org\/sv\/wp-json\/wp\/v2\/pages\/701","targetHints":{"allow":["GET"]}}],"collection":[{"href":"https:\/\/www.fijiembassy.org\/sv\/wp-json\/wp\/v2\/pages"}],"about":[{"href":"https:\/\/www.fijiembassy.org\/sv\/wp-json\/wp\/v2\/types\/page"}],"author":[{"embeddable":true,"href":"https:\/\/www.fijiembassy.org\/sv\/wp-json\/wp\/v2\/users\/1"}],"replies":[{"embeddable":true,"href":"https:\/\/www.fijiembassy.org\/sv\/wp-json\/wp\/v2\/comments?post=701"}],"version-history":[{"count":6,"href":"https:\/\/www.fijiembassy.org\/sv\/wp-json\/wp\/v2\/pages\/701\/revisions"}],"predecessor-version":[{"id":761,"href":"https:\/\/www.fijiembassy.org\/sv\/wp-json\/wp\/v2\/pages\/701\/revisions\/761"}],"wp:attachment":[{"href":"https:\/\/www.fijiembassy.org\/sv\/wp-json\/wp\/v2\/media?parent=701"}],"curies":[{"name":"wp","href":"https:\/\/api.w.org\/{rel}","templated":true}]}}