{"id":589,"date":"2025-05-26T14:12:43","date_gmt":"2025-05-26T12:12:43","guid":{"rendered":"https:\/\/www.fijiembassy.org\/konsulara-tjanster\/"},"modified":"2025-05-26T14:29:02","modified_gmt":"2025-05-26T12:29:02","slug":"konsulara-tjanster","status":"publish","type":"page","link":"https:\/\/www.fijiembassy.org\/sv\/konsulara-tjanster\/","title":{"rendered":"Konsul\u00e4ra tj\u00e4nster vid USA:s ambassad i Fiji"},"content":{"rendered":"\n<p>USA:s ambassad i Suva erbjuder olika konsul\u00e4ra tj\u00e4nster f\u00f6r amerikanska medborgare och lokalinv\u00e5nare.<\/p>\n\n<h2 class=\"wp-block-heading\">Tj\u00e4nster f\u00f6r amerikanska medborgare<\/h2>\n\n<h3 class=\"wp-block-heading\">F\u00f6rnyelse av pass<\/h3>\n\n<p>Du kan f\u00f6rnya ditt amerikanska pass p\u00e5 ambassaden. Boka en tid online och ta med dig de dokument som kr\u00e4vs.   <\/p>\n\n<h3 class=\"wp-block-heading\">Hj\u00e4lp vid n\u00f6dsituationer<\/h3>\n\n<p>Ambassaden kan hj\u00e4lpa till i fall av:<\/p>\n\n<ul class=\"wp-block-list\">\n<li>Borttappat eller stulet pass<\/li>\n\n\n\n<li>Anh\u00e5llande eller h\u00e4ktning<\/li>\n\n\n\n<li>Medicinska n\u00f6dsituationer<\/li>\n\n\n\n<li>En amerikansk medborgares d\u00f6d<\/li>\n\n\n\n<li>Naturkatastrofer<\/li>\n<\/ul>\n\n<h3 class=\"wp-block-heading\">Konsul\u00e4r rapport om f\u00f6delse utomlands (CRBA)<\/h3>\n\n<p>Om ditt barn \u00e4r f\u00f6tt i Fiji kan du ans\u00f6ka om ett amerikanskt f\u00f6delsebevis och pass.<\/p>\n\n<h3 class=\"wp-block-heading\">Notariella tj\u00e4nster<\/h3>\n\n<p>Ambassaden kan bestyrka vissa dokument f\u00f6r officiellt eller juridiskt bruk. Tidsbest\u00e4llning kr\u00e4vs. <\/p>\n\n<h3 class=\"wp-block-heading\">Ans\u00f6kan om visum<\/h3>\n\n<p><a href=\"https:\/\/www.fijiembassy.org\/sv\/\" data-type=\"page\" data-id=\"18\">Den amerikanska ambassaden i Fiji<\/a> erbjuder en rad olika visum f\u00f6r icke-immigranter och immigranter till beh\u00f6riga s\u00f6kande. Oavsett om du bes\u00f6ker f\u00f6r turism, aff\u00e4rer, studier eller familj, ger ambassaden tydliga riktlinjer f\u00f6r att s\u00e4kerst\u00e4lla att din ans\u00f6kan behandlas effektivt. <a href=\"https:\/\/www.fijiembassy.org\/sv\/ansokan-om-amerikanskt-visum-vid-amerikanska-ambassaden-i-fiji\/\" data-type=\"page\" data-id=\"522\">Att ans\u00f6ka om ett amerikanskt turistvisum<\/a> lokalt i Fiji kan f\u00f6renkla processen om du redan \u00e4r bosatt d\u00e4r eller \u00e4r Fiji-medborgare. <\/p>\n\n<h2 class=\"wp-block-heading\">Hj\u00e4lp i krissituationer<\/h2>\n\n<p>I h\u00e4ndelse av en kris (cyklon, oroligheter etc.) kan den amerikanska ambassaden:<\/p>\n\n<ul class=\"wp-block-list\">\n<li>Skicka varningar till amerikanska medborgare<\/li>\n\n\n\n<li>Hj\u00e4lp med evakuering om det beh\u00f6vs<\/li>\n\n\n\n<li>Dela med dig av s\u00e4kerhets- och reseinstruktioner<\/li>\n<\/ul>\n\n<h2 class=\"wp-block-heading\">STEP inskrivning<\/h2>\n\n<p>Amerikanska medborgare som bor eller reser i Fiji b\u00f6r registrera sig i <a href=\"https:\/\/mytravel.state.gov\/s\/step\">STEP (Smart Traveler Enrollment Program).<\/a> Detta hj\u00e4lper ambassaden att n\u00e5 dig i n\u00f6dsituationer. <\/p>\n\n<h2 class=\"wp-block-heading\">Kontakt f\u00f6r konsul\u00e4rt bist\u00e5nd<\/h2>\n\n<ul class=\"wp-block-list\">\n<li>\ud83d\udce7 E-post: <a>SuvaACS@state.gov<\/a><\/li>\n\n\n\n<li>\u260e\ufe0f Telefon: (+679) 331-4466<\/li>\n\n\n\n<li>\ud83c\udf10 Webbplats: <a>fj.usembassy.gov<\/a><\/li>\n<\/ul>\n","protected":false},"excerpt":{"rendered":"<p>USA:s ambassad i Suva erbjuder olika konsul\u00e4ra tj\u00e4nster f\u00f6r amerikanska medborgare och lokalinv\u00e5nare. Tj\u00e4nster f\u00f6r amerikanska medborgare F\u00f6rnyelse av pass Du kan f\u00f6rnya ditt amerikanska pass p\u00e5 ambassaden. Boka en tid online och ta med dig de dokument som kr\u00e4vs. Hj\u00e4lp vid n\u00f6dsituationer Ambassaden kan hj\u00e4lpa till i fall av: Konsul\u00e4r rapport om f\u00f6delse utomlands [&hellip;]<\/p>\n","protected":false},"author":1,"featured_media":0,"parent":0,"menu_order":0,"comment_status":"closed","ping_status":"closed","template":"","meta":{"footnotes":""},"class_list":["post-589","page","type-page","status-publish","hentry"],"_links":{"self":[{"href":"https:\/\/www.fijiembassy.org\/sv\/wp-json\/wp\/v2\/pages\/589","targetHints":{"allow":["GET"]}}],"collection":[{"href":"https:\/\/www.fijiembassy.org\/sv\/wp-json\/wp\/v2\/pages"}],"about":[{"href":"https:\/\/www.fijiembassy.org\/sv\/wp-json\/wp\/v2\/types\/page"}],"author":[{"embeddable":true,"href":"https:\/\/www.fijiembassy.org\/sv\/wp-json\/wp\/v2\/users\/1"}],"replies":[{"embeddable":true,"href":"https:\/\/www.fijiembassy.org\/sv\/wp-json\/wp\/v2\/comments?post=589"}],"version-history":[{"count":4,"href":"https:\/\/www.fijiembassy.org\/sv\/wp-json\/wp\/v2\/pages\/589\/revisions"}],"predecessor-version":[{"id":651,"href":"https:\/\/www.fijiembassy.org\/sv\/wp-json\/wp\/v2\/pages\/589\/revisions\/651"}],"wp:attachment":[{"href":"https:\/\/www.fijiembassy.org\/sv\/wp-json\/wp\/v2\/media?parent=589"}],"curies":[{"name":"wp","href":"https:\/\/api.w.org\/{rel}","templated":true}]}}