{"id":84,"date":"2022-03-27T22:25:30","date_gmt":"2022-03-27T20:25:30","guid":{"rendered":"https:\/\/www.fijiembassy.org\/embaixada-dos-eua\/"},"modified":"2025-05-26T14:24:43","modified_gmt":"2025-05-26T12:24:43","slug":"embaixada-dos-eua","status":"publish","type":"page","link":"https:\/\/www.fijiembassy.org\/pt-pt\/","title":{"rendered":"Embaixada dos EUA"},"content":{"rendered":"\t\t<div data-elementor-type=\"wp-page\" data-elementor-id=\"84\" class=\"elementor elementor-84 elementor-18\" data-elementor-post-type=\"page\">\n\t\t\t\t\t\t<section class=\"elementor-section elementor-top-section elementor-element elementor-element-02333ce elementor-section-boxed elementor-section-height-default elementor-section-height-default\" data-id=\"02333ce\" data-element_type=\"section\" data-e-type=\"section\">\n\t\t\t\t\t\t<div class=\"elementor-container elementor-column-gap-default\">\n\t\t\t\t\t<div class=\"elementor-column elementor-col-100 elementor-top-column elementor-element elementor-element-06b7a35\" data-id=\"06b7a35\" data-element_type=\"column\" data-e-type=\"column\">\n\t\t\t<div class=\"elementor-widget-wrap elementor-element-populated\">\n\t\t\t\t\t\t<div class=\"elementor-element elementor-element-54dad0a elementor-widget elementor-widget-spacer\" data-id=\"54dad0a\" data-element_type=\"widget\" data-e-type=\"widget\" data-widget_type=\"spacer.default\">\n\t\t\t\t<div class=\"elementor-widget-container\">\n\t\t\t\t\t\t\t<div class=\"elementor-spacer\">\n\t\t\t<div class=\"elementor-spacer-inner\"><\/div>\n\t\t<\/div>\n\t\t\t\t\t\t<\/div>\n\t\t\t\t<\/div>\n\t\t\t\t\t<\/div>\n\t\t<\/div>\n\t\t\t\t\t<\/div>\n\t\t<\/section>\n\t\t\t\t<section class=\"elementor-section elementor-top-section elementor-element elementor-element-1906cf60 elementor-section-boxed elementor-section-height-default elementor-section-height-default\" data-id=\"1906cf60\" data-element_type=\"section\" data-e-type=\"section\">\n\t\t\t\t\t\t<div class=\"elementor-container elementor-column-gap-default\">\n\t\t\t\t\t<div class=\"elementor-column elementor-col-100 elementor-top-column elementor-element elementor-element-78b2a400\" data-id=\"78b2a400\" data-element_type=\"column\" data-e-type=\"column\">\n\t\t\t<div class=\"elementor-widget-wrap elementor-element-populated\">\n\t\t\t\t\t\t<div class=\"elementor-element elementor-element-4c9630fe elementor-widget elementor-widget-heading\" data-id=\"4c9630fe\" data-element_type=\"widget\" data-e-type=\"widget\" data-widget_type=\"heading.default\">\n\t\t\t\t<div class=\"elementor-widget-container\">\n\t\t\t\t\t<h1 class=\"elementor-heading-title elementor-size-default\">Viagem aos Estados Unidos da Am\u00e9rica<\/h1>\t\t\t\t<\/div>\n\t\t\t\t<\/div>\n\t\t\t\t\t<\/div>\n\t\t<\/div>\n\t\t\t\t\t<\/div>\n\t\t<\/section>\n\t\t\t\t<section class=\"elementor-section elementor-top-section elementor-element elementor-element-38a765a4 elementor-section-boxed elementor-section-height-default elementor-section-height-default\" data-id=\"38a765a4\" data-element_type=\"section\" data-e-type=\"section\">\n\t\t\t\t\t\t<div class=\"elementor-container elementor-column-gap-default\">\n\t\t\t\t\t<div class=\"elementor-column elementor-col-100 elementor-top-column elementor-element elementor-element-44e0f745\" data-id=\"44e0f745\" data-element_type=\"column\" data-e-type=\"column\">\n\t\t\t<div class=\"elementor-widget-wrap elementor-element-populated\">\n\t\t\t\t\t\t<div class=\"elementor-element elementor-element-45868624 elementor-widget elementor-widget-text-editor\" data-id=\"45868624\" data-element_type=\"widget\" data-e-type=\"widget\" data-widget_type=\"text-editor.default\">\n\t\t\t\t<div class=\"elementor-widget-container\">\n\t\t\t\t\t\t\t\t\t<p>Todos os viajantes para os Estados Unidos da Am\u00e9rica t\u00eam que verificar antes para viajar os \u00faltimos requisitos. A Embaixada das Fiji pode ter sido contactada para obter informa\u00e7\u00f5es atualizadas sobre a situa\u00e7\u00e3o. Os regulamentos relativos aos viajantes estrangeiros para os EUA est\u00e3o frequentemente a mudar num curto espa\u00e7o de tempo.<\/p>\t\t\t\t\t\t\t\t<\/div>\n\t\t\t\t<\/div>\n\t\t\t\t\t<\/div>\n\t\t<\/div>\n\t\t\t\t\t<\/div>\n\t\t<\/section>\n\t\t\t\t<section class=\"elementor-section elementor-top-section elementor-element elementor-element-692b51d7 elementor-section-boxed elementor-section-height-default elementor-section-height-default\" data-id=\"692b51d7\" data-element_type=\"section\" data-e-type=\"section\">\n\t\t\t\t\t\t<div class=\"elementor-container elementor-column-gap-default\">\n\t\t\t\t\t<div class=\"elementor-column elementor-col-50 elementor-top-column elementor-element elementor-element-c57006a\" data-id=\"c57006a\" data-element_type=\"column\" data-e-type=\"column\">\n\t\t\t<div class=\"elementor-widget-wrap elementor-element-populated\">\n\t\t\t\t\t\t<div class=\"elementor-element elementor-element-51b0a81f elementor-widget elementor-widget-text-editor\" data-id=\"51b0a81f\" data-element_type=\"widget\" data-e-type=\"widget\" data-widget_type=\"text-editor.default\">\n\t\t\t\t<div class=\"elementor-widget-container\">\n\t\t\t\t\t\t\t\t\t<h2>Embaixada dos Estados Unidos<\/h2><p>A miss\u00e3o da <a href=\"https:\/\/fj.usembassy.gov\/\">Embaixada dos E.U.A.<\/a> \u00e9 desenvolver as rela\u00e7\u00f5es entre os Estados Unidos e as Fiji. Trabalham ativamente para promover a coopera\u00e7\u00e3o em diferentes fins internacionais, potenciando os EUA.<\/p><p>Embaixada dos E.U.A. presente na Ilha Fiji para objetivos de economia.<\/p><p>Mais informa\u00e7\u00f5es sobre os <a href=\"https:\/\/www.fijiembassy.org\/pt-pt\/servicos-consulares\/\">servi\u00e7os consulares da Embaixada dos EUA em Suva<\/a>.<\/p>\t\t\t\t\t\t\t\t<\/div>\n\t\t\t\t<\/div>\n\t\t\t\t\t<\/div>\n\t\t<\/div>\n\t\t\t\t<div class=\"elementor-column elementor-col-50 elementor-top-column elementor-element elementor-element-7a36c37e\" data-id=\"7a36c37e\" data-element_type=\"column\" data-e-type=\"column\">\n\t\t\t<div class=\"elementor-widget-wrap elementor-element-populated\">\n\t\t\t\t\t\t<div class=\"elementor-element elementor-element-26cf03a4 elementor-widget elementor-widget-text-editor\" data-id=\"26cf03a4\" data-element_type=\"widget\" data-e-type=\"widget\" data-widget_type=\"text-editor.default\">\n\t\t\t\t<div class=\"elementor-widget-container\">\n\t\t\t\t\t\t\t\t\t<h2>Embaixada dos EUA nas Fiji<\/h2><p><a href=\"https:\/\/fj.usembassy.gov\/embassy\/suva\/\">Embaixada dos EUA em Suva<\/a><br>158 Princes Road, Tamavua, Suva, Fiji.<\/p><p>Telefone: 679 331-4466<\/p><div class=\"pg-split\" style=\"margin: 0px 30px 30px 0px; padding: 0px; border: 0px; font-variant-numeric: inherit; font-variant-east-asian: inherit; font-stretch: inherit; line-height: inherit; font-family: Roboto, Arial, sans-serif; vertical-align: baseline; width: 374.99px; float: left; color: #333333;\"><div class=\"map-container\" style=\"margin: 0px; padding: 30px 0px 210.927px; border: 0px; font: inherit; vertical-align: baseline; position: relative; height: 0px; overflow: hidden;\"><iframe class=\"iframemapborder\" style=\"padding: 0px; font: inherit; vertical-align: baseline; width: 374.99px; position: absolute; top: 0px; left: 0px; height: 240.927px; border-width: 8px !important; border-style: solid !important; border-color: #e2e2e2 !important;\" src=\"https:\/\/www.google.com\/maps\/embed?pb=!1m18!1m12!1m3!1d3792.018458672593!2d178.43729101474153!3d-18.116938789168167!2m3!1f0!2f0!3f0!3m2!1i1024!2i768!4f13.1!3m3!1m2!1s0x6e1bde8a6dcf2811%3A0x433486fb291c2678!2sUS+Embassy+Suva!5e0!3m2!1sen!2sus!4v1469485653235\" width=\"600\" height=\"450\" frameborder=\"0\" allowfullscreen=\"allowfullscreen\" data-gtm-yt-inspected-1_19=\"true\" data-gtm-yt-inspected-1491731_107=\"true\"><\/iframe><\/div><\/div>\t\t\t\t\t\t\t\t<\/div>\n\t\t\t\t<\/div>\n\t\t\t\t\t<\/div>\n\t\t<\/div>\n\t\t\t\t\t<\/div>\n\t\t<\/section>\n\t\t\t\t<section class=\"elementor-section elementor-top-section elementor-element elementor-element-4bc23eb elementor-section-boxed elementor-section-height-default elementor-section-height-default\" data-id=\"4bc23eb\" data-element_type=\"section\" data-e-type=\"section\">\n\t\t\t\t\t\t<div class=\"elementor-container elementor-column-gap-default\">\n\t\t\t\t\t<div class=\"elementor-column elementor-col-100 elementor-top-column elementor-element elementor-element-9e403f7\" data-id=\"9e403f7\" data-element_type=\"column\" data-e-type=\"column\">\n\t\t\t<div class=\"elementor-widget-wrap elementor-element-populated\">\n\t\t\t\t\t\t<div class=\"elementor-element elementor-element-c7e6442 elementor-widget elementor-widget-heading\" data-id=\"c7e6442\" data-element_type=\"widget\" data-e-type=\"widget\" data-widget_type=\"heading.default\">\n\t\t\t\t<div class=\"elementor-widget-container\">\n\t\t\t\t\t<h2 class=\"elementor-heading-title elementor-size-default\">Qual \u00e9 a diferen\u00e7a entre um visto e um ESTA<\/h2>\t\t\t\t<\/div>\n\t\t\t\t<\/div>\n\t\t\t\t\t<\/div>\n\t\t<\/div>\n\t\t\t\t\t<\/div>\n\t\t<\/section>\n\t\t\t\t<section class=\"elementor-section elementor-top-section elementor-element elementor-element-e41aacc elementor-section-boxed elementor-section-height-default elementor-section-height-default\" data-id=\"e41aacc\" data-element_type=\"section\" data-e-type=\"section\">\n\t\t\t\t\t\t<div class=\"elementor-container elementor-column-gap-default\">\n\t\t\t\t\t<div class=\"elementor-column elementor-col-100 elementor-top-column elementor-element elementor-element-e7cf01a\" data-id=\"e7cf01a\" data-element_type=\"column\" data-e-type=\"column\">\n\t\t\t<div class=\"elementor-widget-wrap elementor-element-populated\">\n\t\t\t\t\t\t<div class=\"elementor-element elementor-element-5443e8a elementor-widget elementor-widget-text-editor\" data-id=\"5443e8a\" data-element_type=\"widget\" data-e-type=\"widget\" data-widget_type=\"text-editor.default\">\n\t\t\t\t<div class=\"elementor-widget-container\">\n\t\t\t\t\t\t\t\t\t<p>Deve ficar muito em breve nos E.U.A. Um pedido de autoriza\u00e7\u00e3o para entrar no territ\u00f3rio americano \u00e9 uma formalidade obrigat\u00f3ria. Dependendo da sua situa\u00e7\u00e3o, v\u00e1rias solu\u00e7\u00f5es est\u00e3o dispon\u00edveis para si:<\/p><ol><li>O cart\u00e3o de residente permanente mais conhecido como Green Card \u00e9 uma das autoriza\u00e7\u00f5es de resid\u00eancia mais dif\u00edceis de obter, uma vez que diz apenas respeito \u00e0s pessoas que planeiam permanecer permanentemente nos Estados Unidos. As raz\u00f5es para se candidatarem a um green card em vez de qualquer outra coisa s\u00e3o principalmente quando as pessoas se conformam por raz\u00f5es profissionais ou familiares nos Estados Unidos. Na verdade, isto requer uma autoriza\u00e7\u00e3o de viagem superior a 90 dias. H\u00e1 uma exce\u00e7\u00e3o para o pedido de green card para requerentes de asilo. Com efeito, podem, em certos casos, recorrer a isso.<\/li><li>O visto de turista americano diz respeito \u00e0s pessoas que pretendem permanecer nos Estados Unidos por um per\u00edodo superior a 90 dias. Ao contr\u00e1rio de um pedido esta, o processo \u00e9 mais longo e complicado. Exige que o viajante se candidate em linha no s\u00edtio Web <a href=\"https:\/\/travel.state.gov\/content\/travel\/en\/us-visas\/tourism-visit\/visitor.html\">travel.state.gov<\/a>. Em seguida, ter\u00e1 de marcar uma entrevista na Embaixada dos EUA para finalizar o seu pedido. Tendo em conta os factos necess\u00e1rios para um pedido de visto, os emolumentos cobrados s\u00e3o em m\u00e9dia 185 d\u00f3lares. Este montante \u00e9 solicitado independentemente do VISA, que \u00e9 significativamente superior a um pedido esta. Mas, mais uma vez, cada pedido depender\u00e1 do perfil, da situa\u00e7\u00e3o e das raz\u00f5es que obrigam o viajante a ir para os Estados Unidos.<\/li><li>O pedido da ESTA diz respeito a estadias profissionais ou tur\u00edsticas de curta dura\u00e7\u00e3o (m\u00e1ximo de 90 dias consecutivos durante o per\u00edodo de validade da ESTA). Ao contr\u00e1rio do pedido de visto ou green card, a aplica\u00e7\u00e3o ESTA beneficia de um processo online simplificado. Tudo o que tem que fazer \u00e9 preencher um formul\u00e1rio e responder \u00e0s perguntas que lhe s\u00e3o feitas sinceramente. Estas quest\u00f5es dizem respeito ao estatuto civil do viajante, ao seu historial jur\u00eddico e m\u00e9dico. Uma vez preenchido o pedido ESTA, este deve ser validado pelos servi\u00e7os de seguran\u00e7a interna americanos. \u00c9 aconselh\u00e1vel efetuar o seu pedido no m\u00e1ximo 72 horas antes da partida. Na maioria dos casos, a resposta chega durante o dia.<\/li><\/ol><h2>Como obter um visto para os EUA<\/h2><p>Mesmo tendo respondido sinceramente e sem erro ao seu pedido esta pode ser recusado. Pode tentar obter um visto. Para obter um visto, deves dirigir-te a uma embaixada americana. <a href=\"https:\/\/www.fijiembassy.org\/pt-pt\/pedido-de-visto-americano-na-embaixada-americana-nas-fiji\/\">Existe um procedimento comum para os pedidos de visto<\/a>. Consiste no preenchimento de um dossier e numa entrevista para obten\u00e7\u00e3o de um visto na embaixada dos EUA. Entrevista durante a qual ter\u00e1 de expressar as raz\u00f5es que o obrigam a pedir um visto.<\/p><p>Perguntas para as quais lhe ser\u00e3o feitas respostas claras e precisas:<\/p><ul><li>A raz\u00e3o da sua viagem aos Estados Unidos;<\/li><li>O seu historial m\u00e9dico e o seu estado de sa\u00fade atual;<\/li><li>A sua ficha criminal.<\/li><\/ul><p>A entrevista na embaixada \u00e9 muito importante, uma vez que \u00e9 uma condi\u00e7\u00e3o essencial para a obten\u00e7\u00e3o de um visto. O governo dos EUA leva esta entrevista muito a s\u00e9rio.<\/p><p>Aqui ficam algumas dicas para colocar as probabilidades a seu favor:<\/p><ul><li>Deve apresentar-se a todos os documentos que lhe ser\u00e3o exigidos, como o seu passaporte;<\/li><li>O seu vestido tamb\u00e9m funcionar\u00e1 a seu favor ou n\u00e3o, a primeira impress\u00e3o \u00e9 muito importante;<\/li><li>Ter\u00e1 de contar um adiantamento de cerca de 30 minutos para evitar chegar atrasado e ter a sua nomea\u00e7\u00e3o cancelada;<\/li><li>Forne\u00e7a-se com meios de pagamento para poder pagar os custos relativos ao pedido de visto. O pre\u00e7o depender\u00e1 do tipo de visto solicitado.<\/li><\/ul><p>Apesar de toda a sua boa f\u00e9 e vontade, o seu pedido de visto pode ser rejeitado. Todos os anos h\u00e1 uma lotaria que lhe permite ganhar um green card, ou seja, uma autoriza\u00e7\u00e3o de resid\u00eancia permanente.<\/p><p>\u00c9 muito dif\u00edcil obt\u00ea-lo atrav\u00e9s da lotaria da Carta Verde, embora tenham sido atribu\u00eddas cerca de 50 000 cartas verdes por ano. Na verdade, o n\u00famero de pretendentes continua a ser muito elevado.<\/p>\t\t\t\t\t\t\t\t<\/div>\n\t\t\t\t<\/div>\n\t\t\t\t\t<\/div>\n\t\t<\/div>\n\t\t\t\t\t<\/div>\n\t\t<\/section>\n\t\t\t\t<\/div>\n\t\t","protected":false},"excerpt":{"rendered":"<p>Viagem aos Estados Unidos da Am\u00e9rica Todos os viajantes para os Estados Unidos da Am\u00e9rica t\u00eam que verificar antes para viajar os \u00faltimos requisitos. A Embaixada das Fiji pode ter sido contactada para obter informa\u00e7\u00f5es atualizadas sobre a situa\u00e7\u00e3o. Os regulamentos relativos aos viajantes estrangeiros para os EUA est\u00e3o frequentemente a mudar num curto espa\u00e7o [&hellip;]<\/p>\n","protected":false},"author":1,"featured_media":0,"parent":0,"menu_order":0,"comment_status":"closed","ping_status":"closed","template":"","meta":{"footnotes":""},"class_list":["post-84","page","type-page","status-publish","hentry"],"_links":{"self":[{"href":"https:\/\/www.fijiembassy.org\/pt-pt\/wp-json\/wp\/v2\/pages\/84","targetHints":{"allow":["GET"]}}],"collection":[{"href":"https:\/\/www.fijiembassy.org\/pt-pt\/wp-json\/wp\/v2\/pages"}],"about":[{"href":"https:\/\/www.fijiembassy.org\/pt-pt\/wp-json\/wp\/v2\/types\/page"}],"author":[{"embeddable":true,"href":"https:\/\/www.fijiembassy.org\/pt-pt\/wp-json\/wp\/v2\/users\/1"}],"replies":[{"embeddable":true,"href":"https:\/\/www.fijiembassy.org\/pt-pt\/wp-json\/wp\/v2\/comments?post=84"}],"version-history":[{"count":25,"href":"https:\/\/www.fijiembassy.org\/pt-pt\/wp-json\/wp\/v2\/pages\/84\/revisions"}],"predecessor-version":[{"id":645,"href":"https:\/\/www.fijiembassy.org\/pt-pt\/wp-json\/wp\/v2\/pages\/84\/revisions\/645"}],"wp:attachment":[{"href":"https:\/\/www.fijiembassy.org\/pt-pt\/wp-json\/wp\/v2\/media?parent=84"}],"curies":[{"name":"wp","href":"https:\/\/api.w.org\/{rel}","templated":true}]}}