{"id":698,"date":"2026-04-07T14:36:51","date_gmt":"2026-04-07T12:36:51","guid":{"rendered":"https:\/\/www.fijiembassy.org\/etias\/"},"modified":"2026-04-07T14:55:22","modified_gmt":"2026-04-07T12:55:22","slug":"etias","status":"publish","type":"page","link":"https:\/\/www.fijiembassy.org\/pt-pt\/etias\/","title":{"rendered":"ETIAS 2027: O que os viajantes das Fiji precisam de saber"},"content":{"rendered":"\n<p>O Sistema Europeu de Informa\u00e7\u00e3o e Autoriza\u00e7\u00e3o de Viagem (ETIAS) inspira-se diretamente no <strong>Sistema Eletr\u00f3nico de Autoriza\u00e7\u00e3o de Viagem (ESTA)<\/strong> dos EUA. Tal como o seu hom\u00f3logo americano, o ETIAS n\u00e3o \u00e9 um visto, mas uma autoriza\u00e7\u00e3o pr\u00e9via de viagem exigida aos visitantes isentos de visto que entram na Europa. <\/p>\n\n<p>O seu principal objetivo \u00e9 refor\u00e7ar a seguran\u00e7a nas fronteiras atrav\u00e9s do rastreio dos viajantes antes de chegarem ao <a href=\"https:\/\/www.consilium.europa.eu\/en\/policies\/schengen-area\/\">Espa\u00e7o Schengen<\/a>. Ao cruzar os dados dos requerentes com as bases de dados de seguran\u00e7a internacionais, as autoridades europeias pretendem detetar precocemente os potenciais riscos, mantendo ao mesmo tempo um fluxo de viagens regular. <\/p>\n\n<h2 class=\"wp-block-heading\">Lan\u00e7amento previsto para 2027<\/h2>\n\n<p>Ap\u00f3s v\u00e1rios atrasos, prev\u00ea-se que <a href=\"https:\/\/etias-eu.net\/en\/\">o ETIAS<\/a> esteja agora totalmente operacional em 2027, ap\u00f3s uma implanta\u00e7\u00e3o faseada:<\/p>\n\n<ul class=\"wp-block-list\">\n<li>Final de 2026: o sistema entra em funcionamento (ainda n\u00e3o \u00e9 obrigat\u00f3rio)<\/li>\n\n\n\n<li>2027: a autoriza\u00e7\u00e3o torna-se obrigat\u00f3ria para a maioria dos viajantes<\/li>\n\n\n\n<li>Per\u00edodo de transi\u00e7\u00e3o: flexibilidade para os primeiros viajantes durante os primeiros meses<\/li>\n<\/ul>\n\n<p>O atraso deve-se em grande parte \u00e0 implementa\u00e7\u00e3o do Sistema de Entrada\/Sa\u00edda (EES), um sistema biom\u00e9trico de controlo das fronteiras que deve estar operacional antes de o ETIAS poder funcionar eficazmente.<\/p>\n\n<h2 class=\"wp-block-heading\">Como funciona o ETIAS<\/h2>\n\n<p>Uma vez em vigor, o ETIAS ser\u00e1 exigido para estadias de curta dura\u00e7\u00e3o (at\u00e9 90 dias num per\u00edodo de 180 dias) no espa\u00e7o Schengen.<\/p>\n\n<p>Carater\u00edsticas principais:<\/p>\n\n<ul class=\"wp-block-list\">\n<li>Candidatura em linha preenchida antes da partida<\/li>\n\n\n\n<li>Taxa reduzida (cerca de 20 euros, sujeita a actualiza\u00e7\u00f5es)<\/li>\n\n\n\n<li>Processamento r\u00e1pido (frequentemente em minutos, por vezes em poucos dias)<\/li>\n\n\n\n<li>V\u00e1lido por 3 anos ou at\u00e9 \u00e0 expira\u00e7\u00e3o do passaporte<\/li>\n\n\n\n<li>Permite m\u00faltiplas entradas na Europa<\/li>\n<\/ul>\n\n<p>\u00c9 importante notar que a aprova\u00e7\u00e3o do ETIAS n\u00e3o garante a entrada no pa\u00eds. As autoridades fronteiri\u00e7as continuam a tomar a decis\u00e3o final \u00e0 chegada.<\/p>\n\n<h2 class=\"wp-block-heading\">Especial aten\u00e7\u00e3o: Viajantes das Fiji<\/h2>\n\n<p>Os cidad\u00e3os das Fiji beneficiam atualmente de acesso sem visto ao espa\u00e7o Schengen para estadias de curta dura\u00e7\u00e3o. Com a introdu\u00e7\u00e3o do ETIAS, este privil\u00e9gio mant\u00e9m-se, mas com um passo adicional. <\/p>\n\n<h3 class=\"wp-block-heading\">O que muda para quem viaja para as Fiji<\/h3>\n\n<p>A partir de 2027, os viajantes das Fiji ter\u00e3o de:<\/p>\n\n<ul class=\"wp-block-list\">\n<li>Candidata-te ao ETIAS antes de viajares para a Europa<\/li>\n\n\n\n<li>Preenche um formul\u00e1rio simples em linha (n\u00e3o \u00e9 necess\u00e1ria a visita <a href=\"https:\/\/www.fijiembassy.org\/\" data-type=\"page\" data-id=\"581\">\u00e0 embaixada das Fiji<\/a> )<\/li>\n\n\n\n<li>Recebe aprova\u00e7\u00e3o antes de embarcar no seu voo<\/li>\n<\/ul>\n\n<h3 class=\"wp-block-heading\">Requisitos e considera\u00e7\u00f5es<\/h3>\n\n<p>Os candidatos das Fiji ter\u00e3o normalmente de apresentar<\/p>\n\n<ul class=\"wp-block-list\">\n<li>Informa\u00e7\u00f5es pessoais e do passaporte<\/li>\n\n\n\n<li>Detalhes da viagem<\/li>\n\n\n\n<li>Respostas a perguntas relacionadas com a seguran\u00e7a e a sa\u00fade<\/li>\n<\/ul>\n\n<p>A tua candidatura ser\u00e1 ent\u00e3o automaticamente verificada nas bases de dados europeias e internacionais.<\/p>\n\n<h3 class=\"wp-block-heading\">Em caso de recusa<\/h3>\n\n<p>Se um pedido ETIAS for recusado:<\/p>\n\n<ul class=\"wp-block-list\">\n<li>O viajante receber\u00e1 um motivo de recusa<\/li>\n\n\n\n<li>Podes ter a op\u00e7\u00e3o de recorrer ou de pedir um visto<\/li>\n<\/ul>\n\n<h2 class=\"wp-block-heading\">Porque \u00e9 que o ETIAS \u00e9 importante para as viagens futuras<\/h2>\n\n<p>O ETIAS representa uma mudan\u00e7a na forma como a Europa gere as suas fronteiras. Mesmo os viajantes isentos de visto, incluindo os das Fiji, t\u00eam agora de <strong>planear com anteced\u00eancia a sua partida<\/strong>. <\/p>\n\n<p>O sistema tem como objetivo:<\/p>\n\n<ul class=\"wp-block-list\">\n<li>Refor\u00e7a <strong>a seguran\u00e7a em toda a Europa<\/strong><\/li>\n\n\n\n<li>Melhora <strong>a efici\u00eancia da gest\u00e3o das fronteiras<\/strong><\/li>\n\n\n\n<li>Mant\u00e9m <strong>as viagens seguras e sem problemas<\/strong><\/li>\n<\/ul>\n\n<h2 class=\"wp-block-heading\">Principais conclus\u00f5es<\/h2>\n\n<ul class=\"wp-block-list\">\n<li>O ETIAS \u00e9 o equivalente europeu do sistema ESTA<\/li>\n\n\n\n<li>Prev\u00ea-se que se torne obrigat\u00f3rio em <strong>2027<\/strong><\/li>\n\n\n\n<li>Aplica-se aos viajantes isentos de visto, incluindo os das Fiji<\/li>\n\n\n\n<li>O processo \u00e9 <strong>simples, digital e v\u00e1lido para v\u00e1rias viagens<\/strong><\/li>\n<\/ul>\n\n<p>Para os viajantes de Fiji que sonham em visitar a Europa, o ETIAS ser\u00e1 um passo pequeno, mas essencial, na prepara\u00e7\u00e3o de sua viagem.<\/p>\n","protected":false},"excerpt":{"rendered":"<p>O Sistema Europeu de Informa\u00e7\u00e3o e Autoriza\u00e7\u00e3o de Viagem (ETIAS) inspira-se diretamente no Sistema Eletr\u00f3nico de Autoriza\u00e7\u00e3o de Viagem (ESTA) dos EUA. Tal como o seu hom\u00f3logo americano, o ETIAS n\u00e3o \u00e9 um visto, mas uma autoriza\u00e7\u00e3o pr\u00e9via de viagem exigida aos visitantes isentos de visto que entram na Europa. O seu principal objetivo \u00e9 [&hellip;]<\/p>\n","protected":false},"author":1,"featured_media":0,"parent":0,"menu_order":0,"comment_status":"closed","ping_status":"closed","template":"","meta":{"footnotes":""},"class_list":["post-698","page","type-page","status-publish","hentry"],"_links":{"self":[{"href":"https:\/\/www.fijiembassy.org\/pt-pt\/wp-json\/wp\/v2\/pages\/698","targetHints":{"allow":["GET"]}}],"collection":[{"href":"https:\/\/www.fijiembassy.org\/pt-pt\/wp-json\/wp\/v2\/pages"}],"about":[{"href":"https:\/\/www.fijiembassy.org\/pt-pt\/wp-json\/wp\/v2\/types\/page"}],"author":[{"embeddable":true,"href":"https:\/\/www.fijiembassy.org\/pt-pt\/wp-json\/wp\/v2\/users\/1"}],"replies":[{"embeddable":true,"href":"https:\/\/www.fijiembassy.org\/pt-pt\/wp-json\/wp\/v2\/comments?post=698"}],"version-history":[{"count":6,"href":"https:\/\/www.fijiembassy.org\/pt-pt\/wp-json\/wp\/v2\/pages\/698\/revisions"}],"predecessor-version":[{"id":765,"href":"https:\/\/www.fijiembassy.org\/pt-pt\/wp-json\/wp\/v2\/pages\/698\/revisions\/765"}],"wp:attachment":[{"href":"https:\/\/www.fijiembassy.org\/pt-pt\/wp-json\/wp\/v2\/media?parent=698"}],"curies":[{"name":"wp","href":"https:\/\/api.w.org\/{rel}","templated":true}]}}