{"id":590,"date":"2025-05-26T14:12:46","date_gmt":"2025-05-26T12:12:46","guid":{"rendered":"https:\/\/www.fijiembassy.org\/servicos-consulares\/"},"modified":"2025-05-26T14:29:02","modified_gmt":"2025-05-26T12:29:02","slug":"servicos-consulares","status":"publish","type":"page","link":"https:\/\/www.fijiembassy.org\/pt-pt\/servicos-consulares\/","title":{"rendered":"Servi\u00e7os consulares na Embaixada dos EUA nas Fiji"},"content":{"rendered":"\n<p>A Embaixada dos EUA em Suva oferece v\u00e1rios servi\u00e7os consulares para cidad\u00e3os americanos e residentes locais.<\/p>\n\n<h2 class=\"wp-block-heading\">Servi\u00e7os para cidad\u00e3os dos EUA<\/h2>\n\n<h3 class=\"wp-block-heading\">Renova\u00e7\u00e3o de passaportes<\/h3>\n\n<p>Podes renovar o teu passaporte dos EUA na embaixada. Marca uma consulta online e leva os documentos necess\u00e1rios.   <\/p>\n\n<h3 class=\"wp-block-heading\">Assist\u00eancia de emerg\u00eancia<\/h3>\n\n<p>A embaixada pode ajudar-te em casos de:<\/p>\n\n<ul class=\"wp-block-list\">\n<li>Passaporte perdido ou roubado<\/li>\n\n\n\n<li>Pris\u00e3o ou deten\u00e7\u00e3o<\/li>\n\n\n\n<li>Emerg\u00eancias m\u00e9dicas<\/li>\n\n\n\n<li>Morte de um cidad\u00e3o dos EUA<\/li>\n\n\n\n<li>Cat\u00e1strofes naturais<\/li>\n<\/ul>\n\n<h3 class=\"wp-block-heading\">Relat\u00f3rio Consular de Nascimento no Estrangeiro (CRBA)<\/h3>\n\n<p>Se o teu filho nasceu nas Fiji, podes pedir uma certid\u00e3o de nascimento e um passaporte dos EUA.<\/p>\n\n<h3 class=\"wp-block-heading\">Servi\u00e7os de notariado<\/h3>\n\n<p>A embaixada pode autenticar certos documentos para uso oficial ou legal. \u00c9 necess\u00e1rio fazer uma marca\u00e7\u00e3o pr\u00e9via. <\/p>\n\n<h3 class=\"wp-block-heading\">Pedido de visto<\/h3>\n\n<p><a href=\"https:\/\/www.fijiembassy.org\/pt-pt\/\" data-type=\"page\" data-id=\"18\">A embaixada americana nas Fiji<\/a> oferece uma s\u00e9rie de vistos de n\u00e3o-imigrante e de imigrante aos requerentes eleg\u00edveis. Quer estejas de visita para fins tur\u00edsticos, de neg\u00f3cios, de estudo ou familiares, a embaixada fornece orienta\u00e7\u00f5es claras para garantir que o teu pedido \u00e9 processado de forma eficiente. <a href=\"https:\/\/www.fijiembassy.org\/pt-pt\/pedido-de-visto-americano-na-embaixada-americana-nas-fiji\/\" data-type=\"page\" data-id=\"522\">Solicitar um visto de turista dos EUA<\/a> localmente nas Fiji pode simplificar o processo se j\u00e1 residires no pa\u00eds ou se fores cidad\u00e3o das Fiji. <\/p>\n\n<h2 class=\"wp-block-heading\">Assist\u00eancia em caso de crise<\/h2>\n\n<p>Em caso de crise (ciclone, dist\u00farbios, etc.), a embaixada dos EUA pode:<\/p>\n\n<ul class=\"wp-block-list\">\n<li>Envia alertas para cidad\u00e3os dos EUA<\/li>\n\n\n\n<li>Ajuda na evacua\u00e7\u00e3o, se necess\u00e1rio<\/li>\n\n\n\n<li>Partilha instru\u00e7\u00f5es de seguran\u00e7a e de viagem<\/li>\n<\/ul>\n\n<h2 class=\"wp-block-heading\">Inscri\u00e7\u00e3o no STEP<\/h2>\n\n<p>Os cidad\u00e3os americanos que vivem ou viajam para as Ilhas Fiji devem inscrever-se no <a href=\"https:\/\/mytravel.state.gov\/s\/step\">STEP (Smart Traveler Enrollment Program)<\/a>. Isto ajuda a embaixada a contactar-te em caso de emerg\u00eancia. <\/p>\n\n<h2 class=\"wp-block-heading\">Contacto para assist\u00eancia consular<\/h2>\n\n<ul class=\"wp-block-list\">\n<li>\ud83d\udce7 Envia um e-mail: <a>SuvaACS@state.gov<\/a><\/li>\n\n\n\n<li>\u260e\ufe0f Telefone: (+679) 331-4466<\/li>\n\n\n\n<li>\ud83c\udf10 S\u00edtio Web: <a>fj.usembassy.gov<\/a><\/li>\n<\/ul>\n","protected":false},"excerpt":{"rendered":"<p>A Embaixada dos EUA em Suva oferece v\u00e1rios servi\u00e7os consulares para cidad\u00e3os americanos e residentes locais. Servi\u00e7os para cidad\u00e3os dos EUA Renova\u00e7\u00e3o de passaportes Podes renovar o teu passaporte dos EUA na embaixada. Marca uma consulta online e leva os documentos necess\u00e1rios. Assist\u00eancia de emerg\u00eancia A embaixada pode ajudar-te em casos de: Relat\u00f3rio Consular de [&hellip;]<\/p>\n","protected":false},"author":1,"featured_media":0,"parent":0,"menu_order":0,"comment_status":"closed","ping_status":"closed","template":"","meta":{"footnotes":""},"class_list":["post-590","page","type-page","status-publish","hentry"],"_links":{"self":[{"href":"https:\/\/www.fijiembassy.org\/pt-pt\/wp-json\/wp\/v2\/pages\/590","targetHints":{"allow":["GET"]}}],"collection":[{"href":"https:\/\/www.fijiembassy.org\/pt-pt\/wp-json\/wp\/v2\/pages"}],"about":[{"href":"https:\/\/www.fijiembassy.org\/pt-pt\/wp-json\/wp\/v2\/types\/page"}],"author":[{"embeddable":true,"href":"https:\/\/www.fijiembassy.org\/pt-pt\/wp-json\/wp\/v2\/users\/1"}],"replies":[{"embeddable":true,"href":"https:\/\/www.fijiembassy.org\/pt-pt\/wp-json\/wp\/v2\/comments?post=590"}],"version-history":[{"count":4,"href":"https:\/\/www.fijiembassy.org\/pt-pt\/wp-json\/wp\/v2\/pages\/590\/revisions"}],"predecessor-version":[{"id":656,"href":"https:\/\/www.fijiembassy.org\/pt-pt\/wp-json\/wp\/v2\/pages\/590\/revisions\/656"}],"wp:attachment":[{"href":"https:\/\/www.fijiembassy.org\/pt-pt\/wp-json\/wp\/v2\/media?parent=590"}],"curies":[{"name":"wp","href":"https:\/\/api.w.org\/{rel}","templated":true}]}}