{"id":81,"date":"2022-03-27T22:25:29","date_gmt":"2022-03-27T20:25:29","guid":{"rendered":"https:\/\/www.fijiembassy.org\/ambasada-stanow-zjednoczonych\/"},"modified":"2025-05-26T14:24:43","modified_gmt":"2025-05-26T12:24:43","slug":"ambasada-stanow-zjednoczonych","status":"publish","type":"page","link":"https:\/\/www.fijiembassy.org\/pl\/","title":{"rendered":"Ambasada Stan\u00f3w Zjednoczonych"},"content":{"rendered":"\t\t<div data-elementor-type=\"wp-page\" data-elementor-id=\"81\" class=\"elementor elementor-81 elementor-18\" data-elementor-post-type=\"page\">\n\t\t\t\t\t\t<section class=\"elementor-section elementor-top-section elementor-element elementor-element-02333ce elementor-section-boxed elementor-section-height-default elementor-section-height-default\" data-id=\"02333ce\" data-element_type=\"section\" data-e-type=\"section\">\n\t\t\t\t\t\t<div class=\"elementor-container elementor-column-gap-default\">\n\t\t\t\t\t<div class=\"elementor-column elementor-col-100 elementor-top-column elementor-element elementor-element-06b7a35\" data-id=\"06b7a35\" data-element_type=\"column\" data-e-type=\"column\">\n\t\t\t<div class=\"elementor-widget-wrap elementor-element-populated\">\n\t\t\t\t\t\t<div class=\"elementor-element elementor-element-54dad0a elementor-widget elementor-widget-spacer\" data-id=\"54dad0a\" data-element_type=\"widget\" data-e-type=\"widget\" data-widget_type=\"spacer.default\">\n\t\t\t\t<div class=\"elementor-widget-container\">\n\t\t\t\t\t\t\t<div class=\"elementor-spacer\">\n\t\t\t<div class=\"elementor-spacer-inner\"><\/div>\n\t\t<\/div>\n\t\t\t\t\t\t<\/div>\n\t\t\t\t<\/div>\n\t\t\t\t\t<\/div>\n\t\t<\/div>\n\t\t\t\t\t<\/div>\n\t\t<\/section>\n\t\t\t\t<section class=\"elementor-section elementor-top-section elementor-element elementor-element-1906cf60 elementor-section-boxed elementor-section-height-default elementor-section-height-default\" data-id=\"1906cf60\" data-element_type=\"section\" data-e-type=\"section\">\n\t\t\t\t\t\t<div class=\"elementor-container elementor-column-gap-default\">\n\t\t\t\t\t<div class=\"elementor-column elementor-col-100 elementor-top-column elementor-element elementor-element-78b2a400\" data-id=\"78b2a400\" data-element_type=\"column\" data-e-type=\"column\">\n\t\t\t<div class=\"elementor-widget-wrap elementor-element-populated\">\n\t\t\t\t\t\t<div class=\"elementor-element elementor-element-4c9630fe elementor-widget elementor-widget-heading\" data-id=\"4c9630fe\" data-element_type=\"widget\" data-e-type=\"widget\" data-widget_type=\"heading.default\">\n\t\t\t\t<div class=\"elementor-widget-container\">\n\t\t\t\t\t<h1 class=\"elementor-heading-title elementor-size-default\">Podr\u00f3\u017c do Stan\u00f3w Zjednoczonych Ameryki<\/h1>\t\t\t\t<\/div>\n\t\t\t\t<\/div>\n\t\t\t\t\t<\/div>\n\t\t<\/div>\n\t\t\t\t\t<\/div>\n\t\t<\/section>\n\t\t\t\t<section class=\"elementor-section elementor-top-section elementor-element elementor-element-38a765a4 elementor-section-boxed elementor-section-height-default elementor-section-height-default\" data-id=\"38a765a4\" data-element_type=\"section\" data-e-type=\"section\">\n\t\t\t\t\t\t<div class=\"elementor-container elementor-column-gap-default\">\n\t\t\t\t\t<div class=\"elementor-column elementor-col-100 elementor-top-column elementor-element elementor-element-44e0f745\" data-id=\"44e0f745\" data-element_type=\"column\" data-e-type=\"column\">\n\t\t\t<div class=\"elementor-widget-wrap elementor-element-populated\">\n\t\t\t\t\t\t<div class=\"elementor-element elementor-element-45868624 elementor-widget elementor-widget-text-editor\" data-id=\"45868624\" data-element_type=\"widget\" data-e-type=\"widget\" data-widget_type=\"text-editor.default\">\n\t\t\t\t<div class=\"elementor-widget-container\">\n\t\t\t\t\t\t\t\t\t<p>Wszyscy podr\u00f3\u017cuj\u0105cy do Stan\u00f3w Zjednoczonych musz\u0105 sprawdzi\u0107 przed podr\u00f3\u017c\u0105 ostatnie wymagania. Mo\u017cna by\u0142o skontaktowa\u0107 si\u0119 z Ambasad\u0105 Fid\u017ci USA w celu uzyskania aktualnych informacji o sytuacji. Przepisy dotycz\u0105ce cudzoziemc\u00f3w podr\u00f3\u017cuj\u0105cych do USA cz\u0119sto zmieniaj\u0105 si\u0119 z niewielkim op\u00f3\u017anieniem.<\/p>\t\t\t\t\t\t\t\t<\/div>\n\t\t\t\t<\/div>\n\t\t\t\t\t<\/div>\n\t\t<\/div>\n\t\t\t\t\t<\/div>\n\t\t<\/section>\n\t\t\t\t<section class=\"elementor-section elementor-top-section elementor-element elementor-element-692b51d7 elementor-section-boxed elementor-section-height-default elementor-section-height-default\" data-id=\"692b51d7\" data-element_type=\"section\" data-e-type=\"section\">\n\t\t\t\t\t\t<div class=\"elementor-container elementor-column-gap-default\">\n\t\t\t\t\t<div class=\"elementor-column elementor-col-50 elementor-top-column elementor-element elementor-element-c57006a\" data-id=\"c57006a\" data-element_type=\"column\" data-e-type=\"column\">\n\t\t\t<div class=\"elementor-widget-wrap elementor-element-populated\">\n\t\t\t\t\t\t<div class=\"elementor-element elementor-element-51b0a81f elementor-widget elementor-widget-text-editor\" data-id=\"51b0a81f\" data-element_type=\"widget\" data-e-type=\"widget\" data-widget_type=\"text-editor.default\">\n\t\t\t\t<div class=\"elementor-widget-container\">\n\t\t\t\t\t\t\t\t\t<h2>Ambasada Stan\u00f3w Zjednoczonych<\/h2><p>Misj\u0105 <a href=\"https:\/\/fj.usembassy.gov\/\">Ambasady USA<\/a> jest rozwijanie stosunk\u00f3w mi\u0119dzy Stanami Zjednoczonymi a Fid\u017ci. Aktywnie dzia\u0142aj\u0105 na rzecz promowania wsp\u00f3\u0142pracy w r\u00f3\u017cnych celach mi\u0119dzynarodowych, wzmacniaj\u0105c USA<\/p><p>Ambasada USA obecna na Fid\u017ci w celach ekonomicznych.<\/p><p>Wi\u0119cej informacji na temat <a href=\"https:\/\/www.fijiembassy.org\/pl\/uslugi-konsularne\/\">us\u0142ug konsularnych Ambasady USA w Suva<\/a>.<\/p>\t\t\t\t\t\t\t\t<\/div>\n\t\t\t\t<\/div>\n\t\t\t\t\t<\/div>\n\t\t<\/div>\n\t\t\t\t<div class=\"elementor-column elementor-col-50 elementor-top-column elementor-element elementor-element-7a36c37e\" data-id=\"7a36c37e\" data-element_type=\"column\" data-e-type=\"column\">\n\t\t\t<div class=\"elementor-widget-wrap elementor-element-populated\">\n\t\t\t\t\t\t<div class=\"elementor-element elementor-element-26cf03a4 elementor-widget elementor-widget-text-editor\" data-id=\"26cf03a4\" data-element_type=\"widget\" data-e-type=\"widget\" data-widget_type=\"text-editor.default\">\n\t\t\t\t<div class=\"elementor-widget-container\">\n\t\t\t\t\t\t\t\t\t<h2>Ambasada USA na Fid\u017ci<\/h2><p><a href=\"https:\/\/fj.usembassy.gov\/embassy\/suva\/\">Ambasada USA Suva<\/a><br>158 Princes Road, Tamavua, Suva, Fid\u017ci.<\/p><p>Telefon: 679 331-4466<\/p><div class=\"pg-split\" style=\"margin: 0px 30px 30px 0px; padding: 0px; border: 0px; font-variant-numeric: inherit; font-variant-east-asian: inherit; font-stretch: inherit; line-height: inherit; font-family: Roboto, Arial, sans-serif; vertical-align: baseline; width: 374.99px; float: left; color: #333333;\"><div class=\"map-container\" style=\"margin: 0px; padding: 30px 0px 210.927px; border: 0px; font: inherit; vertical-align: baseline; position: relative; height: 0px; overflow: hidden;\"><iframe class=\"iframemapborder\" style=\"padding: 0px; font: inherit; vertical-align: baseline; width: 374.99px; position: absolute; top: 0px; left: 0px; height: 240.927px; border-width: 8px !important; border-style: solid !important; border-color: #e2e2e2 !important;\" src=\"https:\/\/www.google.com\/maps\/embed?pb=!1m18!1m12!1m3!1d3792.018458672593!2d178.43729101474153!3d-18.116938789168167!2m3!1f0!2f0!3f0!3m2!1i1024!2i768!4f13.1!3m3!1m2!1s0x6e1bde8a6dcf2811%3A0x433486fb291c2678!2sUS+Embassy+Suva!5e0!3m2!1sen!2sus!4v1469485653235\" width=\"600\" height=\"450\" frameborder=\"0\" allowfullscreen=\"allowfullscreen\" data-gtm-yt-inspected-1_19=\"true\" data-gtm-yt-inspected-1491731_107=\"true\"><\/iframe><\/div><\/div>\t\t\t\t\t\t\t\t<\/div>\n\t\t\t\t<\/div>\n\t\t\t\t\t<\/div>\n\t\t<\/div>\n\t\t\t\t\t<\/div>\n\t\t<\/section>\n\t\t\t\t<section class=\"elementor-section elementor-top-section elementor-element elementor-element-4bc23eb elementor-section-boxed elementor-section-height-default elementor-section-height-default\" data-id=\"4bc23eb\" data-element_type=\"section\" data-e-type=\"section\">\n\t\t\t\t\t\t<div class=\"elementor-container elementor-column-gap-default\">\n\t\t\t\t\t<div class=\"elementor-column elementor-col-100 elementor-top-column elementor-element elementor-element-9e403f7\" data-id=\"9e403f7\" data-element_type=\"column\" data-e-type=\"column\">\n\t\t\t<div class=\"elementor-widget-wrap elementor-element-populated\">\n\t\t\t\t\t\t<div class=\"elementor-element elementor-element-c7e6442 elementor-widget elementor-widget-heading\" data-id=\"c7e6442\" data-element_type=\"widget\" data-e-type=\"widget\" data-widget_type=\"heading.default\">\n\t\t\t\t<div class=\"elementor-widget-container\">\n\t\t\t\t\t<h2 class=\"elementor-heading-title elementor-size-default\">Jaka jest r\u00f3\u017cnica mi\u0119dzy wiz\u0105 a ESTA?<\/h2>\t\t\t\t<\/div>\n\t\t\t\t<\/div>\n\t\t\t\t\t<\/div>\n\t\t<\/div>\n\t\t\t\t\t<\/div>\n\t\t<\/section>\n\t\t\t\t<section class=\"elementor-section elementor-top-section elementor-element elementor-element-e41aacc elementor-section-boxed elementor-section-height-default elementor-section-height-default\" data-id=\"e41aacc\" data-element_type=\"section\" data-e-type=\"section\">\n\t\t\t\t\t\t<div class=\"elementor-container elementor-column-gap-default\">\n\t\t\t\t\t<div class=\"elementor-column elementor-col-100 elementor-top-column elementor-element elementor-element-e7cf01a\" data-id=\"e7cf01a\" data-element_type=\"column\" data-e-type=\"column\">\n\t\t\t<div class=\"elementor-widget-wrap elementor-element-populated\">\n\t\t\t\t\t\t<div class=\"elementor-element elementor-element-5443e8a elementor-widget elementor-widget-text-editor\" data-id=\"5443e8a\" data-element_type=\"widget\" data-e-type=\"widget\" data-widget_type=\"text-editor.default\">\n\t\t\t\t<div class=\"elementor-widget-container\">\n\t\t\t\t\t\t\t\t\t<p>Musisz wkr\u00f3tce zosta\u0107 w Stanach Zjednoczonych. Wniosek o zezwolenie na wjazd na terytorium USA jest obowi\u0105zkow\u0105 formalno\u015bci\u0105. W zale\u017cno\u015bci od Twojej sytuacji dost\u0119pnych jest kilka rozwi\u0105za\u0144:<\/p><ol><li>Karta sta\u0142ego pobytu, bardziej znana jako Zielona Karta, jest jednym z najtrudniejszych do uzyskania zezwole\u0144 na pobyt, poniewa\u017c dotyczy tylko os\u00f3b planuj\u0105cych pobyt na sta\u0142e w Stanach Zjednoczonych. Powody ubiegania si\u0119 o zielon\u0105 kart\u0119, a nie cokolwiek innego, s\u0105 g\u0142\u00f3wnie wtedy, gdy ludzie przyje\u017cd\u017caj\u0105 do Stan\u00f3w Zjednoczonych z powod\u00f3w zawodowych lub rodzinnych. W rzeczywisto\u015bci wymaga to zezwolenia na podr\u00f3\u017c d\u0142u\u017cszego ni\u017c 90 dni. Wyj\u0105tek dotyczy wniosku o zielon\u0105 kart\u0119 dla os\u00f3b ubiegaj\u0105cych si\u0119 o azyl. Rzeczywi\u015bcie, w niekt\u00f3rych przypadkach mog\u0105 si\u0119 do niego odwo\u0142a\u0107.<\/li><li>Ameryka\u0144ska wiza turystyczna dotyczy os\u00f3b, kt\u00f3re chc\u0105 pozosta\u0107 w Stanach Zjednoczonych przez okres d\u0142u\u017cszy ni\u017c 90 dni. W przeciwie\u0144stwie do wniosku ESTA proces jest d\u0142u\u017cszy i bardziej skomplikowany. Wymaga to od podr\u00f3\u017cnego z\u0142o\u017cenia wniosku online na stronie <a href=\"https:\/\/travel.state.gov\/content\/travel\/en\/us-visas\/tourism-visit\/visitor.html\">travel.state.gov<\/a>. Nast\u0119pnie b\u0119dzie musia\u0142 zarezerwowa\u0107 rozmow\u0119 kwalifikacyjn\u0105 w ambasadzie USA, aby sfinalizowa\u0107 sw\u00f3j wniosek. Bior\u0105c pod uwag\u0119 fakty wymagane do z\u0142o\u017cenia wniosku wizowego, pobierane op\u0142aty wynosz\u0105 \u015brednio 185 USD. Ta kwota jest wymagana niezale\u017cnie od VISA, kt\u00f3ra jest znacznie wy\u017csza ni\u017c wniosek ESTA. Ale po raz kolejny ka\u017cda pro\u015bba b\u0119dzie zale\u017ce\u0107 od profilu, sytuacji i powod\u00f3w, kt\u00f3re sk\u0142aniaj\u0105 podr\u00f3\u017cnego do wyjazdu do Stan\u00f3w Zjednoczonych.<\/li><li>Wniosek ESTA dotyczy kr\u00f3tkoterminowych pobyt\u00f3w zawodowych lub turystycznych (maksymalnie 90 kolejnych dni w okresie wa\u017cno\u015bci ESTA). W przeciwie\u0144stwie do wniosku o wiz\u0119 lub zielon\u0105 kart\u0119, wniosek ESTA korzysta z uproszczonego procesu online. Wystarczy wype\u0142ni\u0107 formularz i szczerze odpowiedzie\u0107 na zadawane pytania. Pytania te dotycz\u0105 stanu cywilnego podr\u00f3\u017cnika, jego historii prawnej i medycznej. Po wype\u0142nieniu wniosku ESTA musi on zosta\u0107 zatwierdzony przez ameryka\u0144skie s\u0142u\u017cby bezpiecze\u0144stwa wewn\u0119trznego. Zaleca si\u0119 z\u0142o\u017cenie wniosku maksymalnie 72 godziny przed odlotem. W wi\u0119kszo\u015bci przypadk\u00f3w odpowied\u017a przychodzi w ci\u0105gu dnia.<\/li><\/ol><h2>Jak uzyska\u0107 wiz\u0119 do USA?<\/h2><p>Nawet szczera i bezb\u0142\u0119dna odpowied\u017a na wniosek ESTA mo\u017ce zosta\u0107 odrzucona. Mo\u017cesz spr\u00f3bowa\u0107 uzyska\u0107 wiz\u0119. Aby uzyska\u0107 wiz\u0119, nale\u017cy uda\u0107 si\u0119 do ambasady ameryka\u0144skiej. Obowi\u0105zuje <a href=\"https:\/\/www.fijiembassy.org\/pl\/wniosek-o-wize-amerykanska-w-ambasadzie-amerykanskiej-na-fidzi\/\">wsp\u00f3lna procedura sk\u0142adania wniosk\u00f3w wizowych<\/a>. Polega ona na wype\u0142nieniu wniosku i odbyciu rozmowy wizowej w ambasadzie USA. Wywiad, podczas kt\u00f3rego b\u0119dziesz musia\u0142 przedstawi\u0107 powody, kt\u00f3re sk\u0142aniaj\u0105 Ci\u0119 do ubiegania si\u0119 o wiz\u0119.<\/p><p>Pytania, na kt\u00f3re zostan\u0105 poproszone jasne i precyzyjne odpowiedzi:<\/p><ul><li>Pow\u00f3d Twojej podr\u00f3\u017cy do Stan\u00f3w Zjednoczonych;<\/li><li>Twoja historia medyczna i aktualny stan zdrowia;<\/li><li>Twoja karalno\u015b\u0107.<\/li><\/ul><p>Rozmowa w ambasadzie jest bardzo wa\u017cna, poniewa\u017c jest niezb\u0119dnym warunkiem uzyskania wizy. Rz\u0105d USA traktuje ten wywiad bardzo powa\u017cnie.<\/p><p>Oto kilka wskaz\u00f3wek, jak postawi\u0107 na swoj\u0105 korzy\u015b\u0107:<\/p><ul><li>Musisz przedstawi\u0107 wszystkie dokumenty, kt\u00f3re b\u0119d\u0105 od Ciebie wymagane, takie jak paszport;<\/li><li>Twoja sukienka r\u00f3wnie\u017c zadzia\u0142a na Twoj\u0105 korzy\u015b\u0107 lub nie, pierwsze wra\u017cenie jest bardzo wa\u017cne;<\/li><li>B\u0119dziesz musia\u0142 liczy\u0107 si\u0119 z wyprzedzeniem oko\u0142o trzydziestu minut, aby unikn\u0105\u0107 sp\u00f3\u017anienia i odwo\u0142ania wizyty;<\/li><li>Zapewnij sobie \u015brodki p\u0142atnicze, aby m\u00f3c pokry\u0107 koszty zwi\u0105zane z wnioskiem wizowym. Cena b\u0119dzie zale\u017ce\u0107 od rodzaju wnioskowanej wizy.<\/li><\/ul><p>Mimo dobrej woli i dobrej woli wniosek wizowy mo\u017ce zosta\u0107 odrzucony. Co roku odbywa si\u0119 loteria, w kt\u00f3rej mo\u017cna wygra\u0107 zielon\u0105 kart\u0119, czyli zezwolenie na pobyt sta\u0142y.<\/p><p>Jest to bardzo trudne do uzyskania w ramach loterii Zielonej Karty, chocia\u017c ka\u017cdego roku przyznawanych jest prawie 50 000 zielonych kart. Rzeczywi\u015bcie liczba zalotnik\u00f3w pozostaje bardzo wysoka.<\/p>\t\t\t\t\t\t\t\t<\/div>\n\t\t\t\t<\/div>\n\t\t\t\t\t<\/div>\n\t\t<\/div>\n\t\t\t\t\t<\/div>\n\t\t<\/section>\n\t\t\t\t<\/div>\n\t\t","protected":false},"excerpt":{"rendered":"<p>Podr\u00f3\u017c do Stan\u00f3w Zjednoczonych Ameryki Wszyscy podr\u00f3\u017cuj\u0105cy do Stan\u00f3w Zjednoczonych musz\u0105 sprawdzi\u0107 przed podr\u00f3\u017c\u0105 ostatnie wymagania. Mo\u017cna by\u0142o skontaktowa\u0107 si\u0119 z Ambasad\u0105 Fid\u017ci USA w celu uzyskania aktualnych informacji o sytuacji. Przepisy dotycz\u0105ce cudzoziemc\u00f3w podr\u00f3\u017cuj\u0105cych do USA cz\u0119sto zmieniaj\u0105 si\u0119 z niewielkim op\u00f3\u017anieniem. Ambasada Stan\u00f3w Zjednoczonych Misj\u0105 Ambasady USA jest rozwijanie stosunk\u00f3w mi\u0119dzy Stanami Zjednoczonymi [&hellip;]<\/p>\n","protected":false},"author":1,"featured_media":0,"parent":0,"menu_order":0,"comment_status":"closed","ping_status":"closed","template":"","meta":{"footnotes":""},"class_list":["post-81","page","type-page","status-publish","hentry"],"_links":{"self":[{"href":"https:\/\/www.fijiembassy.org\/pl\/wp-json\/wp\/v2\/pages\/81","targetHints":{"allow":["GET"]}}],"collection":[{"href":"https:\/\/www.fijiembassy.org\/pl\/wp-json\/wp\/v2\/pages"}],"about":[{"href":"https:\/\/www.fijiembassy.org\/pl\/wp-json\/wp\/v2\/types\/page"}],"author":[{"embeddable":true,"href":"https:\/\/www.fijiembassy.org\/pl\/wp-json\/wp\/v2\/users\/1"}],"replies":[{"embeddable":true,"href":"https:\/\/www.fijiembassy.org\/pl\/wp-json\/wp\/v2\/comments?post=81"}],"version-history":[{"count":25,"href":"https:\/\/www.fijiembassy.org\/pl\/wp-json\/wp\/v2\/pages\/81\/revisions"}],"predecessor-version":[{"id":647,"href":"https:\/\/www.fijiembassy.org\/pl\/wp-json\/wp\/v2\/pages\/81\/revisions\/647"}],"wp:attachment":[{"href":"https:\/\/www.fijiembassy.org\/pl\/wp-json\/wp\/v2\/media?parent=81"}],"curies":[{"name":"wp","href":"https:\/\/api.w.org\/{rel}","templated":true}]}}