{"id":697,"date":"2026-04-07T14:36:49","date_gmt":"2026-04-07T12:36:49","guid":{"rendered":"https:\/\/www.fijiembassy.org\/etias\/"},"modified":"2026-04-07T14:55:22","modified_gmt":"2026-04-07T12:55:22","slug":"etias","status":"publish","type":"page","link":"https:\/\/www.fijiembassy.org\/pl\/etias\/","title":{"rendered":"ETIAS 2027: co podr\u00f3\u017cni z Fid\u017ci powinni wiedzie\u0107"},"content":{"rendered":"\n<p>Europejski System Informacji i Autoryzacji Podr\u00f3\u017cy (ETIAS) jest bezpo\u015brednio inspirowany ameryka\u0144skim <strong>Elektronicznym Systemem Autoryzacji Podr\u00f3\u017cy (ESTA)<\/strong>. Podobnie jak jego ameryka\u0144ski odpowiednik, ETIAS nie jest wiz\u0105, ale wst\u0119pnym zezwoleniem na podr\u00f3\u017c wymaganym od os\u00f3b zwolnionych z obowi\u0105zku wizowego wje\u017cd\u017caj\u0105cych do Europy. <\/p>\n\n<p>Jego g\u0142\u00f3wnym celem jest zwi\u0119kszenie bezpiecze\u0144stwa granic poprzez sprawdzanie podr\u00f3\u017cnych przed ich przybyciem do <a href=\"https:\/\/www.consilium.europa.eu\/en\/policies\/schengen-area\/\">strefy Schengen<\/a>. Sprawdzaj\u0105c kandydat\u00f3w w mi\u0119dzynarodowych bazach danych bezpiecze\u0144stwa, w\u0142adze europejskie d\u0105\u017c\u0105 do wczesnego wykrywania potencjalnych zagro\u017ce\u0144 przy jednoczesnym utrzymaniu p\u0142ynnego przep\u0142ywu podr\u00f3\u017cy. <\/p>\n\n<h2 class=\"wp-block-heading\">Premiera zaplanowana na 2027 r.<\/h2>\n\n<p>Po kilku op\u00f3\u017anieniach oczekuje si\u0119, \u017ce <a href=\"https:\/\/etias-eu.net\/en\/\">ETIAS<\/a> stanie si\u0119 w pe\u0142ni operacyjny w 2027 r., po stopniowym wdra\u017caniu:<\/p>\n\n<ul class=\"wp-block-list\">\n<li>Pod koniec 2026 r.: uruchomienie systemu (jeszcze nieobowi\u0105zkowe)<\/li>\n\n\n\n<li>2027: autoryzacja staje si\u0119 obowi\u0105zkowa dla wi\u0119kszo\u015bci podr\u00f3\u017cnych<\/li>\n\n\n\n<li>Okres przej\u015bciowy: elastyczno\u015b\u0107 dla pocz\u0105tkuj\u0105cych podr\u00f3\u017cnych w pierwszych miesi\u0105cach<\/li>\n<\/ul>\n\n<p>Op\u00f3\u017anienie jest w du\u017cej mierze spowodowane wdro\u017ceniem systemu wjazdu\/wyjazdu (EES), biometrycznego systemu kontroli granicznej, kt\u00f3ry musi by\u0107 operacyjny, zanim ETIAS b\u0119dzie m\u00f3g\u0142 skutecznie funkcjonowa\u0107.<\/p>\n\n<h2 class=\"wp-block-heading\">Jak dzia\u0142a ETIAS<\/h2>\n\n<p>Po wprowadzeniu ETIAS b\u0119dzie wymagany w przypadku kr\u00f3tkich pobyt\u00f3w (do 90 dni w okresie 180 dni) w strefie Schengen.<\/p>\n\n<p>Najwa\u017cniejsze cechy:<\/p>\n\n<ul class=\"wp-block-list\">\n<li>Aplikacja online wype\u0142niona przed wyjazdem<\/li>\n\n\n\n<li>Niewielka op\u0142ata (oczekiwana oko\u0142o 20 \u20ac, z zastrze\u017ceniem aktualizacji)<\/li>\n\n\n\n<li>Szybkie przetwarzanie (cz\u0119sto w ci\u0105gu kilku minut, czasem kilku dni)<\/li>\n\n\n\n<li>Wa\u017cny przez 3 lata lub do wyga\u015bni\u0119cia wa\u017cno\u015bci paszportu<\/li>\n\n\n\n<li>Umo\u017cliwia wielokrotne wjazdy do Europy<\/li>\n<\/ul>\n\n<p>Wa\u017cne jest, aby pami\u0119ta\u0107, \u017ce zatwierdzenie ETIAS nie gwarantuje wjazdu w\u0142adze graniczne nadal podejmuj\u0105 ostateczn\u0105 decyzj\u0119 po przyje\u017adzie.<\/p>\n\n<h2 class=\"wp-block-heading\">Specjalna uwaga: Podr\u00f3\u017cni z Fid\u017ci<\/h2>\n\n<p>Obywatele Fid\u017ci korzystaj\u0105 obecnie z bezwizowego dost\u0119pu do strefy Schengen na kr\u00f3tkie pobyty. Wraz z wprowadzeniem ETIAS przywilej ten pozostaje, ale z dodatkowym krokiem. <\/p>\n\n<h3 class=\"wp-block-heading\">Co zmienia si\u0119 dla podr\u00f3\u017cuj\u0105cych na Fid\u017ci?<\/h3>\n\n<p>Od 2027 r. podr\u00f3\u017cni z Fid\u017ci b\u0119d\u0105 musieli:<\/p>\n\n<ul class=\"wp-block-list\">\n<li>Z\u0142\u00f3\u017c wniosek o ETIAS przed podr\u00f3\u017c\u0105 do Europy<\/li>\n\n\n\n<li>Wype\u0142nij prosty formularz online (wizyta <a href=\"https:\/\/www.fijiembassy.org\/\" data-type=\"page\" data-id=\"581\">w ambasadzie Fid\u017ci<\/a> nie jest wymagana)<\/li>\n\n\n\n<li>Otrzymanie zgody przed wej\u015bciem na pok\u0142ad samolotu<\/li>\n<\/ul>\n\n<h3 class=\"wp-block-heading\">Wymagania i rozwa\u017cania<\/h3>\n\n<p>Kandydaci z Fid\u017ci b\u0119d\u0105 zazwyczaj musieli dostarczy\u0107:<\/p>\n\n<ul class=\"wp-block-list\">\n<li>Dane osobowe i paszportowe<\/li>\n\n\n\n<li>Szczeg\u00f3\u0142y podr\u00f3\u017cy<\/li>\n\n\n\n<li>Odpowiedzi na pytania dotycz\u0105ce bezpiecze\u0144stwa i zdrowia<\/li>\n<\/ul>\n\n<p>Ich aplikacja zostanie nast\u0119pnie automatycznie sprawdzona w europejskich i mi\u0119dzynarodowych bazach danych.<\/p>\n\n<h3 class=\"wp-block-heading\">W przypadku odmowy<\/h3>\n\n<p>Je\u015bli wniosek ETIAS zostanie odrzucony:<\/p>\n\n<ul class=\"wp-block-list\">\n<li>Podr\u00f3\u017cny otrzyma informacj\u0119 o przyczynie odmowy<\/li>\n\n\n\n<li>Mog\u0105 oni mie\u0107 mo\u017cliwo\u015b\u0107 z\u0142o\u017cenia odwo\u0142ania lub ubiegania si\u0119 o wiz\u0119<\/li>\n<\/ul>\n\n<h2 class=\"wp-block-heading\">Dlaczego ETIAS ma znaczenie dla przysz\u0142ych podr\u00f3\u017cy<\/h2>\n\n<p>ETIAS stanowi zmian\u0119 w sposobie, w jaki Europa zarz\u0105dza swoimi granicami. Nawet podr\u00f3\u017cni zwolnieni z obowi\u0105zku wizowego &#8211; w tym ci z Fid\u017ci &#8211; musz\u0105 teraz <strong>planowa\u0107 podr\u00f3\u017c z wyprzedzeniem<\/strong>. <\/p>\n\n<p>System ma na celu:<\/p>\n\n<ul class=\"wp-block-list\">\n<li>Wzmocnienie <strong>bezpiecze\u0144stwa w ca\u0142ej Europie<\/strong><\/li>\n\n\n\n<li>Poprawa <strong>wydajno\u015bci zarz\u0105dzania granicami<\/strong><\/li>\n\n\n\n<li>Utrzymanie <strong>bezpiecznej i p\u0142ynnej podr\u00f3\u017cy<\/strong><\/li>\n<\/ul>\n\n<h2 class=\"wp-block-heading\">Kluczowe wnioski<\/h2>\n\n<ul class=\"wp-block-list\">\n<li>ETIAS jest europejskim odpowiednikiem systemu ESTA<\/li>\n\n\n\n<li>Oczekuje si\u0119, \u017ce stanie si\u0119 on obowi\u0105zkowy w <strong>2027<\/strong> roku<\/li>\n\n\n\n<li>Dotyczy to podr\u00f3\u017cnych zwolnionych z obowi\u0105zku wizowego, w tym os\u00f3b z Fid\u017ci<\/li>\n\n\n\n<li>Proces jest <strong>prosty, cyfrowy i wa\u017cny dla wielu podr\u00f3\u017cy<\/strong><\/li>\n<\/ul>\n\n<p>Dla podr\u00f3\u017cnych z Fid\u017ci, kt\u00f3rzy marz\u0105 o odwiedzeniu Europy, ETIAS b\u0119dzie ma\u0142ym, ale istotnym krokiem w przygotowaniach do podr\u00f3\u017cy.<\/p>\n","protected":false},"excerpt":{"rendered":"<p>Europejski System Informacji i Autoryzacji Podr\u00f3\u017cy (ETIAS) jest bezpo\u015brednio inspirowany ameryka\u0144skim Elektronicznym Systemem Autoryzacji Podr\u00f3\u017cy (ESTA). Podobnie jak jego ameryka\u0144ski odpowiednik, ETIAS nie jest wiz\u0105, ale wst\u0119pnym zezwoleniem na podr\u00f3\u017c wymaganym od os\u00f3b zwolnionych z obowi\u0105zku wizowego wje\u017cd\u017caj\u0105cych do Europy. Jego g\u0142\u00f3wnym celem jest zwi\u0119kszenie bezpiecze\u0144stwa granic poprzez sprawdzanie podr\u00f3\u017cnych przed ich przybyciem do strefy [&hellip;]<\/p>\n","protected":false},"author":1,"featured_media":0,"parent":0,"menu_order":0,"comment_status":"closed","ping_status":"closed","template":"","meta":{"footnotes":""},"class_list":["post-697","page","type-page","status-publish","hentry"],"_links":{"self":[{"href":"https:\/\/www.fijiembassy.org\/pl\/wp-json\/wp\/v2\/pages\/697","targetHints":{"allow":["GET"]}}],"collection":[{"href":"https:\/\/www.fijiembassy.org\/pl\/wp-json\/wp\/v2\/pages"}],"about":[{"href":"https:\/\/www.fijiembassy.org\/pl\/wp-json\/wp\/v2\/types\/page"}],"author":[{"embeddable":true,"href":"https:\/\/www.fijiembassy.org\/pl\/wp-json\/wp\/v2\/users\/1"}],"replies":[{"embeddable":true,"href":"https:\/\/www.fijiembassy.org\/pl\/wp-json\/wp\/v2\/comments?post=697"}],"version-history":[{"count":5,"href":"https:\/\/www.fijiembassy.org\/pl\/wp-json\/wp\/v2\/pages\/697\/revisions"}],"predecessor-version":[{"id":769,"href":"https:\/\/www.fijiembassy.org\/pl\/wp-json\/wp\/v2\/pages\/697\/revisions\/769"}],"wp:attachment":[{"href":"https:\/\/www.fijiembassy.org\/pl\/wp-json\/wp\/v2\/media?parent=697"}],"curies":[{"name":"wp","href":"https:\/\/api.w.org\/{rel}","templated":true}]}}