{"id":588,"date":"2025-05-26T14:12:41","date_gmt":"2025-05-26T12:12:41","guid":{"rendered":"https:\/\/www.fijiembassy.org\/uslugi-konsularne\/"},"modified":"2025-05-26T14:29:02","modified_gmt":"2025-05-26T12:29:02","slug":"uslugi-konsularne","status":"publish","type":"page","link":"https:\/\/www.fijiembassy.org\/pl\/uslugi-konsularne\/","title":{"rendered":"Us\u0142ugi konsularne w ambasadzie USA na Fid\u017ci"},"content":{"rendered":"\n<p>Ambasada USA w Suva oferuje r\u00f3\u017cne us\u0142ugi konsularne dla obywateli USA i lokalnych mieszka\u0144c\u00f3w.<\/p>\n\n<h2 class=\"wp-block-heading\">Us\u0142ugi dla obywateli USA<\/h2>\n\n<h3 class=\"wp-block-heading\">Odnowienie paszportu<\/h3>\n\n<p>Paszport ameryka\u0144ski mo\u017cna odnowi\u0107 w ambasadzie. Zarezerwuj wizyt\u0119 online i przynie\u015b wymagane dokumenty.   <\/p>\n\n<h3 class=\"wp-block-heading\">Pomoc w nag\u0142ych wypadkach<\/h3>\n\n<p>Ambasada mo\u017ce pom\u00f3c w przypadkach:<\/p>\n\n<ul class=\"wp-block-list\">\n<li>Zgubiony lub skradziony paszport<\/li>\n\n\n\n<li>Aresztowanie lub zatrzymanie<\/li>\n\n\n\n<li>Nag\u0142e przypadki medyczne<\/li>\n\n\n\n<li>\u015amier\u0107 obywatela USA<\/li>\n\n\n\n<li>Kl\u0119ski \u017cywio\u0142owe<\/li>\n<\/ul>\n\n<h3 class=\"wp-block-heading\">Zg\u0142oszenie konsularne urodzenia za granic\u0105 (CRBA)<\/h3>\n\n<p>Je\u015bli Twoje dziecko urodzi\u0142o si\u0119 na Fid\u017ci, mo\u017cesz ubiega\u0107 si\u0119 o ameryka\u0144ski akt urodzenia i paszport.<\/p>\n\n<h3 class=\"wp-block-heading\">Us\u0142ugi notarialne<\/h3>\n\n<p>Ambasada mo\u017ce po\u015bwiadczy\u0107 notarialnie niekt\u00f3re dokumenty do cel\u00f3w urz\u0119dowych lub prawnych. Wymagane jest um\u00f3wienie si\u0119 na spotkanie. <\/p>\n\n<h3 class=\"wp-block-heading\">Wniosek wizowy<\/h3>\n\n<p><a href=\"https:\/\/www.fijiembassy.org\/pl\/\" data-type=\"page\" data-id=\"18\">Ameryka\u0144ska ambasada na Fid\u017ci<\/a> oferuje szereg wiz nieimigracyjnych i imigracyjnych dla kwalifikuj\u0105cych si\u0119 wnioskodawc\u00f3w. Niezale\u017cnie od tego, czy przyje\u017cd\u017casz w celach turystycznych, biznesowych, naukowych czy rodzinnych, ambasada zapewnia jasne wytyczne, aby zapewni\u0107 sprawne rozpatrzenie wniosku. <a href=\"https:\/\/www.fijiembassy.org\/pl\/wniosek-o-wize-amerykanska-w-ambasadzie-amerykanskiej-na-fidzi\/\" data-type=\"page\" data-id=\"522\">Ubieganie si\u0119 o ameryka\u0144sk\u0105 wiz\u0119 turystyczn\u0105<\/a> lokalnie na Fid\u017ci mo\u017ce upro\u015bci\u0107 proces, je\u015bli ju\u017c tam mieszkasz lub jeste\u015b obywatelem Fid\u017ci. <\/p>\n\n<h2 class=\"wp-block-heading\">Pomoc w sytuacjach kryzysowych<\/h2>\n\n<p>W przypadku kryzysu (cyklon, zamieszki itp.) ambasada USA mo\u017ce:<\/p>\n\n<ul class=\"wp-block-list\">\n<li>Wysy\u0142anie alert\u00f3w do obywateli USA<\/li>\n\n\n\n<li>Pomoc w ewakuacji w razie potrzeby<\/li>\n\n\n\n<li>Udost\u0119pnianie instrukcji dotycz\u0105cych bezpiecze\u0144stwa i podr\u00f3\u017cy<\/li>\n<\/ul>\n\n<h2 class=\"wp-block-heading\">Rejestracja KROK po KROKU<\/h2>\n\n<p>Obywatele USA mieszkaj\u0105cy lub podr\u00f3\u017cuj\u0105cy na Fid\u017ci powinni zarejestrowa\u0107 si\u0119 w programie <a href=\"https:\/\/mytravel.state.gov\/s\/step\">STEP (Smart Traveler Enrollment Program)<\/a>. Pomo\u017ce to ambasadzie skontaktowa\u0107 si\u0119 z Tob\u0105 w nag\u0142ych wypadkach. <\/p>\n\n<h2 class=\"wp-block-heading\">Kontakt w sprawie pomocy konsularnej<\/h2>\n\n<ul class=\"wp-block-list\">\n<li>\ud83d\udce7 Email: <a>SuvaACS@state.gov<\/a><\/li>\n\n\n\n<li>\u260e\ufe0f Telefon: (+679) 331-4466<\/li>\n\n\n\n<li>\ud83c\udf10 Strona internetowa: <a>fj.usembassy.gov<\/a><\/li>\n<\/ul>\n","protected":false},"excerpt":{"rendered":"<p>Ambasada USA w Suva oferuje r\u00f3\u017cne us\u0142ugi konsularne dla obywateli USA i lokalnych mieszka\u0144c\u00f3w. Us\u0142ugi dla obywateli USA Odnowienie paszportu Paszport ameryka\u0144ski mo\u017cna odnowi\u0107 w ambasadzie. Zarezerwuj wizyt\u0119 online i przynie\u015b wymagane dokumenty. Pomoc w nag\u0142ych wypadkach Ambasada mo\u017ce pom\u00f3c w przypadkach: Zg\u0142oszenie konsularne urodzenia za granic\u0105 (CRBA) Je\u015bli Twoje dziecko urodzi\u0142o si\u0119 na Fid\u017ci, [&hellip;]<\/p>\n","protected":false},"author":1,"featured_media":0,"parent":0,"menu_order":0,"comment_status":"closed","ping_status":"closed","template":"","meta":{"footnotes":""},"class_list":["post-588","page","type-page","status-publish","hentry"],"_links":{"self":[{"href":"https:\/\/www.fijiembassy.org\/pl\/wp-json\/wp\/v2\/pages\/588","targetHints":{"allow":["GET"]}}],"collection":[{"href":"https:\/\/www.fijiembassy.org\/pl\/wp-json\/wp\/v2\/pages"}],"about":[{"href":"https:\/\/www.fijiembassy.org\/pl\/wp-json\/wp\/v2\/types\/page"}],"author":[{"embeddable":true,"href":"https:\/\/www.fijiembassy.org\/pl\/wp-json\/wp\/v2\/users\/1"}],"replies":[{"embeddable":true,"href":"https:\/\/www.fijiembassy.org\/pl\/wp-json\/wp\/v2\/comments?post=588"}],"version-history":[{"count":4,"href":"https:\/\/www.fijiembassy.org\/pl\/wp-json\/wp\/v2\/pages\/588\/revisions"}],"predecessor-version":[{"id":658,"href":"https:\/\/www.fijiembassy.org\/pl\/wp-json\/wp\/v2\/pages\/588\/revisions\/658"}],"wp:attachment":[{"href":"https:\/\/www.fijiembassy.org\/pl\/wp-json\/wp\/v2\/media?parent=588"}],"curies":[{"name":"wp","href":"https:\/\/api.w.org\/{rel}","templated":true}]}}