{"id":541,"date":"2025-03-03T15:22:17","date_gmt":"2025-03-03T14:22:17","guid":{"rendered":"https:\/\/www.fijiembassy.org\/wniosek-o-wize-amerykanska-w-ambasadzie-amerykanskiej-na-fidzi\/"},"modified":"2025-05-26T14:26:22","modified_gmt":"2025-05-26T12:26:22","slug":"wniosek-o-wize-amerykanska-w-ambasadzie-amerykanskiej-na-fidzi","status":"publish","type":"page","link":"https:\/\/www.fijiembassy.org\/pl\/wniosek-o-wize-amerykanska-w-ambasadzie-amerykanskiej-na-fidzi\/","title":{"rendered":"Wniosek o wiz\u0119 ameryka\u0144sk\u0105 w ambasadzie ameryka\u0144skiej na Fid\u017ci"},"content":{"rendered":"\n<p>Planujesz podr\u00f3\u017c do Stan\u00f3w Zjednoczonych i zastanawiasz si\u0119, jak przej\u015b\u0107 przez proces ubiegania si\u0119 o wiz\u0119 ameryka\u0144sk\u0105 w <a href=\"https:\/\/www.fijiembassy.org\/pl\/\" data-type=\"page\" data-id=\"18\">ambasadzie ameryka\u0144skiej na Fid\u017ci<\/a>? Niniejszy przewodnik ma na celu pom\u00f3c w zrozumieniu wymaga\u0144, krok\u00f3w i wskaz\u00f3wek dotycz\u0105cych sprawnego i pomy\u015blnego z\u0142o\u017cenia wniosku wizowego. <\/p>\n\n<h2 class=\"wp-block-heading\">Dlaczego warto ubiega\u0107 si\u0119 o wiz\u0119 ameryka\u0144sk\u0105 na Fid\u017ci?<\/h2>\n\n<p>Ameryka\u0144ska ambasada na Fid\u017ci oferuje szereg wiz nieimigracyjnych i imigracyjnych dla kwalifikuj\u0105cych si\u0119 wnioskodawc\u00f3w. Niezale\u017cnie od tego, czy przyje\u017cd\u017casz w celach turystycznych, biznesowych, naukowych czy rodzinnych, ambasada zapewnia jasne wytyczne, aby zapewni\u0107 sprawne rozpatrzenie wniosku. Z\u0142o\u017cenie wniosku lokalnie na Fid\u017ci mo\u017ce upro\u015bci\u0107 proces, je\u015bli ju\u017c tam mieszkasz lub jeste\u015b obywatelem Fid\u017ci.  <\/p>\n\n<h2 class=\"wp-block-heading\">Kroki ubiegania si\u0119 o wiz\u0119 ameryka\u0144sk\u0105<\/h2>\n\n<ol class=\"wp-block-list\">\n<li>Okre\u015bl rodzaj wizy, kt\u00f3rej potrzebujesz<br\/>Przed rozpocz\u0119ciem sk\u0142adania wniosku zapoznaj si\u0119 z r\u00f3\u017cnymi kategoriami wiz na oficjalnej stronie ambasady. Upewnij si\u0119, \u017ce wybra\u0142e\u015b odpowiedni typ wizy w zale\u017cno\u015bci od celu podr\u00f3\u017cy. Typowe wizy obejmuj\u0105 <a href=\"https:\/\/usa-b2.com\/en\/visa-b2\/\">wizy turystyczne (B1\/B2)<\/a>, studenckie (F1\/M1) i biznesowe.  <\/li>\n\n\n\n<li>Wype\u0142nij internetowy formularz zg\u0142oszeniowy (DS-160)<br\/>Dok\u0142adnie wype\u0142nij formularz DS-160. Formularz ten wymaga podania szczeg\u00f3\u0142owych danych osobowych, plan\u00f3w podr\u00f3\u017cy i informacji og\u00f3lnych. Po wype\u0142nieniu formularza zapisz stron\u0119 z potwierdzeniem, poniewa\u017c b\u0119dzie ona potrzebna podczas rozmowy kwalifikacyjnej.  <\/li>\n\n\n\n<li>Ui\u015b\u0107 op\u0142at\u0119 za wniosek wizowy<br\/>Metody p\u0142atno\u015bci i kwoty op\u0142at mog\u0105 si\u0119 r\u00f3\u017cni\u0107 w zale\u017cno\u015bci od rodzaju wizy. Sprawd\u017a najnowsz\u0105 tabel\u0119 op\u0142at na stronie ambasady. Upewnij si\u0119, \u017ce zachowa\u0142e\u015b pokwitowanie jako dow\u00f3d p\u0142atno\u015bci.  <\/li>\n\n\n\n<li>Zaplanuj rozmow\u0119 kwalifikacyjn\u0105<br\/>Rozmowy kwalifikacyjne s\u0105 kluczow\u0105 cz\u0119\u015bci\u0105 procesu aplikacyjnego. Um\u00f3w si\u0119 na spotkanie w ambasadzie ameryka\u0144skiej na Fid\u017ci. Zaleca si\u0119 wcze\u015bniejsze planowanie, poniewa\u017c czas oczekiwania mo\u017ce si\u0119 r\u00f3\u017cni\u0107, szczeg\u00f3lnie w szczycie sezonu turystycznego.  <\/li>\n\n\n\n<li>Przygotuj si\u0119 do rozmowy kwalifikacyjnej<br\/>Zbierz wszystkie wymagane dokumenty, takie jak paszport, strona potwierdzaj\u0105ca DS-160, potwierdzenie op\u0142aty i dokumenty uzupe\u0142niaj\u0105ce, takie jak o\u015bwiadczenia finansowe, listy dotycz\u0105ce zatrudnienia lub listy z zaproszeniami. Przygotuj si\u0119 do wyja\u015bnienia celu podr\u00f3\u017cy i zademonstrowania wi\u0119zi z krajem pochodzenia. <\/li>\n<\/ol>\n\n<h2 class=\"wp-block-heading\">Wskaz\u00f3wki dotycz\u0105ce udanej aplikacji<\/h2>\n\n<ul class=\"wp-block-list\">\n<li>Sprawd\u017a dok\u0142adnie wszystkie informacje w formularzu DS-160, aby unikn\u0105\u0107 b\u0142\u0119d\u00f3w.<\/li>\n\n\n\n<li>Przygotuj jasne i zwi\u0119z\u0142e odpowiedzi na rozmow\u0119 kwalifikacyjn\u0105.<\/li>\n\n\n\n<li>Dostarczy\u0107 prawdziw\u0105 dokumentacj\u0119 na poparcie swojej aplikacji.<\/li>\n\n\n\n<li>Post\u0119puj zgodnie z najnowszymi wytycznymi ambasady ameryka\u0144skiej na Fid\u017ci dotycz\u0105cymi wszelkich zmian w procesie.<\/li>\n<\/ul>\n\n<h2 class=\"wp-block-heading\">Wsp\u00f3lne wyzwania i rozwi\u0105zania<\/h2>\n\n<p>Wielu wnioskodawc\u00f3w napotyka wyzwania, takie jak rozbie\u017cno\u015bci w dokumentach lub problemy z harmonogramem. Je\u015bli napotkasz problem, skontaktuj si\u0119 z ambasad\u0105 lub odwied\u017a jej oficjaln\u0105 stron\u0119 internetow\u0105, aby uzyska\u0107 dost\u0119p do cz\u0119sto zadawanych pyta\u0144 i us\u0142ug wsparcia. Zapewnienie dok\u0142adno\u015bci i terminowo\u015bci mo\u017ce zapobiec niepotrzebnym op\u00f3\u017anieniom w procesie aplikacji.  <\/p>\n\n<h2 class=\"wp-block-heading\">Ko\u0144cowe przemy\u015blenia<\/h2>\n\n<p>Proces ubiegania si\u0119 o wiz\u0119 ameryka\u0144sk\u0105 w ambasadzie ameryka\u0144skiej na Fid\u017ci zosta\u0142 zaprojektowany tak, aby by\u0142 prosty, je\u015bli dok\u0142adnie zastosujesz si\u0119 do wytycznych. Zrozumienie poszczeg\u00f3lnych krok\u00f3w, przygotowanie ca\u0142ej wymaganej dokumentacji i wcze\u015bniejsze zaplanowanie rozmowy kwalifikacyjnej mo\u017ce zwi\u0119kszy\u0107 szanse na pomy\u015blne rozpatrzenie wniosku. Najnowsze aktualizacje i szczeg\u00f3\u0142owe informacje mo\u017cna zawsze znale\u017a\u0107 na oficjalnej stronie ambasady ameryka\u0144skiej na Fid\u017ci.  <\/p>\n\n<p>Niezale\u017cnie od tego, czy planujesz kr\u00f3tk\u0105 wizyt\u0119, czy d\u0142ugoterminowy pobyt w Stanach Zjednoczonych, dobrze przygotowany wniosek wizowy jest pierwszym krokiem do udanej podr\u00f3\u017cy. Powodzenia w procesie aplikacyjnym! <\/p>\n","protected":false},"excerpt":{"rendered":"<p>Planujesz podr\u00f3\u017c do Stan\u00f3w Zjednoczonych i zastanawiasz si\u0119, jak przej\u015b\u0107 przez proces ubiegania si\u0119 o wiz\u0119 ameryka\u0144sk\u0105 w ambasadzie ameryka\u0144skiej na Fid\u017ci? Niniejszy przewodnik ma na celu pom\u00f3c w zrozumieniu wymaga\u0144, krok\u00f3w i wskaz\u00f3wek dotycz\u0105cych sprawnego i pomy\u015blnego z\u0142o\u017cenia wniosku wizowego. Dlaczego warto ubiega\u0107 si\u0119 o wiz\u0119 ameryka\u0144sk\u0105 na Fid\u017ci? Ameryka\u0144ska ambasada na Fid\u017ci oferuje [&hellip;]<\/p>\n","protected":false},"author":1,"featured_media":0,"parent":0,"menu_order":0,"comment_status":"closed","ping_status":"closed","template":"","meta":{"footnotes":""},"class_list":["post-541","page","type-page","status-publish","hentry"],"_links":{"self":[{"href":"https:\/\/www.fijiembassy.org\/pl\/wp-json\/wp\/v2\/pages\/541","targetHints":{"allow":["GET"]}}],"collection":[{"href":"https:\/\/www.fijiembassy.org\/pl\/wp-json\/wp\/v2\/pages"}],"about":[{"href":"https:\/\/www.fijiembassy.org\/pl\/wp-json\/wp\/v2\/types\/page"}],"author":[{"embeddable":true,"href":"https:\/\/www.fijiembassy.org\/pl\/wp-json\/wp\/v2\/users\/1"}],"replies":[{"embeddable":true,"href":"https:\/\/www.fijiembassy.org\/pl\/wp-json\/wp\/v2\/comments?post=541"}],"version-history":[{"count":2,"href":"https:\/\/www.fijiembassy.org\/pl\/wp-json\/wp\/v2\/pages\/541\/revisions"}],"predecessor-version":[{"id":599,"href":"https:\/\/www.fijiembassy.org\/pl\/wp-json\/wp\/v2\/pages\/541\/revisions\/599"}],"wp:attachment":[{"href":"https:\/\/www.fijiembassy.org\/pl\/wp-json\/wp\/v2\/media?parent=541"}],"curies":[{"name":"wp","href":"https:\/\/api.w.org\/{rel}","templated":true}]}}