{"id":696,"date":"2026-04-07T14:36:48","date_gmt":"2026-04-07T12:36:48","guid":{"rendered":"https:\/\/www.fijiembassy.org\/etias\/"},"modified":"2026-04-07T14:55:22","modified_gmt":"2026-04-07T12:55:22","slug":"etias","status":"publish","type":"page","link":"https:\/\/www.fijiembassy.org\/no\/etias\/","title":{"rendered":"ETIAS 2027: Hva Fiji-reisende trenger \u00e5 vite"},"content":{"rendered":"\n<p>European Travel Information and Authorisation System (ETIAS) er direkte inspirert av det amerikanske <strong>Electronic System for Travel Authorization (ESTA)<\/strong>. I likhet med sitt amerikanske motstykke er ETIAS ikke et visum, men en forh\u00e5ndsgodkjenning som kreves for visumfrie bes\u00f8kende som reiser inn i Europa. <\/p>\n\n<p>Hovedm\u00e5let er \u00e5 styrke grensesikkerheten ved \u00e5 screene reisende f\u00f8r de ankommer <a href=\"https:\/\/www.consilium.europa.eu\/en\/policies\/schengen-area\/\">Schengen-omr\u00e5det<\/a>. Ved \u00e5 kryssjekke s\u00f8kere mot internasjonale sikkerhetsdatabaser har europeiske myndigheter som m\u00e5l \u00e5 oppdage potensielle risikoer p\u00e5 et tidlig tidspunkt, samtidig som reisestr\u00f8mmen opprettholdes. <\/p>\n\n<h2 class=\"wp-block-heading\">En lansering som n\u00e5 er planlagt til 2027<\/h2>\n\n<p>Etter flere forsinkelser forventes <a href=\"https:\/\/etias-eu.net\/en\/\">ETIAS<\/a> n\u00e5 \u00e5 v\u00e6re i full drift i 2027, etter en trinnvis utrulling:<\/p>\n\n<ul class=\"wp-block-list\">\n<li>Sent i 2026: systemet tas i bruk (enn\u00e5 ikke obligatorisk)<\/li>\n\n\n\n<li>2027: autorisasjon blir obligatorisk for de fleste reisende<\/li>\n\n\n\n<li>Overgangsperiode: fleksibilitet for tidlige reisende i de f\u00f8rste m\u00e5nedene<\/li>\n<\/ul>\n\n<p>Forsinkelsen skyldes i stor grad implementeringen av Entry\/Exit System (EES), et biometrisk grensekontrollsystem som m\u00e5 v\u00e6re i drift f\u00f8r ETIAS kan fungere effektivt.<\/p>\n\n<h2 class=\"wp-block-heading\">Slik fungerer ETIAS<\/h2>\n\n<p>N\u00e5r ETIAS er p\u00e5 plass, vil det v\u00e6re n\u00f8dvendig med ETIAS for korte opphold (opptil 90 dager i l\u00f8pet av en 180-dagers periode) i Schengen-omr\u00e5det.<\/p>\n\n<p>Viktige funksjoner:<\/p>\n\n<ul class=\"wp-block-list\">\n<li>S\u00f8knaden fylles ut p\u00e5 nett f\u00f8r avreise<\/li>\n\n\n\n<li>Liten avgift (forventet rundt 20 euro, med forbehold om oppdateringer)<\/li>\n\n\n\n<li>Rask behandling (ofte i l\u00f8pet av minutter, noen ganger noen f\u00e5 dager)<\/li>\n\n\n\n<li>Gyldig i 3 \u00e5r eller til passet utl\u00f8per<\/li>\n\n\n\n<li>Tillater flere innreiser til Europa<\/li>\n<\/ul>\n\n<p>Det er viktig \u00e5 merke seg at ETIAS-godkjenning ikke garanterer innreise &#8211; det er fortsatt grensemyndighetene som tar den endelige avgj\u00f8relsen ved ankomst.<\/p>\n\n<h2 class=\"wp-block-heading\">Spesielt fokus: Reisende fra Fiji<\/h2>\n\n<p>Innbyggere i Fiji har i dag visumfri adgang til Schengen-omr\u00e5det for kortere opphold. Med innf\u00f8ringen av ETIAS beholdes dette privilegiet &#8211; men med et ekstra trinn. <\/p>\n\n<h3 class=\"wp-block-heading\">Hvilke endringer for Fiji-reisende<\/h3>\n\n<p>Fra og med 2027 m\u00e5 reisende fra Fiji<\/p>\n\n<ul class=\"wp-block-list\">\n<li>S\u00f8k om ETIAS f\u00f8r du reiser til Europa<\/li>\n\n\n\n<li>Fyll ut et enkelt nettskjema (ingen bes\u00f8k til <a href=\"https:\/\/www.fijiembassy.org\/\" data-type=\"page\" data-id=\"581\">Fijis ambassade<\/a> er n\u00f8dvendig)<\/li>\n\n\n\n<li>Motta godkjenning f\u00f8r ombordstigning p\u00e5 flyet<\/li>\n<\/ul>\n\n<h3 class=\"wp-block-heading\">Krav og betraktninger<\/h3>\n\n<p>Fijianske s\u00f8kere m\u00e5 vanligvis oppgi<\/p>\n\n<ul class=\"wp-block-list\">\n<li>Person- og passinformasjon<\/li>\n\n\n\n<li>Reisedetaljer<\/li>\n\n\n\n<li>Svar p\u00e5 sikkerhets- og helserelaterte sp\u00f8rsm\u00e5l<\/li>\n<\/ul>\n\n<p>S\u00f8knaden deres blir deretter automatisk sjekket mot europeiske og internasjonale databaser.<\/p>\n\n<h3 class=\"wp-block-heading\">I tilfelle avslag<\/h3>\n\n<p>Hvis en ETIAS-s\u00f8knad avsl\u00e5s:<\/p>\n\n<ul class=\"wp-block-list\">\n<li>Den reisende vil motta en begrunnelse for avslaget<\/li>\n\n\n\n<li>De kan ha mulighet til \u00e5 klage eller s\u00f8ke om visum<\/li>\n<\/ul>\n\n<h2 class=\"wp-block-heading\">Hvorfor ETIAS er viktig for fremtidens reiser<\/h2>\n\n<p>ETIAS representerer et skifte i hvordan Europa forvalter sine grenser. Selv reisende som er fritatt for visum, inkludert reisende fra Fiji, m\u00e5 n\u00e5 <strong>planlegge f\u00f8r avreise<\/strong>. <\/p>\n\n<p>Systemet har som m\u00e5l \u00e5:<\/p>\n\n<ul class=\"wp-block-list\">\n<li>Styrke <strong>sikkerheten i hele Europa<\/strong><\/li>\n\n\n\n<li>Forbedre <strong>effektiviteten i grenseforvaltningen<\/strong><\/li>\n\n\n\n<li>Oppretthold <strong>en trygg og s\u00f8ml\u00f8s reise<\/strong><\/li>\n<\/ul>\n\n<h2 class=\"wp-block-heading\">Viktige l\u00e6ringspunkter<\/h2>\n\n<ul class=\"wp-block-list\">\n<li>ETIAS er Europas svar p\u00e5 ESTA-systemet<\/li>\n\n\n\n<li>Det forventes \u00e5 bli obligatorisk i <strong>2027<\/strong><\/li>\n\n\n\n<li>Det gjelder for reisende som er fritatt for visum, inkludert reisende fra Fiji<\/li>\n\n\n\n<li>Prosessen er <strong>enkel, digital og gyldig for flere reiser<\/strong><\/li>\n<\/ul>\n\n<p>For Fiji-reisende som dr\u00f8mmer om \u00e5 bes\u00f8ke Europa, vil ETIAS v\u00e6re et lite, men viktig skritt i forberedelsene til reisen.<\/p>\n","protected":false},"excerpt":{"rendered":"<p>European Travel Information and Authorisation System (ETIAS) er direkte inspirert av det amerikanske Electronic System for Travel Authorization (ESTA). I likhet med sitt amerikanske motstykke er ETIAS ikke et visum, men en forh\u00e5ndsgodkjenning som kreves for visumfrie bes\u00f8kende som reiser inn i Europa. Hovedm\u00e5let er \u00e5 styrke grensesikkerheten ved \u00e5 screene reisende f\u00f8r de ankommer [&hellip;]<\/p>\n","protected":false},"author":1,"featured_media":0,"parent":0,"menu_order":0,"comment_status":"closed","ping_status":"closed","template":"","meta":{"footnotes":""},"class_list":["post-696","page","type-page","status-publish","hentry"],"_links":{"self":[{"href":"https:\/\/www.fijiembassy.org\/no\/wp-json\/wp\/v2\/pages\/696","targetHints":{"allow":["GET"]}}],"collection":[{"href":"https:\/\/www.fijiembassy.org\/no\/wp-json\/wp\/v2\/pages"}],"about":[{"href":"https:\/\/www.fijiembassy.org\/no\/wp-json\/wp\/v2\/types\/page"}],"author":[{"embeddable":true,"href":"https:\/\/www.fijiembassy.org\/no\/wp-json\/wp\/v2\/users\/1"}],"replies":[{"embeddable":true,"href":"https:\/\/www.fijiembassy.org\/no\/wp-json\/wp\/v2\/comments?post=696"}],"version-history":[{"count":5,"href":"https:\/\/www.fijiembassy.org\/no\/wp-json\/wp\/v2\/pages\/696\/revisions"}],"predecessor-version":[{"id":771,"href":"https:\/\/www.fijiembassy.org\/no\/wp-json\/wp\/v2\/pages\/696\/revisions\/771"}],"wp:attachment":[{"href":"https:\/\/www.fijiembassy.org\/no\/wp-json\/wp\/v2\/media?parent=696"}],"curies":[{"name":"wp","href":"https:\/\/api.w.org\/{rel}","templated":true}]}}