{"id":591,"date":"2025-05-26T14:12:47","date_gmt":"2025-05-26T12:12:47","guid":{"rendered":"https:\/\/www.fijiembassy.org\/konsulaere-tjenester\/"},"modified":"2025-05-26T14:29:02","modified_gmt":"2025-05-26T12:29:02","slug":"konsulaere-tjenester","status":"publish","type":"page","link":"https:\/\/www.fijiembassy.org\/no\/konsulaere-tjenester\/","title":{"rendered":"Konsul\u00e6re tjenester ved den amerikanske ambassaden i Fiji"},"content":{"rendered":"\n<p>Den amerikanske ambassaden i Suva tilbyr ulike konsul\u00e6re tjenester for amerikanske statsborgere og lokale innbyggere.<\/p>\n\n<h2 class=\"wp-block-heading\">Tjenester for amerikanske statsborgere<\/h2>\n\n<h3 class=\"wp-block-heading\">Fornyelse av pass<\/h3>\n\n<p>Du kan fornye det amerikanske passet ditt p\u00e5 ambassaden. Bestill time p\u00e5 nettet og ta med de n\u00f8dvendige dokumentene.   <\/p>\n\n<h3 class=\"wp-block-heading\">N\u00f8dhjelp<\/h3>\n\n<p>Ambassaden kan hjelpe til i tilfeller av:<\/p>\n\n<ul class=\"wp-block-list\">\n<li>Mistet eller stj\u00e5let pass<\/li>\n\n\n\n<li>Arrestasjon eller fengsling<\/li>\n\n\n\n<li>Medisinske n\u00f8dsituasjoner<\/li>\n\n\n\n<li>En amerikansk statsborgers d\u00f8d<\/li>\n\n\n\n<li>Naturkatastrofer<\/li>\n<\/ul>\n\n<h3 class=\"wp-block-heading\">Konsul\u00e6r rapport om f\u00f8dsel i utlandet (CRBA)<\/h3>\n\n<p>Hvis barnet ditt er f\u00f8dt i Fiji, kan du s\u00f8ke om amerikansk f\u00f8dselsattest og pass.<\/p>\n\n<h3 class=\"wp-block-heading\">Notarielle tjenester<\/h3>\n\n<p>Ambassaden kan notarialbekrefte visse dokumenter til offisielt eller juridisk bruk. Tidsbestilling er p\u00e5krevd. <\/p>\n\n<h3 class=\"wp-block-heading\">Visums\u00f8knad<\/h3>\n\n<p><a href=\"https:\/\/www.fijiembassy.org\/no\/\" data-type=\"page\" data-id=\"18\">Den amerikanske ambassaden i Fiji<\/a> tilbyr en rekke visum for ikke-immigranter og immigranter til kvalifiserte s\u00f8kere. Enten du er p\u00e5 bes\u00f8k for turisme, forretninger, studier eller familieform\u00e5l, gir ambassaden klare retningslinjer for \u00e5 sikre at s\u00f8knaden din blir behandlet effektivt. Hvis du allerede er bosatt i Fiji eller er statsborger i Fiji, kan det forenkle prosessen \u00e5 <a href=\"https:\/\/www.fijiembassy.org\/no\/soknad-om-amerikansk-visum-ved-den-amerikanske-ambassaden-i-fiji\/\" data-type=\"page\" data-id=\"522\">s\u00f8ke om turistvisum<\/a> lokalt i Fiji. <\/p>\n\n<h2 class=\"wp-block-heading\">Krisehjelp<\/h2>\n\n<p>I tilfelle en krise (syklon, uroligheter osv.) kan den amerikanske ambassaden:<\/p>\n\n<ul class=\"wp-block-list\">\n<li>Send varsler til amerikanske statsborgere<\/li>\n\n\n\n<li>Hjelp med evakuering om n\u00f8dvendig<\/li>\n\n\n\n<li>Del sikkerhets- og reiseinstruksjoner<\/li>\n<\/ul>\n\n<h2 class=\"wp-block-heading\">STEP p\u00e5melding<\/h2>\n\n<p>Amerikanske statsborgere som bor eller reiser p\u00e5 Fiji, b\u00f8r melde seg inn i <a href=\"https:\/\/mytravel.state.gov\/s\/step\">STEP (Smart Traveler Enrollment Program).<\/a> Dette hjelper ambassaden med \u00e5 n\u00e5 deg i n\u00f8dstilfeller. <\/p>\n\n<h2 class=\"wp-block-heading\">Kontakt for konsul\u00e6r bistand<\/h2>\n\n<ul class=\"wp-block-list\">\n<li>\ud83d\udce7 E-post: <a>SuvaACS@state.gov<\/a><\/li>\n\n\n\n<li>\u260e\ufe0f Telefon: (+679) 331-4466<\/li>\n\n\n\n<li>\ud83c\udf10 Nettsted: <a>fj.usembassy.gov<\/a><\/li>\n<\/ul>\n","protected":false},"excerpt":{"rendered":"<p>Den amerikanske ambassaden i Suva tilbyr ulike konsul\u00e6re tjenester for amerikanske statsborgere og lokale innbyggere. Tjenester for amerikanske statsborgere Fornyelse av pass Du kan fornye det amerikanske passet ditt p\u00e5 ambassaden. Bestill time p\u00e5 nettet og ta med de n\u00f8dvendige dokumentene. N\u00f8dhjelp Ambassaden kan hjelpe til i tilfeller av: Konsul\u00e6r rapport om f\u00f8dsel i utlandet [&hellip;]<\/p>\n","protected":false},"author":1,"featured_media":0,"parent":0,"menu_order":0,"comment_status":"closed","ping_status":"closed","template":"","meta":{"footnotes":""},"class_list":["post-591","page","type-page","status-publish","hentry"],"_links":{"self":[{"href":"https:\/\/www.fijiembassy.org\/no\/wp-json\/wp\/v2\/pages\/591","targetHints":{"allow":["GET"]}}],"collection":[{"href":"https:\/\/www.fijiembassy.org\/no\/wp-json\/wp\/v2\/pages"}],"about":[{"href":"https:\/\/www.fijiembassy.org\/no\/wp-json\/wp\/v2\/types\/page"}],"author":[{"embeddable":true,"href":"https:\/\/www.fijiembassy.org\/no\/wp-json\/wp\/v2\/users\/1"}],"replies":[{"embeddable":true,"href":"https:\/\/www.fijiembassy.org\/no\/wp-json\/wp\/v2\/comments?post=591"}],"version-history":[{"count":4,"href":"https:\/\/www.fijiembassy.org\/no\/wp-json\/wp\/v2\/pages\/591\/revisions"}],"predecessor-version":[{"id":660,"href":"https:\/\/www.fijiembassy.org\/no\/wp-json\/wp\/v2\/pages\/591\/revisions\/660"}],"wp:attachment":[{"href":"https:\/\/www.fijiembassy.org\/no\/wp-json\/wp\/v2\/media?parent=591"}],"curies":[{"name":"wp","href":"https:\/\/api.w.org\/{rel}","templated":true}]}}