{"id":223,"date":"2022-05-20T10:26:48","date_gmt":"2022-05-20T08:26:48","guid":{"rendered":"https:\/\/www.fijiembassy.org\/usas-ambassade\/"},"modified":"2025-05-26T14:24:43","modified_gmt":"2025-05-26T12:24:43","slug":"usas-ambassade","status":"publish","type":"page","link":"https:\/\/www.fijiembassy.org\/no\/","title":{"rendered":"USAs ambassade"},"content":{"rendered":"\t\t<div data-elementor-type=\"wp-page\" data-elementor-id=\"223\" class=\"elementor elementor-223 elementor-18\" data-elementor-post-type=\"page\">\n\t\t\t\t\t\t<section class=\"elementor-section elementor-top-section elementor-element elementor-element-02333ce elementor-section-boxed elementor-section-height-default elementor-section-height-default\" data-id=\"02333ce\" data-element_type=\"section\" data-e-type=\"section\">\n\t\t\t\t\t\t<div class=\"elementor-container elementor-column-gap-default\">\n\t\t\t\t\t<div class=\"elementor-column elementor-col-100 elementor-top-column elementor-element elementor-element-06b7a35\" data-id=\"06b7a35\" data-element_type=\"column\" data-e-type=\"column\">\n\t\t\t<div class=\"elementor-widget-wrap elementor-element-populated\">\n\t\t\t\t\t\t<div class=\"elementor-element elementor-element-54dad0a elementor-widget elementor-widget-spacer\" data-id=\"54dad0a\" data-element_type=\"widget\" data-e-type=\"widget\" data-widget_type=\"spacer.default\">\n\t\t\t\t<div class=\"elementor-widget-container\">\n\t\t\t\t\t\t\t<div class=\"elementor-spacer\">\n\t\t\t<div class=\"elementor-spacer-inner\"><\/div>\n\t\t<\/div>\n\t\t\t\t\t\t<\/div>\n\t\t\t\t<\/div>\n\t\t\t\t\t<\/div>\n\t\t<\/div>\n\t\t\t\t\t<\/div>\n\t\t<\/section>\n\t\t\t\t<section class=\"elementor-section elementor-top-section elementor-element elementor-element-1906cf60 elementor-section-boxed elementor-section-height-default elementor-section-height-default\" data-id=\"1906cf60\" data-element_type=\"section\" data-e-type=\"section\">\n\t\t\t\t\t\t<div class=\"elementor-container elementor-column-gap-default\">\n\t\t\t\t\t<div class=\"elementor-column elementor-col-100 elementor-top-column elementor-element elementor-element-78b2a400\" data-id=\"78b2a400\" data-element_type=\"column\" data-e-type=\"column\">\n\t\t\t<div class=\"elementor-widget-wrap elementor-element-populated\">\n\t\t\t\t\t\t<div class=\"elementor-element elementor-element-4c9630fe elementor-widget elementor-widget-heading\" data-id=\"4c9630fe\" data-element_type=\"widget\" data-e-type=\"widget\" data-widget_type=\"heading.default\">\n\t\t\t\t<div class=\"elementor-widget-container\">\n\t\t\t\t\t<h1 class=\"elementor-heading-title elementor-size-default\">Reis til USA<\/h1>\t\t\t\t<\/div>\n\t\t\t\t<\/div>\n\t\t\t\t\t<\/div>\n\t\t<\/div>\n\t\t\t\t\t<\/div>\n\t\t<\/section>\n\t\t\t\t<section class=\"elementor-section elementor-top-section elementor-element elementor-element-38a765a4 elementor-section-boxed elementor-section-height-default elementor-section-height-default\" data-id=\"38a765a4\" data-element_type=\"section\" data-e-type=\"section\">\n\t\t\t\t\t\t<div class=\"elementor-container elementor-column-gap-default\">\n\t\t\t\t\t<div class=\"elementor-column elementor-col-100 elementor-top-column elementor-element elementor-element-44e0f745\" data-id=\"44e0f745\" data-element_type=\"column\" data-e-type=\"column\">\n\t\t\t<div class=\"elementor-widget-wrap elementor-element-populated\">\n\t\t\t\t\t\t<div class=\"elementor-element elementor-element-45868624 elementor-widget elementor-widget-text-editor\" data-id=\"45868624\" data-element_type=\"widget\" data-e-type=\"widget\" data-widget_type=\"text-editor.default\">\n\t\t\t\t<div class=\"elementor-widget-container\">\n\t\t\t\t\t\t\t\t\t<p>Alle reisende til USA m\u00e5 sjekke de siste kravene f\u00f8r de reiser. Fijis amerikanske ambassade kunne ha blitt kontaktet for \u00e5 f\u00e5 oppdatert situasjonsinformasjon. Regelverket for utlendinger som reiser til USA endres ofte med kort forsinkelse.<\/p>\t\t\t\t\t\t\t\t<\/div>\n\t\t\t\t<\/div>\n\t\t\t\t\t<\/div>\n\t\t<\/div>\n\t\t\t\t\t<\/div>\n\t\t<\/section>\n\t\t\t\t<section class=\"elementor-section elementor-top-section elementor-element elementor-element-692b51d7 elementor-section-boxed elementor-section-height-default elementor-section-height-default\" data-id=\"692b51d7\" data-element_type=\"section\" data-e-type=\"section\">\n\t\t\t\t\t\t<div class=\"elementor-container elementor-column-gap-default\">\n\t\t\t\t\t<div class=\"elementor-column elementor-col-50 elementor-top-column elementor-element elementor-element-c57006a\" data-id=\"c57006a\" data-element_type=\"column\" data-e-type=\"column\">\n\t\t\t<div class=\"elementor-widget-wrap elementor-element-populated\">\n\t\t\t\t\t\t<div class=\"elementor-element elementor-element-51b0a81f elementor-widget elementor-widget-text-editor\" data-id=\"51b0a81f\" data-element_type=\"widget\" data-e-type=\"widget\" data-widget_type=\"text-editor.default\">\n\t\t\t\t<div class=\"elementor-widget-container\">\n\t\t\t\t\t\t\t\t\t<h2>USAs ambassade<\/h2><p>Den <a href=\"https:\/\/fj.usembassy.gov\/\">amerikanske ambassadens<\/a> oppdrag er \u00e5 utvikle forholdet mellom USA og Fiji. De jobber aktivt for \u00e5 fremme samarbeidet om ulike internasjonale form\u00e5l \u00e5 styrke USA<\/p><p>USAs ambassade til stede p\u00e5 Fiji-\u00f8ya for \u00f8konomiske m\u00e5l.<\/p><p>Mer informasjon om de <a href=\"https:\/\/www.fijiembassy.org\/no\/konsulaere-tjenester\/\">konsul\u00e6re tjenestene ved den amerikanske ambassaden i Suva<\/a>.<\/p>\t\t\t\t\t\t\t\t<\/div>\n\t\t\t\t<\/div>\n\t\t\t\t\t<\/div>\n\t\t<\/div>\n\t\t\t\t<div class=\"elementor-column elementor-col-50 elementor-top-column elementor-element elementor-element-7a36c37e\" data-id=\"7a36c37e\" data-element_type=\"column\" data-e-type=\"column\">\n\t\t\t<div class=\"elementor-widget-wrap elementor-element-populated\">\n\t\t\t\t\t\t<div class=\"elementor-element elementor-element-26cf03a4 elementor-widget elementor-widget-text-editor\" data-id=\"26cf03a4\" data-element_type=\"widget\" data-e-type=\"widget\" data-widget_type=\"text-editor.default\">\n\t\t\t\t<div class=\"elementor-widget-container\">\n\t\t\t\t\t\t\t\t\t<h2>USAs ambassade i Fiji<\/h2><p><a href=\"https:\/\/fj.usembassy.gov\/embassy\/suva\/\">U.S. Embassy Suva<\/a><br>158 Princes Road, Tamavua, Suva, Fiji.<\/p><p>Telefon: 679 331-4466<\/p><div class=\"pg-split\" style=\"margin: 0px 30px 30px 0px; padding: 0px; border: 0px; font-variant-numeric: inherit; font-variant-east-asian: inherit; font-stretch: inherit; line-height: inherit; font-family: Roboto, Arial, sans-serif; vertical-align: baseline; width: 374.99px; float: left; color: #333333;\"><div class=\"map-container\" style=\"margin: 0px; padding: 30px 0px 210.927px; border: 0px; font: inherit; vertical-align: baseline; position: relative; height: 0px; overflow: hidden;\"><iframe class=\"iframemapborder\" style=\"padding: 0px; font: inherit; vertical-align: baseline; width: 374.99px; position: absolute; top: 0px; left: 0px; height: 240.927px; border-width: 8px !important; border-style: solid !important; border-color: #e2e2e2 !important;\" src=\"https:\/\/www.google.com\/maps\/embed?pb=!1m18!1m12!1m3!1d3792.018458672593!2d178.43729101474153!3d-18.116938789168167!2m3!1f0!2f0!3f0!3m2!1i1024!2i768!4f13.1!3m3!1m2!1s0x6e1bde8a6dcf2811%3A0x433486fb291c2678!2sUS+Embassy+Suva!5e0!3m2!1sen!2sus!4v1469485653235\" width=\"600\" height=\"450\" frameborder=\"0\" allowfullscreen=\"allowfullscreen\" data-gtm-yt-inspected-1_19=\"true\" data-gtm-yt-inspected-1491731_107=\"true\"><\/iframe><\/div><\/div>\t\t\t\t\t\t\t\t<\/div>\n\t\t\t\t<\/div>\n\t\t\t\t\t<\/div>\n\t\t<\/div>\n\t\t\t\t\t<\/div>\n\t\t<\/section>\n\t\t\t\t<section class=\"elementor-section elementor-top-section elementor-element elementor-element-4bc23eb elementor-section-boxed elementor-section-height-default elementor-section-height-default\" data-id=\"4bc23eb\" data-element_type=\"section\" data-e-type=\"section\">\n\t\t\t\t\t\t<div class=\"elementor-container elementor-column-gap-default\">\n\t\t\t\t\t<div class=\"elementor-column elementor-col-100 elementor-top-column elementor-element elementor-element-9e403f7\" data-id=\"9e403f7\" data-element_type=\"column\" data-e-type=\"column\">\n\t\t\t<div class=\"elementor-widget-wrap elementor-element-populated\">\n\t\t\t\t\t\t<div class=\"elementor-element elementor-element-c7e6442 elementor-widget elementor-widget-heading\" data-id=\"c7e6442\" data-element_type=\"widget\" data-e-type=\"widget\" data-widget_type=\"heading.default\">\n\t\t\t\t<div class=\"elementor-widget-container\">\n\t\t\t\t\t<h2 class=\"elementor-heading-title elementor-size-default\">Hva er forskjellen mellom et visum og en ESTA<\/h2>\t\t\t\t<\/div>\n\t\t\t\t<\/div>\n\t\t\t\t\t<\/div>\n\t\t<\/div>\n\t\t\t\t\t<\/div>\n\t\t<\/section>\n\t\t\t\t<section class=\"elementor-section elementor-top-section elementor-element elementor-element-e41aacc elementor-section-boxed elementor-section-height-default elementor-section-height-default\" data-id=\"e41aacc\" data-element_type=\"section\" data-e-type=\"section\">\n\t\t\t\t\t\t<div class=\"elementor-container elementor-column-gap-default\">\n\t\t\t\t\t<div class=\"elementor-column elementor-col-100 elementor-top-column elementor-element elementor-element-e7cf01a\" data-id=\"e7cf01a\" data-element_type=\"column\" data-e-type=\"column\">\n\t\t\t<div class=\"elementor-widget-wrap elementor-element-populated\">\n\t\t\t\t\t\t<div class=\"elementor-element elementor-element-5443e8a elementor-widget elementor-widget-text-editor\" data-id=\"5443e8a\" data-element_type=\"widget\" data-e-type=\"widget\" data-widget_type=\"text-editor.default\">\n\t\t\t\t<div class=\"elementor-widget-container\">\n\t\t\t\t\t\t\t\t\t<p>Du m\u00e5 snart bli i USA. En foresp\u00f8rsel om tillatelse til \u00e5 reise inn p\u00e5 amerikansk territorium er en obligatorisk formalitet. Avhengig av din situasjon er flere l\u00f8sninger tilgjengelige for deg:<\/p><ol><li>Fastboerkortet bedre kjent som det gr\u00f8nne kortet er en av de vanskeligste oppholdstillatelsene \u00e5 f\u00e5 siden det kun gjelder personer som planlegger \u00e5 bli permanent i USA. \u00c5rsakene til \u00e5 s\u00f8ke om et gr\u00f8nt kort i stedet for noe annet er hovedsakelig n\u00e5r folk kommer for \u00e5 bosette seg av profesjonelle eller familiemessige \u00e5rsaker i USA. Dette krever faktisk en reisetillatelse p\u00e5 mer enn 90 dager. Det er unntak for s\u00f8knaden om gr\u00f8nt kort for asyls\u00f8kere. De kan faktisk i visse tilfeller benytte seg av det.<\/li><li>Det amerikanske turistvisumet gjelder personer som \u00f8nsker \u00e5 oppholde seg i USA i en periode p\u00e5 mer enn 90 dager. I motsetning til en ESTA-foresp\u00f8rsel er prosessen lengre og mer komplisert. Det krever at den reisende s\u00f8ker online p\u00e5 nettstedet <a href=\"https:\/\/travel.state.gov\/content\/travel\/en\/us-visas\/tourism-visit\/visitor.html\">travel.state.gov<\/a>. Deretter m\u00e5 han bestille et intervju p\u00e5 den amerikanske ambassaden for \u00e5 fullf\u00f8re s\u00f8knaden. Med tanke p\u00e5 de fakta som kreves for en visums\u00f8knad, koster det i gjennomsnitt 185 dollar. Dette bel\u00f8pet er forespurt uavhengig av VISA, som er betydelig h\u00f8yere enn en ESTA-foresp\u00f8rsel. Men nok en gang vil hver foresp\u00f8rsel avhenge av profilen, situasjonen og \u00e5rsakene som presser den reisende til \u00e5 reise til USA.<\/li><li>ESTA-foresp\u00f8rselen gjelder kortvarige yrkes- eller turistopphold (maksimalt 90 sammenhengende dager i l\u00f8pet av ESTAens gyldighetsperiode). I motsetning til visum- eller gr\u00f8ntkorts\u00f8knaden drar ESTA-s\u00f8knaden nytte av en forenklet nettbasert prosess. Alt du trenger \u00e5 gj\u00f8re er \u00e5 fylle ut et skjema og svare oppriktig p\u00e5 sp\u00f8rsm\u00e5lene du blir stilt. Disse sp\u00f8rsm\u00e5lene er knyttet til den reisendes sivile status, hans juridiske og medisinske historie. N\u00e5r ESTA-s\u00f8knaden er fullf\u00f8rt, m\u00e5 den valideres av de amerikanske interne sikkerhetstjenestene. Det anbefales \u00e5 sende inn foresp\u00f8rselen senest 72 timer f\u00f8r avreise. I de fleste tilfeller kommer svaret i l\u00f8pet av dagen.<\/li><\/ol><h2>Hvordan f\u00e5 visum til USA<\/h2><p>Selv om du har svart oppriktig og feilfritt p\u00e5 ESTA-foresp\u00f8rselen din, kan det bli avvist. Du kan pr\u00f8ve \u00e5 f\u00e5 visum. For \u00e5 f\u00e5 visum m\u00e5 du henvende deg til en amerikansk ambassade. Det finnes <a href=\"https:\/\/www.fijiembassy.org\/no\/soknad-om-amerikansk-visum-ved-den-amerikanske-ambassaden-i-fiji\/\">en felles prosedyre for visums\u00f8knader<\/a>. Den best\u00e5r i \u00e5 fylle ut en mappe og gjennomf\u00f8re et visumintervju p\u00e5 den amerikanske ambassaden. Intervju hvor du m\u00e5 uttrykke \u00e5rsakene som presser deg til \u00e5 s\u00f8ke om visum.<\/p><p>Sp\u00f8rsm\u00e5l du vil f\u00e5 klare og presise svar p\u00e5:<\/p><ul><li>Grunnen til reisen til USA;<\/li><li>Din medisinske historie og n\u00e5v\u00e6rende helsetilstand;<\/li><li>Din kriminelle rulleblad.<\/li><\/ul><p>Intervjuet ved ambassaden er sv\u00e6rt viktig siden det er en vesentlig betingelse for \u00e5 f\u00e5 visum. Den amerikanske regjeringen tar dette intervjuet sv\u00e6rt alvorlig.<\/p><p>Her er noen tips for \u00e5 sette oddsen i din fav\u00f8r:<\/p><ul><li>Du m\u00e5 presentere deg selv med alle dokumentene som kreves av deg, for eksempel passet ditt;<\/li><li>Kjolen din vil ogs\u00e5 fungere i din fav\u00f8r eller ikke, f\u00f8rsteinntrykket er veldig viktig;<\/li><li>Du m\u00e5 telle et forskudd p\u00e5 omtrent tretti minutter for \u00e5 unng\u00e5 \u00e5 komme for sent og f\u00e5 avlyst avtalen.<\/li><li>Skaff deg betalingsmidler for \u00e5 kunne betale kostnadene knyttet til visums\u00f8knaden. Prisen vil avhenge av typen visum som foresp\u00f8rres.<\/li><\/ul><p>Til tross for all din gode tro og vilje, kan visums\u00f8knaden din bli avvist. Hvert \u00e5r er det et lotteri som lar deg vinne et gr\u00f8nt kort, det vil si permanent oppholdstillatelse.<\/p><p>Det er sv\u00e6rt vanskelig \u00e5 f\u00e5 det gjennom Green Card-lotteriet, selv om nesten 50 000 gr\u00f8nne kort har blitt tildelt hvert \u00e5r. Faktisk er antallet friere fortsatt sv\u00e6rt h\u00f8yt.<\/p>\t\t\t\t\t\t\t\t<\/div>\n\t\t\t\t<\/div>\n\t\t\t\t\t<\/div>\n\t\t<\/div>\n\t\t\t\t\t<\/div>\n\t\t<\/section>\n\t\t\t\t<\/div>\n\t\t","protected":false},"excerpt":{"rendered":"<p>Reis til USA Alle reisende til USA m\u00e5 sjekke de siste kravene f\u00f8r de reiser. Fijis amerikanske ambassade kunne ha blitt kontaktet for \u00e5 f\u00e5 oppdatert situasjonsinformasjon. Regelverket for utlendinger som reiser til USA endres ofte med kort forsinkelse. USAs ambassade Den amerikanske ambassadens oppdrag er \u00e5 utvikle forholdet mellom USA og Fiji. De jobber [&hellip;]<\/p>\n","protected":false},"author":1,"featured_media":0,"parent":0,"menu_order":0,"comment_status":"closed","ping_status":"closed","template":"","meta":{"footnotes":""},"class_list":["post-223","page","type-page","status-publish","hentry"],"_links":{"self":[{"href":"https:\/\/www.fijiembassy.org\/no\/wp-json\/wp\/v2\/pages\/223","targetHints":{"allow":["GET"]}}],"collection":[{"href":"https:\/\/www.fijiembassy.org\/no\/wp-json\/wp\/v2\/pages"}],"about":[{"href":"https:\/\/www.fijiembassy.org\/no\/wp-json\/wp\/v2\/types\/page"}],"author":[{"embeddable":true,"href":"https:\/\/www.fijiembassy.org\/no\/wp-json\/wp\/v2\/users\/1"}],"replies":[{"embeddable":true,"href":"https:\/\/www.fijiembassy.org\/no\/wp-json\/wp\/v2\/comments?post=223"}],"version-history":[{"count":22,"href":"https:\/\/www.fijiembassy.org\/no\/wp-json\/wp\/v2\/pages\/223\/revisions"}],"predecessor-version":[{"id":648,"href":"https:\/\/www.fijiembassy.org\/no\/wp-json\/wp\/v2\/pages\/223\/revisions\/648"}],"wp:attachment":[{"href":"https:\/\/www.fijiembassy.org\/no\/wp-json\/wp\/v2\/media?parent=223"}],"curies":[{"name":"wp","href":"https:\/\/api.w.org\/{rel}","templated":true}]}}