{"id":76,"date":"2022-03-27T22:25:28","date_gmt":"2022-03-27T20:25:28","guid":{"rendered":"https:\/\/www.fijiembassy.org\/ambasciata-degli-stati-uniti\/"},"modified":"2025-05-26T14:24:43","modified_gmt":"2025-05-26T12:24:43","slug":"ambasciata-degli-stati-uniti","status":"publish","type":"page","link":"https:\/\/www.fijiembassy.org\/it\/","title":{"rendered":"Ambasciata degli Stati Uniti"},"content":{"rendered":"\t\t<div data-elementor-type=\"wp-page\" data-elementor-id=\"76\" class=\"elementor elementor-76 elementor-18\" data-elementor-post-type=\"page\">\n\t\t\t\t\t\t<section class=\"elementor-section elementor-top-section elementor-element elementor-element-02333ce elementor-section-boxed elementor-section-height-default elementor-section-height-default\" data-id=\"02333ce\" data-element_type=\"section\" data-e-type=\"section\">\n\t\t\t\t\t\t<div class=\"elementor-container elementor-column-gap-default\">\n\t\t\t\t\t<div class=\"elementor-column elementor-col-100 elementor-top-column elementor-element elementor-element-06b7a35\" data-id=\"06b7a35\" data-element_type=\"column\" data-e-type=\"column\">\n\t\t\t<div class=\"elementor-widget-wrap elementor-element-populated\">\n\t\t\t\t\t\t<div class=\"elementor-element elementor-element-54dad0a elementor-widget elementor-widget-spacer\" data-id=\"54dad0a\" data-element_type=\"widget\" data-e-type=\"widget\" data-widget_type=\"spacer.default\">\n\t\t\t\t<div class=\"elementor-widget-container\">\n\t\t\t\t\t\t\t<div class=\"elementor-spacer\">\n\t\t\t<div class=\"elementor-spacer-inner\"><\/div>\n\t\t<\/div>\n\t\t\t\t\t\t<\/div>\n\t\t\t\t<\/div>\n\t\t\t\t\t<\/div>\n\t\t<\/div>\n\t\t\t\t\t<\/div>\n\t\t<\/section>\n\t\t\t\t<section class=\"elementor-section elementor-top-section elementor-element elementor-element-1906cf60 elementor-section-boxed elementor-section-height-default elementor-section-height-default\" data-id=\"1906cf60\" data-element_type=\"section\" data-e-type=\"section\">\n\t\t\t\t\t\t<div class=\"elementor-container elementor-column-gap-default\">\n\t\t\t\t\t<div class=\"elementor-column elementor-col-100 elementor-top-column elementor-element elementor-element-78b2a400\" data-id=\"78b2a400\" data-element_type=\"column\" data-e-type=\"column\">\n\t\t\t<div class=\"elementor-widget-wrap elementor-element-populated\">\n\t\t\t\t\t\t<div class=\"elementor-element elementor-element-4c9630fe elementor-widget elementor-widget-heading\" data-id=\"4c9630fe\" data-element_type=\"widget\" data-e-type=\"widget\" data-widget_type=\"heading.default\">\n\t\t\t\t<div class=\"elementor-widget-container\">\n\t\t\t\t\t<h1 class=\"elementor-heading-title elementor-size-default\">Viaggio negli Stati Uniti d'America<\/h1>\t\t\t\t<\/div>\n\t\t\t\t<\/div>\n\t\t\t\t\t<\/div>\n\t\t<\/div>\n\t\t\t\t\t<\/div>\n\t\t<\/section>\n\t\t\t\t<section class=\"elementor-section elementor-top-section elementor-element elementor-element-38a765a4 elementor-section-boxed elementor-section-height-default elementor-section-height-default\" data-id=\"38a765a4\" data-element_type=\"section\" data-e-type=\"section\">\n\t\t\t\t\t\t<div class=\"elementor-container elementor-column-gap-default\">\n\t\t\t\t\t<div class=\"elementor-column elementor-col-100 elementor-top-column elementor-element elementor-element-44e0f745\" data-id=\"44e0f745\" data-element_type=\"column\" data-e-type=\"column\">\n\t\t\t<div class=\"elementor-widget-wrap elementor-element-populated\">\n\t\t\t\t\t\t<div class=\"elementor-element elementor-element-45868624 elementor-widget elementor-widget-text-editor\" data-id=\"45868624\" data-element_type=\"widget\" data-e-type=\"widget\" data-widget_type=\"text-editor.default\">\n\t\t\t\t<div class=\"elementor-widget-container\">\n\t\t\t\t\t\t\t\t\t<p>Tutti i viaggiatori negli Stati Uniti d&#8217;America devono verificare prima di viaggiare gli ultimi requisiti. L&#8217;ambasciata americana delle Figi avrebbe potuto essere contattata per ottenere informazioni aggiornate sulla situazione. Le normative relative ai viaggiatori stranieri negli Stati Uniti cambiano frequentemente in breve tempo.<\/p>\t\t\t\t\t\t\t\t<\/div>\n\t\t\t\t<\/div>\n\t\t\t\t\t<\/div>\n\t\t<\/div>\n\t\t\t\t\t<\/div>\n\t\t<\/section>\n\t\t\t\t<section class=\"elementor-section elementor-top-section elementor-element elementor-element-692b51d7 elementor-section-boxed elementor-section-height-default elementor-section-height-default\" data-id=\"692b51d7\" data-element_type=\"section\" data-e-type=\"section\">\n\t\t\t\t\t\t<div class=\"elementor-container elementor-column-gap-default\">\n\t\t\t\t\t<div class=\"elementor-column elementor-col-50 elementor-top-column elementor-element elementor-element-c57006a\" data-id=\"c57006a\" data-element_type=\"column\" data-e-type=\"column\">\n\t\t\t<div class=\"elementor-widget-wrap elementor-element-populated\">\n\t\t\t\t\t\t<div class=\"elementor-element elementor-element-51b0a81f elementor-widget elementor-widget-text-editor\" data-id=\"51b0a81f\" data-element_type=\"widget\" data-e-type=\"widget\" data-widget_type=\"text-editor.default\">\n\t\t\t\t<div class=\"elementor-widget-container\">\n\t\t\t\t\t\t\t\t\t<h2>Ambasciata degli Stati Uniti<\/h2><p>La missione <a href=\"https:\/\/fj.usembassy.gov\/\">dell&#8217;Ambasciata degli Stati Uniti<\/a> \u00e8 di sviluppare le relazioni tra gli Stati Uniti e le Figi. Lavorano attivamente per promuovere la cooperazione su diversi scopi internazionali per migliorare gli Stati Uniti<\/p><p>Ambasciata degli Stati Uniti presente nelle isole Fiji per obiettivi economici.<\/p><p>Maggiori informazioni sui <a href=\"https:\/\/www.fijiembassy.org\/it\/servizi-consolari\/\">servizi consolari dell&#8217;Ambasciata degli Stati Uniti a Suva<\/a>.<\/p>\t\t\t\t\t\t\t\t<\/div>\n\t\t\t\t<\/div>\n\t\t\t\t\t<\/div>\n\t\t<\/div>\n\t\t\t\t<div class=\"elementor-column elementor-col-50 elementor-top-column elementor-element elementor-element-7a36c37e\" data-id=\"7a36c37e\" data-element_type=\"column\" data-e-type=\"column\">\n\t\t\t<div class=\"elementor-widget-wrap elementor-element-populated\">\n\t\t\t\t\t\t<div class=\"elementor-element elementor-element-26cf03a4 elementor-widget elementor-widget-text-editor\" data-id=\"26cf03a4\" data-element_type=\"widget\" data-e-type=\"widget\" data-widget_type=\"text-editor.default\">\n\t\t\t\t<div class=\"elementor-widget-container\">\n\t\t\t\t\t\t\t\t\t<h2>Ambasciata Stati Uniti alle Figi<\/h2><p><a href=\"https:\/\/fj.usembassy.gov\/embassy\/suva\/\">Ambasciata degli Stati Uniti Suva<\/a><br>158 Princes Road, Tamavua, Suva, Fiji.<\/p><p>Telefono: 679 331-4466<\/p><div class=\"pg-split\" style=\"margin: 0px 30px 30px 0px; padding: 0px; border: 0px; font-variant-numeric: inherit; font-variant-east-asian: inherit; font-stretch: inherit; line-height: inherit; font-family: Roboto, Arial, sans-serif; vertical-align: baseline; width: 374.99px; float: left; color: #333333;\"><div class=\"map-container\" style=\"margin: 0px; padding: 30px 0px 210.927px; border: 0px; font: inherit; vertical-align: baseline; position: relative; height: 0px; overflow: hidden;\"><iframe class=\"iframemapborder\" style=\"padding: 0px; font: inherit; vertical-align: baseline; width: 374.99px; position: absolute; top: 0px; left: 0px; height: 240.927px; border-width: 8px !important; border-style: solid !important; border-color: #e2e2e2 !important;\" src=\"https:\/\/www.google.com\/maps\/embed?pb=!1m18!1m12!1m3!1d3792.018458672593!2d178.43729101474153!3d-18.116938789168167!2m3!1f0!2f0!3f0!3m2!1i1024!2i768!4f13.1!3m3!1m2!1s0x6e1bde8a6dcf2811%3A0x433486fb291c2678!2sUS+Embassy+Suva!5e0!3m2!1sen!2sus!4v1469485653235\" width=\"600\" height=\"450\" frameborder=\"0\" allowfullscreen=\"allowfullscreen\" data-gtm-yt-inspected-1_19=\"true\" data-gtm-yt-inspected-1491731_107=\"true\"><\/iframe><\/div><\/div>\t\t\t\t\t\t\t\t<\/div>\n\t\t\t\t<\/div>\n\t\t\t\t\t<\/div>\n\t\t<\/div>\n\t\t\t\t\t<\/div>\n\t\t<\/section>\n\t\t\t\t<section class=\"elementor-section elementor-top-section elementor-element elementor-element-4bc23eb elementor-section-boxed elementor-section-height-default elementor-section-height-default\" data-id=\"4bc23eb\" data-element_type=\"section\" data-e-type=\"section\">\n\t\t\t\t\t\t<div class=\"elementor-container elementor-column-gap-default\">\n\t\t\t\t\t<div class=\"elementor-column elementor-col-100 elementor-top-column elementor-element elementor-element-9e403f7\" data-id=\"9e403f7\" data-element_type=\"column\" data-e-type=\"column\">\n\t\t\t<div class=\"elementor-widget-wrap elementor-element-populated\">\n\t\t\t\t\t\t<div class=\"elementor-element elementor-element-c7e6442 elementor-widget elementor-widget-heading\" data-id=\"c7e6442\" data-element_type=\"widget\" data-e-type=\"widget\" data-widget_type=\"heading.default\">\n\t\t\t\t<div class=\"elementor-widget-container\">\n\t\t\t\t\t<h2 class=\"elementor-heading-title elementor-size-default\">Qual \u00e8 la differenza tra un visto e un ESTA<\/h2>\t\t\t\t<\/div>\n\t\t\t\t<\/div>\n\t\t\t\t\t<\/div>\n\t\t<\/div>\n\t\t\t\t\t<\/div>\n\t\t<\/section>\n\t\t\t\t<section class=\"elementor-section elementor-top-section elementor-element elementor-element-e41aacc elementor-section-boxed elementor-section-height-default elementor-section-height-default\" data-id=\"e41aacc\" data-element_type=\"section\" data-e-type=\"section\">\n\t\t\t\t\t\t<div class=\"elementor-container elementor-column-gap-default\">\n\t\t\t\t\t<div class=\"elementor-column elementor-col-100 elementor-top-column elementor-element elementor-element-e7cf01a\" data-id=\"e7cf01a\" data-element_type=\"column\" data-e-type=\"column\">\n\t\t\t<div class=\"elementor-widget-wrap elementor-element-populated\">\n\t\t\t\t\t\t<div class=\"elementor-element elementor-element-5443e8a elementor-widget elementor-widget-text-editor\" data-id=\"5443e8a\" data-element_type=\"widget\" data-e-type=\"widget\" data-widget_type=\"text-editor.default\">\n\t\t\t\t<div class=\"elementor-widget-container\">\n\t\t\t\t\t\t\t\t\t<p>Devi rimanere molto presto negli Stati Uniti. La richiesta di autorizzazione all&#8217;ingresso nel territorio americano \u00e8 una formalit\u00e0 obbligatoria. A seconda della tua situazione, sono disponibili diverse soluzioni:<\/p><ol><li>La carta di soggiorno permanente meglio conosciuta come Green card \u00e8 uno dei permessi di soggiorno pi\u00f9 difficili da ottenere poich\u00e9 riguarda solo le persone che intendono soggiornare stabilmente negli Stati Uniti. I motivi per richiedere una Green card piuttosto che altro sono principalmente quando le persone vengono a stabilirsi per motivi professionali o familiari negli Stati Uniti. In effetti, ci\u00f2 richiede un&#8217;autorizzazione di viaggio superiore a 90 giorni. C&#8217;\u00e8 un&#8217;eccezione per la domanda di Green card per i richiedenti asilo. Anzi, in certi casi possono farvi ricorso.<\/li><li>Il visto turistico statunitense riguarda le persone che desiderano soggiornare negli Stati Uniti per un periodo superiore ai 90 giorni. A differenza di una richiesta ESTA, il processo \u00e8 pi\u00f9 lungo e complicato. Il viaggiatore deve fare domanda online sul sito <a href=\"https:\/\/travel.state.gov\/content\/travel\/en\/us-visas\/tourism-visit\/visitor.html\">travel.state.gov.<\/a> Dovr\u00e0 poi prenotare un colloquio presso l&#8217;Ambasciata degli Stati Uniti per finalizzare la sua domanda. Considerando i fatti richiesti per la richiesta di un visto, le tasse applicate sono in media di 185 dollari. Questo importo viene richiesto indipendentemente dal visto, che \u00e8 significativamente superiore a una richiesta ESTA. Ma ancora una volta ogni richiesta dipender\u00e0 dal profilo, dalla situazione e dai motivi che spingono il viaggiatore a recarsi negli Stati Uniti.<\/li><li>La richiesta ESTA riguarda soggiorni professionali o turistici di breve durata (massimo 90 giorni consecutivi nel periodo di validit\u00e0 dell&#8217;ESTA). A differenza della domanda di visto o Green card, la domanda ESTA beneficia di una procedura online semplificata. Tutto quello che devi fare \u00e8 compilare un modulo e rispondere sinceramente alle domande che ti vengono poste. Queste domande riguardano lo stato civile del viaggiatore, la sua storia medica e legale. Una volta completata la domanda ESTA, deve essere convalidata dai servizi di sicurezza interna americani. Si consiglia di effettuare la richiesta al massimo 72 ore prima della partenza. Nella maggior parte dei casi la risposta arriva durante il giorno.<\/li><\/ol><h2>Come ottenere un visto per gli USA<\/h2><p>Anche dopo aver risposto sinceramente e senza errori alla tua richiesta ESTA potrebbe essere rifiutata. Puoi provare a ottenere un visto. Per ottenere un visto devi recarti presso un&#8217;ambasciata americana. Esiste <a href=\"https:\/\/www.fijiembassy.org\/it\/richiesta-di-un-visto-per-gli-stati-uniti-presso-lambasciata-americana-delle-fiji\/\">una procedura comune per la richiesta del visto<\/a>. Si tratta di compilare un dossier e di sostenere un colloquio per il rilascio del visto presso l&#8217;ambasciata statunitense. Colloquio durante il quale dovrai esprimere i motivi che ti spingono a richiedere il visto.<\/p><p>Domande per le quali ti verranno poste risposte chiare e precise:<\/p><ul><li>Il motivo del tuo viaggio negli Stati Uniti;<\/li><li>La tua storia medica e lo stato di salute attuale;<\/li><li>La tua fedina penale.<\/li><\/ul><p>Il colloquio in ambasciata \u00e8 molto importante in quanto condizione essenziale per ottenere il visto. Il governo degli Stati Uniti prende molto sul serio questa intervista.<\/p><p>Ecco alcuni suggerimenti per mettere le probabilit\u00e0 a tuo favore:<\/p><ul><li>Devi presentarti con tutti i documenti che ti saranno richiesti come il passaporto;<\/li><li>Anche il tuo vestito funzioner\u00e0 a tuo favore o meno, la prima impressione \u00e8 molto importante;<\/li><li>Dovrai contare un anticipo di circa trenta minuti per evitare di essere in ritardo e di farti annullare l&#8217;appuntamento;<\/li><li>Procurarsi i mezzi di pagamento per poter sostenere le spese relative alla domanda di visto. Il prezzo dipender\u00e0 dal tipo di visto richiesto.<\/li><\/ul><p>Nonostante tutta la tua buona fede e volont\u00e0, la tua domanda di visto potrebbe essere respinta. Ogni anno c&#8217;\u00e8 una lotteria che permette di vincere una Green card, cio\u00e8 un permesso di soggiorno permanente.<\/p><p>\u00c8 molto difficile ottenere la Green card attraverso la lotteria, anche se ogni anno vengono assegnate quasi 50.000 green card. In effetti il numero dei corteggiatori rimane molto alto.<\/p>\t\t\t\t\t\t\t\t<\/div>\n\t\t\t\t<\/div>\n\t\t\t\t\t<\/div>\n\t\t<\/div>\n\t\t\t\t\t<\/div>\n\t\t<\/section>\n\t\t\t\t<\/div>\n\t\t","protected":false},"excerpt":{"rendered":"<p>Viaggio negli Stati Uniti d&#8217;America Tutti i viaggiatori negli Stati Uniti d&#8217;America devono verificare prima di viaggiare gli ultimi requisiti. L&#8217;ambasciata americana delle Figi avrebbe potuto essere contattata per ottenere informazioni aggiornate sulla situazione. Le normative relative ai viaggiatori stranieri negli Stati Uniti cambiano frequentemente in breve tempo. Ambasciata degli Stati Uniti La missione dell&#8217;Ambasciata [&hellip;]<\/p>\n","protected":false},"author":1,"featured_media":0,"parent":0,"menu_order":0,"comment_status":"closed","ping_status":"closed","template":"","meta":{"footnotes":""},"class_list":["post-76","page","type-page","status-publish","hentry"],"_links":{"self":[{"href":"https:\/\/www.fijiembassy.org\/it\/wp-json\/wp\/v2\/pages\/76","targetHints":{"allow":["GET"]}}],"collection":[{"href":"https:\/\/www.fijiembassy.org\/it\/wp-json\/wp\/v2\/pages"}],"about":[{"href":"https:\/\/www.fijiembassy.org\/it\/wp-json\/wp\/v2\/types\/page"}],"author":[{"embeddable":true,"href":"https:\/\/www.fijiembassy.org\/it\/wp-json\/wp\/v2\/users\/1"}],"replies":[{"embeddable":true,"href":"https:\/\/www.fijiembassy.org\/it\/wp-json\/wp\/v2\/comments?post=76"}],"version-history":[{"count":25,"href":"https:\/\/www.fijiembassy.org\/it\/wp-json\/wp\/v2\/pages\/76\/revisions"}],"predecessor-version":[{"id":640,"href":"https:\/\/www.fijiembassy.org\/it\/wp-json\/wp\/v2\/pages\/76\/revisions\/640"}],"wp:attachment":[{"href":"https:\/\/www.fijiembassy.org\/it\/wp-json\/wp\/v2\/media?parent=76"}],"curies":[{"name":"wp","href":"https:\/\/api.w.org\/{rel}","templated":true}]}}