{"id":587,"date":"2025-05-26T14:12:38","date_gmt":"2025-05-26T12:12:38","guid":{"rendered":"https:\/\/www.fijiembassy.org\/servizi-consolari\/"},"modified":"2025-05-26T14:29:02","modified_gmt":"2025-05-26T12:29:02","slug":"servizi-consolari","status":"publish","type":"page","link":"https:\/\/www.fijiembassy.org\/it\/servizi-consolari\/","title":{"rendered":"Servizi consolari presso l&#8217;Ambasciata degli Stati Uniti nelle Figi"},"content":{"rendered":"\n<p>L&#8217;Ambasciata degli Stati Uniti a Suva offre diversi servizi consolari per i cittadini statunitensi e i residenti locali.<\/p>\n\n<h2 class=\"wp-block-heading\">Servizi per i cittadini statunitensi<\/h2>\n\n<h3 class=\"wp-block-heading\">Rinnovo del passaporto<\/h3>\n\n<p>Puoi rinnovare il tuo passaporto americano presso l&#8217;ambasciata. Prenota un appuntamento online e porta con te i documenti richiesti.   <\/p>\n\n<h3 class=\"wp-block-heading\">Assistenza di emergenza<\/h3>\n\n<p>L&#8217;ambasciata pu\u00f2 aiutare nei casi di:<\/p>\n\n<ul class=\"wp-block-list\">\n<li>Passaporto smarrito o rubato<\/li>\n\n\n\n<li>Arresto o detenzione<\/li>\n\n\n\n<li>Emergenze mediche<\/li>\n\n\n\n<li>Morte di un cittadino statunitense<\/li>\n\n\n\n<li>Disastri naturali<\/li>\n<\/ul>\n\n<h3 class=\"wp-block-heading\">Denuncia consolare di nascita all&#8217;estero (CRBA)<\/h3>\n\n<p>Se tuo figlio \u00e8 nato alle Fiji, puoi richiedere un certificato di nascita e un passaporto statunitensi.<\/p>\n\n<h3 class=\"wp-block-heading\">Servizi notarili<\/h3>\n\n<p>L&#8217;ambasciata pu\u00f2 autenticare alcuni documenti per uso ufficiale o legale. \u00c8 necessario fissare un appuntamento. <\/p>\n\n<h3 class=\"wp-block-heading\">Richiesta del visto<\/h3>\n\n<p><a href=\"https:\/\/www.fijiembassy.org\/it\/\" data-type=\"page\" data-id=\"18\">L \u201cambasciata americana alle Fiji<\/a> offre una serie di visti per immigrati e non immigrati ai richiedenti idonei. Che tu sia in visita per turismo, affari, studio o per motivi familiari, l\u201d ambasciata fornisce chiare linee guida per garantire che la tua domanda venga elaborata in modo efficiente. <a href=\"https:\/\/www.fijiembassy.org\/it\/richiesta-di-un-visto-per-gli-stati-uniti-presso-lambasciata-americana-delle-fiji\/\" data-type=\"page\" data-id=\"522\">Richiedere un visto turistico per gli Stati Uniti<\/a> alle Figi pu\u00f2 semplificare il processo se risiedi gi\u00e0 l\u00ec o se sei un cittadino delle Figi. <\/p>\n\n<h2 class=\"wp-block-heading\">Assistenza in caso di crisi<\/h2>\n\n<p>In caso di crisi (ciclone, disordini, ecc.), l&#8217;ambasciata statunitense pu\u00f2:<\/p>\n\n<ul class=\"wp-block-list\">\n<li>Invia avvisi ai cittadini statunitensi<\/li>\n\n\n\n<li>Aiuta ad evacuare se necessario<\/li>\n\n\n\n<li>Condividi le istruzioni di sicurezza e di viaggio<\/li>\n<\/ul>\n\n<h2 class=\"wp-block-heading\">Iscrizione alla FASE<\/h2>\n\n<p>I cittadini statunitensi che vivono o viaggiano alle Fiji dovrebbero iscriversi allo <a href=\"https:\/\/mytravel.state.gov\/s\/step\">STEP (Smart Traveler Enrollment Program)<\/a>. Questo aiuta l&#8217;ambasciata a raggiungerti in caso di emergenza. <\/p>\n\n<h2 class=\"wp-block-heading\">Contatto per l&#8217;assistenza consolare<\/h2>\n\n<ul class=\"wp-block-list\">\n<li>\ud83d\udce7 Email: <a>SuvaACS@state.gov<\/a><\/li>\n\n\n\n<li>\u260e\ufe0f Telefono: (+679) 331-4466<\/li>\n\n\n\n<li>\ud83c\udf10 Sito web: <a>fj.usembassy.gov<\/a><\/li>\n<\/ul>\n","protected":false},"excerpt":{"rendered":"<p>L&#8217;Ambasciata degli Stati Uniti a Suva offre diversi servizi consolari per i cittadini statunitensi e i residenti locali. Servizi per i cittadini statunitensi Rinnovo del passaporto Puoi rinnovare il tuo passaporto americano presso l&#8217;ambasciata. Prenota un appuntamento online e porta con te i documenti richiesti. Assistenza di emergenza L&#8217;ambasciata pu\u00f2 aiutare nei casi di: Denuncia [&hellip;]<\/p>\n","protected":false},"author":1,"featured_media":0,"parent":0,"menu_order":0,"comment_status":"closed","ping_status":"closed","template":"","meta":{"footnotes":""},"class_list":["post-587","page","type-page","status-publish","hentry"],"_links":{"self":[{"href":"https:\/\/www.fijiembassy.org\/it\/wp-json\/wp\/v2\/pages\/587","targetHints":{"allow":["GET"]}}],"collection":[{"href":"https:\/\/www.fijiembassy.org\/it\/wp-json\/wp\/v2\/pages"}],"about":[{"href":"https:\/\/www.fijiembassy.org\/it\/wp-json\/wp\/v2\/types\/page"}],"author":[{"embeddable":true,"href":"https:\/\/www.fijiembassy.org\/it\/wp-json\/wp\/v2\/users\/1"}],"replies":[{"embeddable":true,"href":"https:\/\/www.fijiembassy.org\/it\/wp-json\/wp\/v2\/comments?post=587"}],"version-history":[{"count":4,"href":"https:\/\/www.fijiembassy.org\/it\/wp-json\/wp\/v2\/pages\/587\/revisions"}],"predecessor-version":[{"id":652,"href":"https:\/\/www.fijiembassy.org\/it\/wp-json\/wp\/v2\/pages\/587\/revisions\/652"}],"wp:attachment":[{"href":"https:\/\/www.fijiembassy.org\/it\/wp-json\/wp\/v2\/media?parent=587"}],"curies":[{"name":"wp","href":"https:\/\/api.w.org\/{rel}","templated":true}]}}