{"id":75,"date":"2022-03-27T22:25:28","date_gmt":"2022-03-27T20:25:28","guid":{"rendered":"https:\/\/www.fijiembassy.org\/ambassade-americaine\/"},"modified":"2025-05-26T14:24:43","modified_gmt":"2025-05-26T12:24:43","slug":"ambassade-americaine","status":"publish","type":"page","link":"https:\/\/www.fijiembassy.org\/fr\/","title":{"rendered":"Ambassade am\u00e9ricaine"},"content":{"rendered":"\t\t<div data-elementor-type=\"wp-page\" data-elementor-id=\"75\" class=\"elementor elementor-75 elementor-18\" data-elementor-post-type=\"page\">\n\t\t\t\t\t\t<section class=\"elementor-section elementor-top-section elementor-element elementor-element-02333ce elementor-section-boxed elementor-section-height-default elementor-section-height-default\" data-id=\"02333ce\" data-element_type=\"section\" data-e-type=\"section\">\n\t\t\t\t\t\t<div class=\"elementor-container elementor-column-gap-default\">\n\t\t\t\t\t<div class=\"elementor-column elementor-col-100 elementor-top-column elementor-element elementor-element-06b7a35\" data-id=\"06b7a35\" data-element_type=\"column\" data-e-type=\"column\">\n\t\t\t<div class=\"elementor-widget-wrap elementor-element-populated\">\n\t\t\t\t\t\t<div class=\"elementor-element elementor-element-54dad0a elementor-widget elementor-widget-spacer\" data-id=\"54dad0a\" data-element_type=\"widget\" data-e-type=\"widget\" data-widget_type=\"spacer.default\">\n\t\t\t\t<div class=\"elementor-widget-container\">\n\t\t\t\t\t\t\t<div class=\"elementor-spacer\">\n\t\t\t<div class=\"elementor-spacer-inner\"><\/div>\n\t\t<\/div>\n\t\t\t\t\t\t<\/div>\n\t\t\t\t<\/div>\n\t\t\t\t\t<\/div>\n\t\t<\/div>\n\t\t\t\t\t<\/div>\n\t\t<\/section>\n\t\t\t\t<section class=\"elementor-section elementor-top-section elementor-element elementor-element-1906cf60 elementor-section-boxed elementor-section-height-default elementor-section-height-default\" data-id=\"1906cf60\" data-element_type=\"section\" data-e-type=\"section\">\n\t\t\t\t\t\t<div class=\"elementor-container elementor-column-gap-default\">\n\t\t\t\t\t<div class=\"elementor-column elementor-col-100 elementor-top-column elementor-element elementor-element-78b2a400\" data-id=\"78b2a400\" data-element_type=\"column\" data-e-type=\"column\">\n\t\t\t<div class=\"elementor-widget-wrap elementor-element-populated\">\n\t\t\t\t\t\t<div class=\"elementor-element elementor-element-4c9630fe elementor-widget elementor-widget-heading\" data-id=\"4c9630fe\" data-element_type=\"widget\" data-e-type=\"widget\" data-widget_type=\"heading.default\">\n\t\t\t\t<div class=\"elementor-widget-container\">\n\t\t\t\t\t<h1 class=\"elementor-heading-title elementor-size-default\">Voyage aux \u00c9tats-Unis d'Am\u00e9rique<\/h1>\t\t\t\t<\/div>\n\t\t\t\t<\/div>\n\t\t\t\t\t<\/div>\n\t\t<\/div>\n\t\t\t\t\t<\/div>\n\t\t<\/section>\n\t\t\t\t<section class=\"elementor-section elementor-top-section elementor-element elementor-element-38a765a4 elementor-section-boxed elementor-section-height-default elementor-section-height-default\" data-id=\"38a765a4\" data-element_type=\"section\" data-e-type=\"section\">\n\t\t\t\t\t\t<div class=\"elementor-container elementor-column-gap-default\">\n\t\t\t\t\t<div class=\"elementor-column elementor-col-100 elementor-top-column elementor-element elementor-element-44e0f745\" data-id=\"44e0f745\" data-element_type=\"column\" data-e-type=\"column\">\n\t\t\t<div class=\"elementor-widget-wrap elementor-element-populated\">\n\t\t\t\t\t\t<div class=\"elementor-element elementor-element-45868624 elementor-widget elementor-widget-text-editor\" data-id=\"45868624\" data-element_type=\"widget\" data-e-type=\"widget\" data-widget_type=\"text-editor.default\">\n\t\t\t\t<div class=\"elementor-widget-container\">\n\t\t\t\t\t\t\t\t\t<p>Tous les voyageurs aux \u00c9tats-Unis d&rsquo;Am\u00e9rique doivent v\u00e9rifier avant de voyager les derni\u00e8res exigences. L&rsquo;ambassade des Fidji aux \u00c9tats-Unis aurait pu \u00eatre contact\u00e9e pour obtenir des informations actualis\u00e9es sur la situation. Les r\u00e9glementations relatives aux voyageurs \u00e9trangers aux \u00c9tats-Unis changent fr\u00e9quemment dans un court d\u00e9lai.<\/p>\t\t\t\t\t\t\t\t<\/div>\n\t\t\t\t<\/div>\n\t\t\t\t\t<\/div>\n\t\t<\/div>\n\t\t\t\t\t<\/div>\n\t\t<\/section>\n\t\t\t\t<section class=\"elementor-section elementor-top-section elementor-element elementor-element-692b51d7 elementor-section-boxed elementor-section-height-default elementor-section-height-default\" data-id=\"692b51d7\" data-element_type=\"section\" data-e-type=\"section\">\n\t\t\t\t\t\t<div class=\"elementor-container elementor-column-gap-default\">\n\t\t\t\t\t<div class=\"elementor-column elementor-col-50 elementor-top-column elementor-element elementor-element-c57006a\" data-id=\"c57006a\" data-element_type=\"column\" data-e-type=\"column\">\n\t\t\t<div class=\"elementor-widget-wrap elementor-element-populated\">\n\t\t\t\t\t\t<div class=\"elementor-element elementor-element-51b0a81f elementor-widget elementor-widget-text-editor\" data-id=\"51b0a81f\" data-element_type=\"widget\" data-e-type=\"widget\" data-widget_type=\"text-editor.default\">\n\t\t\t\t<div class=\"elementor-widget-container\">\n\t\t\t\t\t\t\t\t\t<h2>Ambassade des \u00c9tats-Unis<\/h2><p>La mission de l&rsquo;<a href=\"https:\/\/fj.usembassy.gov\/\">ambassade des \u00c9tats-Unis<\/a> est de d\u00e9velopper les relations entre les \u00c9tats-Unis et les Fidji. Ils travaillent activement pour promouvoir la coop\u00e9ration \u00e0 diff\u00e9rentes fins internationales afin d&rsquo;am\u00e9liorer les \u00c9tats-Unis<\/p><p>L&rsquo;ambassade des \u00c9tats-Unis est pr\u00e9sente aux \u00eeles Fidji \u00e0 des fins \u00e9conomiques.<\/p><p>Plus d&rsquo;informations sur les <a href=\"https:\/\/www.fijiembassy.org\/fr\/services-consulaires\/\">services consulaires de l&rsquo;Ambassade des Etats-Unis \u00e0 Suva<\/a>.<\/p>\t\t\t\t\t\t\t\t<\/div>\n\t\t\t\t<\/div>\n\t\t\t\t\t<\/div>\n\t\t<\/div>\n\t\t\t\t<div class=\"elementor-column elementor-col-50 elementor-top-column elementor-element elementor-element-7a36c37e\" data-id=\"7a36c37e\" data-element_type=\"column\" data-e-type=\"column\">\n\t\t\t<div class=\"elementor-widget-wrap elementor-element-populated\">\n\t\t\t\t\t\t<div class=\"elementor-element elementor-element-26cf03a4 elementor-widget elementor-widget-text-editor\" data-id=\"26cf03a4\" data-element_type=\"widget\" data-e-type=\"widget\" data-widget_type=\"text-editor.default\">\n\t\t\t\t<div class=\"elementor-widget-container\">\n\t\t\t\t\t\t\t\t\t<h2>Ambassade \u00c9tats-Unis aux Fidji<\/h2><p><a href=\"https:\/\/fj.usembassy.gov\/embassy\/suva\/\">Ambassade des \u00c9tats-Unis \u00e0 Suva<\/a><br>158 Princes Road, Tamavua, Suva, Fiji.<\/p><p>T\u00e9l\u00e9phone : 679 331-4466<\/p><div class=\"pg-split\" style=\"margin: 0px 30px 30px 0px; padding: 0px; border: 0px; font-variant-numeric: inherit; font-variant-east-asian: inherit; font-stretch: inherit; line-height: inherit; font-family: Roboto, Arial, sans-serif; vertical-align: baseline; width: 374.99px; float: left; color: #333333;\"><div class=\"map-container\" style=\"margin: 0px; padding: 30px 0px 210.927px; border: 0px; font: inherit; vertical-align: baseline; position: relative; height: 0px; overflow: hidden;\"><iframe class=\"iframemapborder\" style=\"padding: 0px; font: inherit; vertical-align: baseline; width: 374.99px; position: absolute; top: 0px; left: 0px; height: 240.927px; border-width: 8px !important; border-style: solid !important; border-color: #e2e2e2 !important;\" src=\"https:\/\/www.google.com\/maps\/embed?pb=!1m18!1m12!1m3!1d3792.018458672593!2d178.43729101474153!3d-18.116938789168167!2m3!1f0!2f0!3f0!3m2!1i1024!2i768!4f13.1!3m3!1m2!1s0x6e1bde8a6dcf2811%3A0x433486fb291c2678!2sUS+Embassy+Suva!5e0!3m2!1sen!2sus!4v1469485653235\" width=\"600\" height=\"450\" frameborder=\"0\" allowfullscreen=\"allowfullscreen\" data-gtm-yt-inspected-1_19=\"true\" data-gtm-yt-inspected-1491731_107=\"true\"><\/iframe><\/div><\/div>\t\t\t\t\t\t\t\t<\/div>\n\t\t\t\t<\/div>\n\t\t\t\t\t<\/div>\n\t\t<\/div>\n\t\t\t\t\t<\/div>\n\t\t<\/section>\n\t\t\t\t<section class=\"elementor-section elementor-top-section elementor-element elementor-element-4bc23eb elementor-section-boxed elementor-section-height-default elementor-section-height-default\" data-id=\"4bc23eb\" data-element_type=\"section\" data-e-type=\"section\">\n\t\t\t\t\t\t<div class=\"elementor-container elementor-column-gap-default\">\n\t\t\t\t\t<div class=\"elementor-column elementor-col-100 elementor-top-column elementor-element elementor-element-9e403f7\" data-id=\"9e403f7\" data-element_type=\"column\" data-e-type=\"column\">\n\t\t\t<div class=\"elementor-widget-wrap elementor-element-populated\">\n\t\t\t\t\t\t<div class=\"elementor-element elementor-element-c7e6442 elementor-widget elementor-widget-heading\" data-id=\"c7e6442\" data-element_type=\"widget\" data-e-type=\"widget\" data-widget_type=\"heading.default\">\n\t\t\t\t<div class=\"elementor-widget-container\">\n\t\t\t\t\t<h2 class=\"elementor-heading-title elementor-size-default\">Quelle est la diff\u00e9rence entre un visa et un ESTA<\/h2>\t\t\t\t<\/div>\n\t\t\t\t<\/div>\n\t\t\t\t\t<\/div>\n\t\t<\/div>\n\t\t\t\t\t<\/div>\n\t\t<\/section>\n\t\t\t\t<section class=\"elementor-section elementor-top-section elementor-element elementor-element-e41aacc elementor-section-boxed elementor-section-height-default elementor-section-height-default\" data-id=\"e41aacc\" data-element_type=\"section\" data-e-type=\"section\">\n\t\t\t\t\t\t<div class=\"elementor-container elementor-column-gap-default\">\n\t\t\t\t\t<div class=\"elementor-column elementor-col-100 elementor-top-column elementor-element elementor-element-e7cf01a\" data-id=\"e7cf01a\" data-element_type=\"column\" data-e-type=\"column\">\n\t\t\t<div class=\"elementor-widget-wrap elementor-element-populated\">\n\t\t\t\t\t\t<div class=\"elementor-element elementor-element-5443e8a elementor-widget elementor-widget-text-editor\" data-id=\"5443e8a\" data-element_type=\"widget\" data-e-type=\"widget\" data-widget_type=\"text-editor.default\">\n\t\t\t\t<div class=\"elementor-widget-container\">\n\t\t\t\t\t\t\t\t\t<p>Vous devez rester tr\u00e8s prochainement aux \u00c9tats-Unis. Une demande d&rsquo;autorisation d&rsquo;entrer sur le territoire am\u00e9ricain est une formalit\u00e9 obligatoire. Selon votre situation, plusieurs solutions s&rsquo;offrent \u00e0 vous :<\/p><ol><li>La carte de r\u00e9sident permanent plus connue sous le nom de Green card est l&rsquo;un des titres de s\u00e9jour les plus difficiles \u00e0 obtenir puisqu&rsquo;elle ne concerne que les personnes qui envisagent de s\u00e9journer de fa\u00e7on permanente aux \u00c9tats-Unis. Les raisons de demander une Green card plut\u00f4t qu&rsquo;autre chose sont principalement lorsque les gens viennent s&rsquo;installer pour des raisons professionnelles ou familiales aux \u00c9tats-Unis. En effet, cela n\u00e9cessite une autorisation de voyage sup\u00e9rieure \u00e0 90 jours. Il existe une exception pour la demande de Green card pour les demandeurs d&rsquo;asile. En effet, ils peuvent dans certains cas y avoir recours.<\/li><li>Le visa touristique am\u00e9ricain concerne les personnes souhaitant s\u00e9journer aux \u00c9tats-Unis pour une p\u00e9riode de plus de 90 jours. Contrairement \u00e0 une demande ESTA, le processus est plus long et plus compliqu\u00e9. Le voyageur doit faire une demande en ligne sur le site <a href=\"https:\/\/travel.state.gov\/content\/travel\/en\/us-visas\/tourism-visit\/visitor.html\">travel.state.gov<\/a>. Il devra ensuite passer un entretien \u00e0 l&rsquo;ambassade des \u00c9tats-Unis pour finaliser sa demande. Compte tenu des \u00e9l\u00e9ments requis pour une demande de visa, les frais factur\u00e9s s&rsquo;\u00e9l\u00e8vent en moyenne \u00e0 185 dollars. Ce montant est demand\u00e9 quel que soit le VISA, qui est nettement sup\u00e9rieur \u00e0 une demande ESTA. Mais encore une fois chaque demande d\u00e9pendra du profil, de la situation, et des raisons qui poussent le voyageur \u00e0 se rendre aux Etats-Unis.<\/li><li>La demande ESTA concerne des s\u00e9jours professionnels ou touristiques de courte dur\u00e9e (maximum 90 jours cons\u00e9cutifs sur la p\u00e9riode de validit\u00e9 de l&rsquo;ESTA). Contrairement \u00e0 la demande de visa ou de Green card, la demande ESTA b\u00e9n\u00e9ficie d&rsquo;un processus en ligne simplifi\u00e9. Il vous suffit de remplir un formulaire et de r\u00e9pondre sinc\u00e8rement aux questions qui vous sont pos\u00e9es. Ces questions portent sur l&rsquo;\u00e9tat civil du voyageur, ses ant\u00e9c\u00e9dents judiciaires et m\u00e9dicaux. Une fois la demande ESTA compl\u00e9t\u00e9e, elle doit \u00eatre valid\u00e9e par les services de s\u00e9curit\u00e9 int\u00e9rieure am\u00e9ricains. Il est conseill\u00e9 de faire votre demande au maximum 72 heures avant votre d\u00e9part. Dans la plupart des cas, la r\u00e9ponse arrive dans la journ\u00e9e.<\/li><\/ol><h2>Comment obtenir un visa pour les USA<\/h2><p>M\u00eame en ayant r\u00e9pondu sinc\u00e8rement et sans erreur \u00e0 votre demande ESTA, elle peut \u00eatre refus\u00e9e. Vous pouvez essayer d&rsquo;obtenir un visa. Pour obtenir un visa, vous devez vous rendre dans une ambassade am\u00e9ricaine. <a href=\"https:\/\/www.fijiembassy.org\/fr\/demande-de-visa-americain-aupres-de-lambassade-americaine-a-fidji\/\">Une proc\u00e9dure commune est en place pour les demandes de visa<\/a>. Il s&rsquo;agit de remplir un dossier et de passer un entretien de visa \u00e0 l&rsquo;ambassade des \u00c9tats-Unis. Entretien au cours duquel vous devrez exprimer les raisons qui vous poussent \u00e0 demander un visa.<\/p><p>Questions pour lesquelles il vous sera demand\u00e9 des r\u00e9ponses claires et pr\u00e9cises :<\/p><ul><li>La raison de votre voyage aux \u00c9tats-Unis ;<\/li><li>Vos ant\u00e9c\u00e9dents m\u00e9dicaux et votre \u00e9tat de sant\u00e9 actuel&nbsp;;<\/li><li>Votre casier judiciaire.<\/li><\/ul><p>L&rsquo;entretien \u00e0 l&rsquo;ambassade est tr\u00e8s important puisqu&rsquo;il s&rsquo;agit d&rsquo;une condition indispensable \u00e0 l&rsquo;obtention d&rsquo;un visa. Le gouvernement am\u00e9ricain prend cette interview tr\u00e8s au s\u00e9rieux.<\/p><p>Voici quelques conseils pour mettre toutes les chances de votre c\u00f4t\u00e9 :<\/p><ul><li>Vous devez vous pr\u00e9senter avec tous les documents qui vous seront demand\u00e9s tels que votre passeport ;<\/li><li>Votre robe jouera \u00e9galement en votre faveur ou non, la premi\u00e8re impression est tr\u00e8s importante ;<\/li><li>Il vous faudra compter une avance d&rsquo;une trentaine de minutes pour \u00e9viter d&rsquo;\u00eatre en retard et d&rsquo;avoir votre rendez-vous annul\u00e9 ;<\/li><li>Munissez-vous de moyens de paiement afin de pouvoir r\u00e9gler les frais li\u00e9s \u00e0 la demande de visa. Le prix d\u00e9pendra du type de visa demand\u00e9.<\/li><\/ul><p>Malgr\u00e9 toute votre bonne foi et votre volont\u00e9, votre demande de visa peut \u00eatre rejet\u00e9e. Chaque ann\u00e9e, il y a une loterie qui permet de gagner une Green card, c&rsquo;est-\u00e0-dire un titre de s\u00e9jour permanent.<\/p><p>Il est tr\u00e8s difficile de l&rsquo;obtenir par le biais de la loterie de la carte verte, bien que pr\u00e8s de 50 000 cartes vertes aient \u00e9t\u00e9 attribu\u00e9es chaque ann\u00e9e. En effet le nombre de pr\u00e9tendants reste tr\u00e8s \u00e9lev\u00e9.<\/p>\t\t\t\t\t\t\t\t<\/div>\n\t\t\t\t<\/div>\n\t\t\t\t\t<\/div>\n\t\t<\/div>\n\t\t\t\t\t<\/div>\n\t\t<\/section>\n\t\t\t\t<\/div>\n\t\t","protected":false},"excerpt":{"rendered":"<p>Voyage aux \u00c9tats-Unis d&rsquo;Am\u00e9rique Tous les voyageurs aux \u00c9tats-Unis d&rsquo;Am\u00e9rique doivent v\u00e9rifier avant de voyager les derni\u00e8res exigences. L&rsquo;ambassade des Fidji aux \u00c9tats-Unis aurait pu \u00eatre contact\u00e9e pour obtenir des informations actualis\u00e9es sur la situation. Les r\u00e9glementations relatives aux voyageurs \u00e9trangers aux \u00c9tats-Unis changent fr\u00e9quemment dans un court d\u00e9lai. Ambassade des \u00c9tats-Unis La mission de [&hellip;]<\/p>\n","protected":false},"author":1,"featured_media":0,"parent":0,"menu_order":0,"comment_status":"closed","ping_status":"closed","template":"","meta":{"footnotes":""},"class_list":["post-75","page","type-page","status-publish","hentry"],"_links":{"self":[{"href":"https:\/\/www.fijiembassy.org\/fr\/wp-json\/wp\/v2\/pages\/75","targetHints":{"allow":["GET"]}}],"collection":[{"href":"https:\/\/www.fijiembassy.org\/fr\/wp-json\/wp\/v2\/pages"}],"about":[{"href":"https:\/\/www.fijiembassy.org\/fr\/wp-json\/wp\/v2\/types\/page"}],"author":[{"embeddable":true,"href":"https:\/\/www.fijiembassy.org\/fr\/wp-json\/wp\/v2\/users\/1"}],"replies":[{"embeddable":true,"href":"https:\/\/www.fijiembassy.org\/fr\/wp-json\/wp\/v2\/comments?post=75"}],"version-history":[{"count":30,"href":"https:\/\/www.fijiembassy.org\/fr\/wp-json\/wp\/v2\/pages\/75\/revisions"}],"predecessor-version":[{"id":644,"href":"https:\/\/www.fijiembassy.org\/fr\/wp-json\/wp\/v2\/pages\/75\/revisions\/644"}],"wp:attachment":[{"href":"https:\/\/www.fijiembassy.org\/fr\/wp-json\/wp\/v2\/media?parent=75"}],"curies":[{"name":"wp","href":"https:\/\/api.w.org\/{rel}","templated":true}]}}