{"id":692,"date":"2026-04-07T14:36:39","date_gmt":"2026-04-07T12:36:39","guid":{"rendered":"https:\/\/www.fijiembassy.org\/etias\/"},"modified":"2026-04-07T14:55:19","modified_gmt":"2026-04-07T12:55:19","slug":"etias","status":"publish","type":"page","link":"https:\/\/www.fijiembassy.org\/fr\/etias\/","title":{"rendered":"ETIAS 2027 : ce que les voyageurs des \u00eeles Fidji doivent savoir"},"content":{"rendered":"\n<p>Le syst\u00e8me europ\u00e9en d&rsquo;information et d&rsquo;autorisation de voyage (ETIAS) est directement inspir\u00e9 du <strong>syst\u00e8me \u00e9lectronique am\u00e9ricain d&rsquo;autorisation de voyage (ESTA)<\/strong>. Comme son homologue am\u00e9ricain, ETIAS n&rsquo;est pas un visa, mais une autorisation pr\u00e9alable au voyage exig\u00e9e pour les visiteurs exempt\u00e9s de visa entrant en Europe. <\/p>\n\n<p>Son principal objectif est de renforcer la s\u00e9curit\u00e9 aux fronti\u00e8res en contr\u00f4lant les voyageurs avant leur arriv\u00e9e dans l&rsquo;<a href=\"https:\/\/www.consilium.europa.eu\/en\/policies\/schengen-area\/\">espace Schengen<\/a>. En comparant les candidats aux bases de donn\u00e9es de s\u00e9curit\u00e9 internationales, les autorit\u00e9s europ\u00e9ennes visent \u00e0 d\u00e9tecter rapidement les risques potentiels tout en maintenant des flux de voyage fluides. <\/p>\n\n<h2 class=\"wp-block-heading\">Un lancement pr\u00e9vu pour 2027<\/h2>\n\n<p>Apr\u00e8s plusieurs retards, l <a href=\"https:\/\/etias-eu.net\/en\/\">&lsquo;ETIAS<\/a> devrait maintenant \u00eatre pleinement op\u00e9rationnel en 2027, apr\u00e8s un d\u00e9ploiement progressif :<\/p>\n\n<ul class=\"wp-block-list\">\n<li>Fin 2026 : mise en service du syst\u00e8me (pas encore obligatoire)<\/li>\n\n\n\n<li>2027 : l&rsquo;autorisation devient obligatoire pour la plupart des voyageurs<\/li>\n\n\n\n<li>P\u00e9riode de transition : flexibilit\u00e9 pour les premiers voyageurs pendant les premiers mois<\/li>\n<\/ul>\n\n<p>Ce retard est en grande partie d\u00fb \u00e0 la mise en \u0153uvre du syst\u00e8me d&rsquo;entr\u00e9e\/sortie (EES), un syst\u00e8me biom\u00e9trique de contr\u00f4le aux fronti\u00e8res qui doit \u00eatre op\u00e9rationnel avant que le syst\u00e8me ETIAS puisse fonctionner efficacement.<\/p>\n\n<h2 class=\"wp-block-heading\">Comment fonctionne ETIAS ?<\/h2>\n\n<p>Une fois en place, l&rsquo;ETIAS sera exig\u00e9 pour les s\u00e9jours de courte dur\u00e9e (jusqu&rsquo;\u00e0 90 jours sur une p\u00e9riode de 180 jours) dans l&rsquo;espace Schengen.<\/p>\n\n<p>Caract\u00e9ristiques principales :<\/p>\n\n<ul class=\"wp-block-list\">\n<li>Demande en ligne remplie avant le d\u00e9part<\/li>\n\n\n\n<li>Frais minimes (environ 20 euros, sous r\u00e9serve de mises \u00e0 jour)<\/li>\n\n\n\n<li>Traitement rapide (souvent en quelques minutes, parfois en quelques jours)<\/li>\n\n\n\n<li>Valable 3 ans ou jusqu&rsquo;\u00e0 l&rsquo;expiration du passeport<\/li>\n\n\n\n<li>Permet des entr\u00e9es multiples en Europe<\/li>\n<\/ul>\n\n<p>Il est important de noter que l&rsquo;approbation de l&rsquo;ETIAS ne garantit pas l&rsquo;entr\u00e9e sur le territoire : les autorit\u00e9s frontali\u00e8res prennent toujours la d\u00e9cision finale \u00e0 l&rsquo;arriv\u00e9e.<\/p>\n\n<h2 class=\"wp-block-heading\">Focus sp\u00e9cial : Voyageurs des \u00eeles Fidji<\/h2>\n\n<p>Les citoyens fidjiens b\u00e9n\u00e9ficient actuellement d&rsquo;un acc\u00e8s sans visa \u00e0 l&rsquo;espace Schengen pour les s\u00e9jours de courte dur\u00e9e. Avec l&rsquo;introduction de l&rsquo;ETIAS, ce privil\u00e8ge demeure, mais avec une \u00e9tape suppl\u00e9mentaire. <\/p>\n\n<h3 class=\"wp-block-heading\">Quels sont les changements pour les voyageurs des \u00eeles Fidji ?<\/h3>\n\n<p>\u00c0 partir de 2027, les voyageurs en provenance des Fidji devront :<\/p>\n\n<ul class=\"wp-block-list\">\n<li>Demandez ETIAS avant de vous rendre en Europe<\/li>\n\n\n\n<li>Remplissez un simple formulaire en ligne (aucune visite \u00e0 l&rsquo;<a href=\"https:\/\/www.fijiembassy.org\/\" data-type=\"page\" data-id=\"581\">ambassade des Fidji<\/a> n&rsquo;est n\u00e9cessaire).<\/li>\n\n\n\n<li>Recevoir l&rsquo;autorisation avant l&#8217;embarquement<\/li>\n<\/ul>\n\n<h3 class=\"wp-block-heading\">Exigences et consid\u00e9rations<\/h3>\n\n<p>Les candidats fidjiens doivent g\u00e9n\u00e9ralement fournir les documents suivants :<\/p>\n\n<ul class=\"wp-block-list\">\n<li>Informations personnelles et passeport<\/li>\n\n\n\n<li>D\u00e9tails du voyage<\/li>\n\n\n\n<li>R\u00e9ponses aux questions relatives \u00e0 la s\u00e9curit\u00e9 et \u00e0 la sant\u00e9<\/li>\n<\/ul>\n\n<p>Leur candidature sera ensuite automatiquement v\u00e9rifi\u00e9e dans les bases de donn\u00e9es europ\u00e9ennes et internationales.<\/p>\n\n<h3 class=\"wp-block-heading\">En cas de refus<\/h3>\n\n<p>Si une demande ETIAS est refus\u00e9e :<\/p>\n\n<ul class=\"wp-block-list\">\n<li>Le voyageur recevra un motif de refus<\/li>\n\n\n\n<li>Ils peuvent avoir la possibilit\u00e9 de faire appel ou de demander un visa.<\/li>\n<\/ul>\n\n<h2 class=\"wp-block-heading\">L&rsquo;importance d&rsquo;ETIAS pour les voyages \u00e0 venir<\/h2>\n\n<p>ETIAS repr\u00e9sente un changement dans la mani\u00e8re dont l&rsquo;Europe g\u00e8re ses fronti\u00e8res. M\u00eame les voyageurs exempt\u00e9s de visa, y compris les Fidjiens, doivent d\u00e9sormais <strong>planifier leur d\u00e9part<\/strong>. <\/p>\n\n<p>Le syst\u00e8me vise \u00e0 :<\/p>\n\n<ul class=\"wp-block-list\">\n<li>Renforcer la <strong>s\u00e9curit\u00e9 en Europe<\/strong><\/li>\n\n\n\n<li>Am\u00e9liorer <strong>l&rsquo;efficacit\u00e9 de la gestion des fronti\u00e8res<\/strong><\/li>\n\n\n\n<li>Maintenir la <strong>s\u00e9curit\u00e9 et la fluidit\u00e9 des d\u00e9placements<\/strong><\/li>\n<\/ul>\n\n<h2 class=\"wp-block-heading\">Principaux enseignements<\/h2>\n\n<ul class=\"wp-block-list\">\n<li>ETIAS est l&rsquo;\u00e9quivalent europ\u00e9en du syst\u00e8me ESTA.<\/li>\n\n\n\n<li>Il devrait devenir obligatoire en <strong>2027<\/strong><\/li>\n\n\n\n<li>Elle s&rsquo;applique aux voyageurs exempt\u00e9s de visa, y compris ceux des \u00eeles Fidji.<\/li>\n\n\n\n<li>Le processus est <strong>simple, num\u00e9rique et valable pour plusieurs voyages.<\/strong><\/li>\n<\/ul>\n\n<p>Pour les voyageurs fidjiens qui r\u00eavent de visiter l&rsquo;Europe, ETIAS constituera une \u00e9tape modeste mais essentielle dans la pr\u00e9paration de leur voyage.<\/p>\n","protected":false},"excerpt":{"rendered":"<p>Le syst\u00e8me europ\u00e9en d&rsquo;information et d&rsquo;autorisation de voyage (ETIAS) est directement inspir\u00e9 du syst\u00e8me \u00e9lectronique am\u00e9ricain d&rsquo;autorisation de voyage (ESTA). Comme son homologue am\u00e9ricain, ETIAS n&rsquo;est pas un visa, mais une autorisation pr\u00e9alable au voyage exig\u00e9e pour les visiteurs exempt\u00e9s de visa entrant en Europe. Son principal objectif est de renforcer la s\u00e9curit\u00e9 aux fronti\u00e8res [&hellip;]<\/p>\n","protected":false},"author":1,"featured_media":0,"parent":0,"menu_order":0,"comment_status":"closed","ping_status":"closed","template":"","meta":{"footnotes":""},"class_list":["post-692","page","type-page","status-publish","hentry"],"_links":{"self":[{"href":"https:\/\/www.fijiembassy.org\/fr\/wp-json\/wp\/v2\/pages\/692","targetHints":{"allow":["GET"]}}],"collection":[{"href":"https:\/\/www.fijiembassy.org\/fr\/wp-json\/wp\/v2\/pages"}],"about":[{"href":"https:\/\/www.fijiembassy.org\/fr\/wp-json\/wp\/v2\/types\/page"}],"author":[{"embeddable":true,"href":"https:\/\/www.fijiembassy.org\/fr\/wp-json\/wp\/v2\/users\/1"}],"replies":[{"embeddable":true,"href":"https:\/\/www.fijiembassy.org\/fr\/wp-json\/wp\/v2\/comments?post=692"}],"version-history":[{"count":5,"href":"https:\/\/www.fijiembassy.org\/fr\/wp-json\/wp\/v2\/pages\/692\/revisions"}],"predecessor-version":[{"id":762,"href":"https:\/\/www.fijiembassy.org\/fr\/wp-json\/wp\/v2\/pages\/692\/revisions\/762"}],"wp:attachment":[{"href":"https:\/\/www.fijiembassy.org\/fr\/wp-json\/wp\/v2\/media?parent=692"}],"curies":[{"name":"wp","href":"https:\/\/api.w.org\/{rel}","templated":true}]}}