{"id":586,"date":"2025-05-26T14:12:37","date_gmt":"2025-05-26T12:12:37","guid":{"rendered":"https:\/\/www.fijiembassy.org\/services-consulaires\/"},"modified":"2025-05-26T14:29:02","modified_gmt":"2025-05-26T12:29:02","slug":"services-consulaires","status":"publish","type":"page","link":"https:\/\/www.fijiembassy.org\/fr\/services-consulaires\/","title":{"rendered":"Services consulaires de l&rsquo;ambassade des \u00c9tats-Unis \u00e0 Fidji"},"content":{"rendered":"\n<p>L&rsquo;ambassade des \u00c9tats-Unis \u00e0 Suva offre divers services consulaires aux citoyens am\u00e9ricains et aux r\u00e9sidents locaux.<\/p>\n\n<h2 class=\"wp-block-heading\">Services pour les citoyens am\u00e9ricains<\/h2>\n\n<h3 class=\"wp-block-heading\">Renouvellement du passeport<\/h3>\n\n<p>Vous pouvez renouveler votre passeport am\u00e9ricain \u00e0 l&rsquo;ambassade. Prenez rendez-vous en ligne et apportez les documents requis.   <\/p>\n\n<h3 class=\"wp-block-heading\">Aide d&rsquo;urgence<\/h3>\n\n<p>L&rsquo;ambassade peut vous aider dans les cas suivants<\/p>\n\n<ul class=\"wp-block-list\">\n<li>Passeport perdu ou vol\u00e9<\/li>\n\n\n\n<li>Arrestation ou d\u00e9tention<\/li>\n\n\n\n<li>Urgences m\u00e9dicales<\/li>\n\n\n\n<li>D\u00e9c\u00e8s d&rsquo;un citoyen am\u00e9ricain<\/li>\n\n\n\n<li>Catastrophes naturelles<\/li>\n<\/ul>\n\n<h3 class=\"wp-block-heading\">Rapport consulaire de naissance \u00e0 l&rsquo;\u00e9tranger (CRBA)<\/h3>\n\n<p>Si votre enfant est n\u00e9 aux Fidji, vous pouvez demander un certificat de naissance et un passeport am\u00e9ricains.<\/p>\n\n<h3 class=\"wp-block-heading\">Services notariaux<\/h3>\n\n<p>L&rsquo;ambassade peut authentifier certains documents \u00e0 usage officiel ou l\u00e9gal. Un rendez-vous est n\u00e9cessaire. <\/p>\n\n<h3 class=\"wp-block-heading\">Demande de visa<\/h3>\n\n<p><a href=\"https:\/\/www.fijiembassy.org\/fr\/\" data-type=\"page\" data-id=\"18\">L&rsquo;ambassade am\u00e9ricaine aux Fidji<\/a> propose une gamme de visas de non-immigrant et d&rsquo;immigrant aux candidats \u00e9ligibles. Que vous soyez en visite pour le tourisme, les affaires, les \u00e9tudes ou la famille, l&rsquo;ambassade fournit des lignes directrices claires pour garantir un traitement efficace de votre demande. La <a href=\"https:\/\/www.fijiembassy.org\/fr\/demande-de-visa-americain-aupres-de-lambassade-americaine-a-fidji\/\" data-type=\"page\" data-id=\"522\">demande d&rsquo;un visa touristique am\u00e9ricain<\/a> aux Fidji peut simplifier la proc\u00e9dure si vous r\u00e9sidez d\u00e9j\u00e0 dans le pays ou si vous \u00eates citoyen fidjien. <\/p>\n\n<h2 class=\"wp-block-heading\">Assistance en cas de crise<\/h2>\n\n<p>En cas de crise (cyclone, troubles, etc.), l&rsquo;ambassade des \u00c9tats-Unis peut :<\/p>\n\n<ul class=\"wp-block-list\">\n<li>Envoyer des alertes aux citoyens am\u00e9ricains<\/li>\n\n\n\n<li>Aide \u00e0 l&rsquo;\u00e9vacuation si n\u00e9cessaire<\/li>\n\n\n\n<li>Partager les consignes de s\u00e9curit\u00e9 et de voyage<\/li>\n<\/ul>\n\n<h2 class=\"wp-block-heading\">Inscription \u00e0 l&rsquo;ETAPE<\/h2>\n\n<p>Les citoyens am\u00e9ricains qui vivent ou voyagent aux Fidji doivent s&rsquo;inscrire au <a href=\"https:\/\/mytravel.state.gov\/s\/step\">programme STEP (Smart Traveler Enrollment Program)<\/a>. Cela permet \u00e0 l&rsquo;ambassade de vous joindre en cas d&rsquo;urgence. <\/p>\n\n<h2 class=\"wp-block-heading\">Contact pour l&rsquo;assistance consulaire<\/h2>\n\n<ul class=\"wp-block-list\">\n<li>\ud83d\udce7 Courriel : <a>SuvaACS@state.gov<\/a><\/li>\n\n\n\n<li>\u260e\ufe0f T\u00e9l\u00e9phone : (+679) 331-4466<\/li>\n\n\n\n<li>\ud83c\udf10 Site web : <a>fj.usembassy.gov<\/a><\/li>\n<\/ul>\n","protected":false},"excerpt":{"rendered":"<p>L&rsquo;ambassade des \u00c9tats-Unis \u00e0 Suva offre divers services consulaires aux citoyens am\u00e9ricains et aux r\u00e9sidents locaux. Services pour les citoyens am\u00e9ricains Renouvellement du passeport Vous pouvez renouveler votre passeport am\u00e9ricain \u00e0 l&rsquo;ambassade. Prenez rendez-vous en ligne et apportez les documents requis. Aide d&rsquo;urgence L&rsquo;ambassade peut vous aider dans les cas suivants Rapport consulaire de naissance [&hellip;]<\/p>\n","protected":false},"author":1,"featured_media":0,"parent":0,"menu_order":0,"comment_status":"closed","ping_status":"closed","template":"","meta":{"footnotes":""},"class_list":["post-586","page","type-page","status-publish","hentry"],"_links":{"self":[{"href":"https:\/\/www.fijiembassy.org\/fr\/wp-json\/wp\/v2\/pages\/586","targetHints":{"allow":["GET"]}}],"collection":[{"href":"https:\/\/www.fijiembassy.org\/fr\/wp-json\/wp\/v2\/pages"}],"about":[{"href":"https:\/\/www.fijiembassy.org\/fr\/wp-json\/wp\/v2\/types\/page"}],"author":[{"embeddable":true,"href":"https:\/\/www.fijiembassy.org\/fr\/wp-json\/wp\/v2\/users\/1"}],"replies":[{"embeddable":true,"href":"https:\/\/www.fijiembassy.org\/fr\/wp-json\/wp\/v2\/comments?post=586"}],"version-history":[{"count":4,"href":"https:\/\/www.fijiembassy.org\/fr\/wp-json\/wp\/v2\/pages\/586\/revisions"}],"predecessor-version":[{"id":655,"href":"https:\/\/www.fijiembassy.org\/fr\/wp-json\/wp\/v2\/pages\/586\/revisions\/655"}],"wp:attachment":[{"href":"https:\/\/www.fijiembassy.org\/fr\/wp-json\/wp\/v2\/media?parent=586"}],"curies":[{"name":"wp","href":"https:\/\/api.w.org\/{rel}","templated":true}]}}