{"id":86,"date":"2022-03-27T22:25:30","date_gmt":"2022-03-27T20:25:30","guid":{"rendered":"https:\/\/www.fijiembassy.org\/embajada-de-estados-unidos\/"},"modified":"2025-05-26T14:24:43","modified_gmt":"2025-05-26T12:24:43","slug":"embajada-de-estados-unidos","status":"publish","type":"page","link":"https:\/\/www.fijiembassy.org\/es\/","title":{"rendered":"Embajada de Estados Unidos"},"content":{"rendered":"\t\t<div data-elementor-type=\"wp-page\" data-elementor-id=\"86\" class=\"elementor elementor-86 elementor-18\" data-elementor-post-type=\"page\">\n\t\t\t\t\t\t<section class=\"elementor-section elementor-top-section elementor-element elementor-element-02333ce elementor-section-boxed elementor-section-height-default elementor-section-height-default\" data-id=\"02333ce\" data-element_type=\"section\" data-e-type=\"section\">\n\t\t\t\t\t\t<div class=\"elementor-container elementor-column-gap-default\">\n\t\t\t\t\t<div class=\"elementor-column elementor-col-100 elementor-top-column elementor-element elementor-element-06b7a35\" data-id=\"06b7a35\" data-element_type=\"column\" data-e-type=\"column\">\n\t\t\t<div class=\"elementor-widget-wrap elementor-element-populated\">\n\t\t\t\t\t\t<div class=\"elementor-element elementor-element-54dad0a elementor-widget elementor-widget-spacer\" data-id=\"54dad0a\" data-element_type=\"widget\" data-e-type=\"widget\" data-widget_type=\"spacer.default\">\n\t\t\t\t<div class=\"elementor-widget-container\">\n\t\t\t\t\t\t\t<div class=\"elementor-spacer\">\n\t\t\t<div class=\"elementor-spacer-inner\"><\/div>\n\t\t<\/div>\n\t\t\t\t\t\t<\/div>\n\t\t\t\t<\/div>\n\t\t\t\t\t<\/div>\n\t\t<\/div>\n\t\t\t\t\t<\/div>\n\t\t<\/section>\n\t\t\t\t<section class=\"elementor-section elementor-top-section elementor-element elementor-element-1906cf60 elementor-section-boxed elementor-section-height-default elementor-section-height-default\" data-id=\"1906cf60\" data-element_type=\"section\" data-e-type=\"section\">\n\t\t\t\t\t\t<div class=\"elementor-container elementor-column-gap-default\">\n\t\t\t\t\t<div class=\"elementor-column elementor-col-100 elementor-top-column elementor-element elementor-element-78b2a400\" data-id=\"78b2a400\" data-element_type=\"column\" data-e-type=\"column\">\n\t\t\t<div class=\"elementor-widget-wrap elementor-element-populated\">\n\t\t\t\t\t\t<div class=\"elementor-element elementor-element-4c9630fe elementor-widget elementor-widget-heading\" data-id=\"4c9630fe\" data-element_type=\"widget\" data-e-type=\"widget\" data-widget_type=\"heading.default\">\n\t\t\t\t<div class=\"elementor-widget-container\">\n\t\t\t\t\t<h1 class=\"elementor-heading-title elementor-size-default\">Viajar a los Estados Unidos de Am\u00e9rica<\/h1>\t\t\t\t<\/div>\n\t\t\t\t<\/div>\n\t\t\t\t\t<\/div>\n\t\t<\/div>\n\t\t\t\t\t<\/div>\n\t\t<\/section>\n\t\t\t\t<section class=\"elementor-section elementor-top-section elementor-element elementor-element-38a765a4 elementor-section-boxed elementor-section-height-default elementor-section-height-default\" data-id=\"38a765a4\" data-element_type=\"section\" data-e-type=\"section\">\n\t\t\t\t\t\t<div class=\"elementor-container elementor-column-gap-default\">\n\t\t\t\t\t<div class=\"elementor-column elementor-col-100 elementor-top-column elementor-element elementor-element-44e0f745\" data-id=\"44e0f745\" data-element_type=\"column\" data-e-type=\"column\">\n\t\t\t<div class=\"elementor-widget-wrap elementor-element-populated\">\n\t\t\t\t\t\t<div class=\"elementor-element elementor-element-45868624 elementor-widget elementor-widget-text-editor\" data-id=\"45868624\" data-element_type=\"widget\" data-e-type=\"widget\" data-widget_type=\"text-editor.default\">\n\t\t\t\t<div class=\"elementor-widget-container\">\n\t\t\t\t\t\t\t\t\t<p>Todos los viajeros a los Estados Unidos de Am\u00e9rica tienen que revisar antes de viajar los \u00faltimos requisitos. Se podr\u00eda haber contactado a la Embajada de EE. UU. en Fiji para obtener informaci\u00f3n actualizada sobre la situaci\u00f3n. Las regulaciones relacionadas con los viajeros extranjeros a los EE. UU. cambian con frecuencia en un breve retraso.<\/p>\t\t\t\t\t\t\t\t<\/div>\n\t\t\t\t<\/div>\n\t\t\t\t\t<\/div>\n\t\t<\/div>\n\t\t\t\t\t<\/div>\n\t\t<\/section>\n\t\t\t\t<section class=\"elementor-section elementor-top-section elementor-element elementor-element-692b51d7 elementor-section-boxed elementor-section-height-default elementor-section-height-default\" data-id=\"692b51d7\" data-element_type=\"section\" data-e-type=\"section\">\n\t\t\t\t\t\t<div class=\"elementor-container elementor-column-gap-default\">\n\t\t\t\t\t<div class=\"elementor-column elementor-col-50 elementor-top-column elementor-element elementor-element-c57006a\" data-id=\"c57006a\" data-element_type=\"column\" data-e-type=\"column\">\n\t\t\t<div class=\"elementor-widget-wrap elementor-element-populated\">\n\t\t\t\t\t\t<div class=\"elementor-element elementor-element-51b0a81f elementor-widget elementor-widget-text-editor\" data-id=\"51b0a81f\" data-element_type=\"widget\" data-e-type=\"widget\" data-widget_type=\"text-editor.default\">\n\t\t\t\t<div class=\"elementor-widget-container\">\n\t\t\t\t\t\t\t\t\t<h2>Embajada de los Estados Unidos<\/h2><p>La misi\u00f3n de la <a href=\"https:\/\/fj.usembassy.gov\/\">Embajada de los Estados Unidos<\/a> es desarrollar las relaciones entre los Estados Unidos y Fiji. Trabajan activamente para promover la cooperaci\u00f3n en diferentes prop\u00f3sitos internacionales mejorar EE.UU.<\/p><p>Embajada de EE. UU. presente en la isla de Fiji por objetivos econ\u00f3micos.<\/p><p>M\u00e1s informaci\u00f3n sobre los <a href=\"https:\/\/www.fijiembassy.org\/es\/servicios-consulares\/\">servicios consulares de la Embajada de EE.UU. en Suva<\/a>.<\/p>\t\t\t\t\t\t\t\t<\/div>\n\t\t\t\t<\/div>\n\t\t\t\t\t<\/div>\n\t\t<\/div>\n\t\t\t\t<div class=\"elementor-column elementor-col-50 elementor-top-column elementor-element elementor-element-7a36c37e\" data-id=\"7a36c37e\" data-element_type=\"column\" data-e-type=\"column\">\n\t\t\t<div class=\"elementor-widget-wrap elementor-element-populated\">\n\t\t\t\t\t\t<div class=\"elementor-element elementor-element-26cf03a4 elementor-widget elementor-widget-text-editor\" data-id=\"26cf03a4\" data-element_type=\"widget\" data-e-type=\"widget\" data-widget_type=\"text-editor.default\">\n\t\t\t\t<div class=\"elementor-widget-container\">\n\t\t\t\t\t\t\t\t\t<h2>Embajada Estados Unidos en Fiyi<\/h2><p><a href=\"https:\/\/fj.usembassy.gov\/embassy\/suva\/\">Embajada de EE.UU. en Suva<\/a><br>158 Princes Road, Tamavua, Suva, Fiyi.<\/p><p>Tel\u00e9fono: 679 331-4466<\/p><div class=\"pg-split\" style=\"margin: 0px 30px 30px 0px; padding: 0px; border: 0px; font-variant-numeric: inherit; font-variant-east-asian: inherit; font-stretch: inherit; line-height: inherit; font-family: Roboto, Arial, sans-serif; vertical-align: baseline; width: 374.99px; float: left; color: #333333;\"><div class=\"map-container\" style=\"margin: 0px; padding: 30px 0px 210.927px; border: 0px; font: inherit; vertical-align: baseline; position: relative; height: 0px; overflow: hidden;\"><iframe class=\"iframemapborder\" style=\"padding: 0px; font: inherit; vertical-align: baseline; width: 374.99px; position: absolute; top: 0px; left: 0px; height: 240.927px; border-width: 8px !important; border-style: solid !important; border-color: #e2e2e2 !important;\" src=\"https:\/\/www.google.com\/maps\/embed?pb=!1m18!1m12!1m3!1d3792.018458672593!2d178.43729101474153!3d-18.116938789168167!2m3!1f0!2f0!3f0!3m2!1i1024!2i768!4f13.1!3m3!1m2!1s0x6e1bde8a6dcf2811%3A0x433486fb291c2678!2sUS+Embassy+Suva!5e0!3m2!1sen!2sus!4v1469485653235\" width=\"600\" height=\"450\" frameborder=\"0\" allowfullscreen=\"allowfullscreen\" data-gtm-yt-inspected-1_19=\"true\" data-gtm-yt-inspected-1491731_107=\"true\"><\/iframe><\/div><\/div>\t\t\t\t\t\t\t\t<\/div>\n\t\t\t\t<\/div>\n\t\t\t\t\t<\/div>\n\t\t<\/div>\n\t\t\t\t\t<\/div>\n\t\t<\/section>\n\t\t\t\t<section class=\"elementor-section elementor-top-section elementor-element elementor-element-4bc23eb elementor-section-boxed elementor-section-height-default elementor-section-height-default\" data-id=\"4bc23eb\" data-element_type=\"section\" data-e-type=\"section\">\n\t\t\t\t\t\t<div class=\"elementor-container elementor-column-gap-default\">\n\t\t\t\t\t<div class=\"elementor-column elementor-col-100 elementor-top-column elementor-element elementor-element-9e403f7\" data-id=\"9e403f7\" data-element_type=\"column\" data-e-type=\"column\">\n\t\t\t<div class=\"elementor-widget-wrap elementor-element-populated\">\n\t\t\t\t\t\t<div class=\"elementor-element elementor-element-c7e6442 elementor-widget elementor-widget-heading\" data-id=\"c7e6442\" data-element_type=\"widget\" data-e-type=\"widget\" data-widget_type=\"heading.default\">\n\t\t\t\t<div class=\"elementor-widget-container\">\n\t\t\t\t\t<h2 class=\"elementor-heading-title elementor-size-default\">\u00bfCu\u00e1l es la diferencia entre una visa y un ESTA?<\/h2>\t\t\t\t<\/div>\n\t\t\t\t<\/div>\n\t\t\t\t\t<\/div>\n\t\t<\/div>\n\t\t\t\t\t<\/div>\n\t\t<\/section>\n\t\t\t\t<section class=\"elementor-section elementor-top-section elementor-element elementor-element-e41aacc elementor-section-boxed elementor-section-height-default elementor-section-height-default\" data-id=\"e41aacc\" data-element_type=\"section\" data-e-type=\"section\">\n\t\t\t\t\t\t<div class=\"elementor-container elementor-column-gap-default\">\n\t\t\t\t\t<div class=\"elementor-column elementor-col-100 elementor-top-column elementor-element elementor-element-e7cf01a\" data-id=\"e7cf01a\" data-element_type=\"column\" data-e-type=\"column\">\n\t\t\t<div class=\"elementor-widget-wrap elementor-element-populated\">\n\t\t\t\t\t\t<div class=\"elementor-element elementor-element-5443e8a elementor-widget elementor-widget-text-editor\" data-id=\"5443e8a\" data-element_type=\"widget\" data-e-type=\"widget\" data-widget_type=\"text-editor.default\">\n\t\t\t\t<div class=\"elementor-widget-container\">\n\t\t\t\t\t\t\t\t\t<p>Debes quedarte muy pronto en los Estados Unidos. La solicitud de autorizaci\u00f3n para ingresar al territorio americano es una formalidad obligatoria. Dependiendo de su situaci\u00f3n, hay varias soluciones disponibles para usted:<\/p><ol><li>La tarjeta de residente permanente mejor conocida como Green card es uno de los permisos de residencia m\u00e1s dif\u00edciles de obtener ya que solo concierne a las personas que planean permanecer permanentemente en los Estados Unidos. Las razones para solicitar una green card m\u00e1s que cualquier otra cosa son principalmente cuando las personas vienen a establecerse por motivos profesionales o familiares en los Estados Unidos. De hecho, esto requiere una autorizaci\u00f3n de viaje superior a 90 d\u00edas. Hay una excepci\u00f3n para la solicitud de green card para solicitantes de asilo. De hecho, en ciertos casos pueden recurrir a ella.<\/li><li>El visado de turista estadounidense se refiere a las personas que desean permanecer en Estados Unidos durante un periodo superior a 90 d\u00edas. A diferencia de una solicitud ESTA, el proceso es m\u00e1s largo y complicado. Requiere que el viajero presente la solicitud en l\u00ednea en el sitio web <a href=\"https:\/\/travel.state.gov\/content\/travel\/en\/us-visas\/tourism-visit\/visitor.html\">travel.state.gov<\/a>. Despu\u00e9s tendr\u00e1 que concertar una entrevista en la Embajada de Estados Unidos para finalizar su solicitud. Teniendo en cuenta los datos necesarios para solicitar un visado, las tasas cobradas ascienden por t\u00e9rmino medio a 185 d\u00f3lares. Esta cantidad se solicita independientemente de la VISA, que es significativamente m\u00e1s alta que una solicitud ESTA. Pero una vez m\u00e1s cada solicitud depender\u00e1 del perfil, la situaci\u00f3n y las razones que empujan al viajero a ir a Estados Unidos.<\/li><li>La solicitud ESTA se refiere a estancias profesionales o tur\u00edsticas de corta duraci\u00f3n (m\u00e1ximo 90 d\u00edas consecutivos durante el per\u00edodo de validez del ESTA). A diferencia de la solicitud de visa o green card, la solicitud ESTA se beneficia de un proceso en l\u00ednea simplificado. Todo lo que tienes que hacer es llenar un formulario y responder a las preguntas que te hacen con sinceridad. Estas preguntas se relacionan con el estado civil del viajero, su historial legal y m\u00e9dico. Una vez completada la solicitud ESTA, debe ser validada por los servicios de seguridad interna estadounidenses. Se recomienda hacer la solicitud como m\u00e1ximo 72 horas antes de la salida. En la mayor\u00eda de los casos la respuesta llega durante el d\u00eda.<\/li><\/ol><h2>C\u00f3mo obtener una visa para los Estados Unidos<\/h2><p>Incluso habiendo respondido con sinceridad y sin error a su solicitud ESTA puede ser denegada. Puede intentar obtener una visa. Para obtener un visado debes dirigirte a una embajada estadounidense. <a href=\"https:\/\/www.fijiembassy.org\/es\/solicitud-de-visado-de-ee-uu-en-la-embajada-de-ee-uu-en-fiyi\/\">Existe un procedimiento com\u00fan para las solicitudes de visado<\/a>. Consiste en rellenar un expediente y tener una entrevista para el visado en la embajada estadounidense. Entrevista en la que tendr\u00e1s que expresar los motivos que te empujan a solicitar el visado.<\/p><p>Preguntas para las que se le formular\u00e1n respuestas claras y precisas:<\/p><ul><li>El motivo de su viaje a los Estados Unidos;<\/li><li>Su historial m\u00e9dico y estado de salud actual;<\/li><li>Sus antecedentes penales.<\/li><\/ul><p>La entrevista en la embajada es muy importante ya que es una condici\u00f3n indispensable para obtener una visa. El gobierno de los Estados Unidos se toma muy en serio esta entrevista.<\/p><p>Aqu\u00ed hay algunos consejos para poner las probabilidades a su favor:<\/p><ul><li>Debes presentarte con todos los documentos que te ser\u00e1n requeridos como tu pasaporte;<\/li><li>Tu vestimenta tambi\u00e9n funcionar\u00e1 a tu favor o no, la primera impresi\u00f3n es muy importante;<\/li><li>Tendr\u00e1 que contar con una antelaci\u00f3n de unos treinta minutos para evitar llegar tarde y cancelar su cita;<\/li><li>Proveerse de medios de pago para poder pagar los costos relacionados con la solicitud de visa. El precio depender\u00e1 del tipo de visa solicitada.<\/li><\/ul><p>A pesar de toda su buena fe y voluntad, su solicitud de visa puede ser rechazada. Cada a\u00f1o hay una loter\u00eda que te permite ganar una green card, es decir, un permiso de residencia permanente.<\/p><p>Es muy dif\u00edcil obtenerla a trav\u00e9s de la Loter\u00eda de la Tarjeta Verde, aunque cada a\u00f1o se conceden cerca de 50.000 tarjetas verdes. De hecho, el n\u00famero de pretendientes sigue siendo muy alto.<\/p>\t\t\t\t\t\t\t\t<\/div>\n\t\t\t\t<\/div>\n\t\t\t\t\t<\/div>\n\t\t<\/div>\n\t\t\t\t\t<\/div>\n\t\t<\/section>\n\t\t\t\t<\/div>\n\t\t","protected":false},"excerpt":{"rendered":"<p>Viajar a los Estados Unidos de Am\u00e9rica Todos los viajeros a los Estados Unidos de Am\u00e9rica tienen que revisar antes de viajar los \u00faltimos requisitos. Se podr\u00eda haber contactado a la Embajada de EE. UU. en Fiji para obtener informaci\u00f3n actualizada sobre la situaci\u00f3n. Las regulaciones relacionadas con los viajeros extranjeros a los EE. UU. [&hellip;]<\/p>\n","protected":false},"author":1,"featured_media":0,"parent":0,"menu_order":0,"comment_status":"closed","ping_status":"closed","template":"","meta":{"footnotes":""},"class_list":["post-86","page","type-page","status-publish","hentry"],"_links":{"self":[{"href":"https:\/\/www.fijiembassy.org\/es\/wp-json\/wp\/v2\/pages\/86","targetHints":{"allow":["GET"]}}],"collection":[{"href":"https:\/\/www.fijiembassy.org\/es\/wp-json\/wp\/v2\/pages"}],"about":[{"href":"https:\/\/www.fijiembassy.org\/es\/wp-json\/wp\/v2\/types\/page"}],"author":[{"embeddable":true,"href":"https:\/\/www.fijiembassy.org\/es\/wp-json\/wp\/v2\/users\/1"}],"replies":[{"embeddable":true,"href":"https:\/\/www.fijiembassy.org\/es\/wp-json\/wp\/v2\/comments?post=86"}],"version-history":[{"count":23,"href":"https:\/\/www.fijiembassy.org\/es\/wp-json\/wp\/v2\/pages\/86\/revisions"}],"predecessor-version":[{"id":643,"href":"https:\/\/www.fijiembassy.org\/es\/wp-json\/wp\/v2\/pages\/86\/revisions\/643"}],"wp:attachment":[{"href":"https:\/\/www.fijiembassy.org\/es\/wp-json\/wp\/v2\/media?parent=86"}],"curies":[{"name":"wp","href":"https:\/\/api.w.org\/{rel}","templated":true}]}}