{"id":700,"date":"2026-04-07T14:36:56","date_gmt":"2026-04-07T12:36:56","guid":{"rendered":"https:\/\/www.fijiembassy.org\/etias\/"},"modified":"2026-04-07T14:54:30","modified_gmt":"2026-04-07T12:54:30","slug":"etias","status":"publish","type":"page","link":"https:\/\/www.fijiembassy.org\/es\/etias\/","title":{"rendered":"ETIAS 2027: Lo que deben saber los viajeros de Fiyi"},"content":{"rendered":"\n<p>El Sistema Europeo de Informaci\u00f3n y Autorizaci\u00f3n de Viajes (ETIAS) se inspira directamente en el <strong>Sistema Electr\u00f3nico de Autorizaci\u00f3n de Viajes (ESTA)<\/strong> estadounidense. Al igual que su hom\u00f3logo estadounidense, el ETIAS no es un visado, sino una autorizaci\u00f3n previa al viaje que se exige a los visitantes exentos de visado que entran en Europa. <\/p>\n\n<p>Its main goal is to enhance border security by screening travelers before they arrive in the <a href=\"https:\/\/www.consilium.europa.eu\/en\/policies\/schengen-area\/\">Schengen Area<\/a>. By cross-checking applicants against international security databases, European authorities aim to detect potential risks early while maintaining smooth travel flows.<\/p>\n\n<h2 class=\"wp-block-heading\">Un lanzamiento programado ahora para 2027<\/h2>\n\n<p>Tras varios retrasos, ahora se espera que <a href=\"https:\/\/etias-eu.net\/en\/\">ETIAS<\/a> sea plenamente operativo en 2027, tras un despliegue gradual:<\/p>\n\n<ul class=\"wp-block-list\">\n<li>Finales de 2026: el sistema entra en funcionamiento (a\u00fan no es obligatorio)<\/li>\n\n\n\n<li>2027: la autorizaci\u00f3n pasa a ser obligatoria para la mayor\u00eda de los viajeros<\/li>\n\n\n\n<li>Periodo de transici\u00f3n: flexibilidad para los primeros viajeros durante los primeros meses<\/li>\n<\/ul>\n\n<p>El retraso se debe en gran medida a la implantaci\u00f3n del Sistema de Entradas y Salidas (SES), un sistema biom\u00e9trico de control fronterizo que debe estar operativo antes de que el ETIAS pueda funcionar eficazmente.<\/p>\n\n<h2 class=\"wp-block-heading\">C\u00f3mo funciona ETIAS<\/h2>\n\n<p>Una vez en vigor, el ETIAS ser\u00e1 necesario para estancias cortas (hasta 90 d\u00edas en un periodo de 180 d\u00edas) en el Espacio Schengen.<\/p>\n\n<p>Caracter\u00edsticas principales:<\/p>\n\n<ul class=\"wp-block-list\">\n<li>Solicitud en l\u00ednea cumplimentada antes de la salida<\/li>\n\n\n\n<li>Peque\u00f1a tasa (prevista en torno a 20 euros, sujeta a actualizaciones)<\/li>\n\n\n\n<li>Tramitaci\u00f3n r\u00e1pida (a menudo en minutos, a veces en unos d\u00edas)<\/li>\n\n\n\n<li>V\u00e1lido durante 3 a\u00f1os o hasta la caducidad del pasaporte<\/li>\n\n\n\n<li>Permite m\u00faltiples entradas en Europa<\/li>\n<\/ul>\n\n<p>Es importante tener en cuenta que la aprobaci\u00f3n del ETIAS no garantiza la entrada: las autoridades fronterizas siguen tomando la decisi\u00f3n final a la llegada.<\/p>\n\n<h2 class=\"wp-block-heading\">Enfoque especial: Viajeros de Fiyi<\/h2>\n\n<p>Los ciudadanos de Fiyi gozan actualmente de acceso sin visado al Espacio Schengen para estancias cortas. Con la introducci\u00f3n del ETIAS, este privilegio se mantiene, pero con un paso a\u00f1adido. <\/p>\n\n<h3 class=\"wp-block-heading\">Qu\u00e9 cambia para los viajeros de Fiyi<\/h3>\n\n<p>A partir de 2027, los viajeros procedentes de Fiyi tendr\u00e1n que<\/p>\n\n<ul class=\"wp-block-list\">\n<li>Solicita el ETIAS antes de viajar a Europa<\/li>\n\n\n\n<li>Rellena un sencillo formulario en l\u00ednea (no es necesario visitar <a href=\"https:\/\/www.fijiembassy.org\/es\/\" data-type=\"page\" data-id=\"581\">la embajada de Fiyi<\/a> )<\/li>\n\n\n\n<li>Recibir aprobaci\u00f3n antes de embarcar en su vuelo<\/li>\n<\/ul>\n\n<h3 class=\"wp-block-heading\">Requisitos y consideraciones<\/h3>\n\n<p>Los solicitantes fiyianos normalmente tendr\u00e1n que aportar:<\/p>\n\n<ul class=\"wp-block-list\">\n<li>Informaci\u00f3n personal y pasaporte<\/li>\n\n\n\n<li>Detalles del viaje<\/li>\n\n\n\n<li>Respuestas a preguntas relacionadas con la seguridad y la salud<\/li>\n<\/ul>\n\n<p>A continuaci\u00f3n, su solicitud se cotejar\u00e1 autom\u00e1ticamente con las bases de datos europeas e internacionales.<\/p>\n\n<h3 class=\"wp-block-heading\">En caso de negativa<\/h3>\n\n<p>Si se deniega una solicitud ETIAS:<\/p>\n\n<ul class=\"wp-block-list\">\n<li>El viajero recibir\u00e1 un motivo de denegaci\u00f3n<\/li>\n\n\n\n<li>Pueden tener la opci\u00f3n de recurrir o solicitar un visado<\/li>\n<\/ul>\n\n<h2 class=\"wp-block-heading\">Por qu\u00e9 ETIAS es importante para los viajes del futuro<\/h2>\n\n<p>ETIAS representa un cambio en la forma en que Europa gestiona sus fronteras. Incluso los viajeros exentos de visado -incluidos los de Fiyi- deben ahora <strong>planificar con antelaci\u00f3n su salida<\/strong>. <\/p>\n\n<p>El sistema pretende<\/p>\n\n<ul class=\"wp-block-list\">\n<li>Reforzar <strong>la seguridad en toda Europa<\/strong><\/li>\n\n\n\n<li>Mejorar <strong>la eficacia de la gesti\u00f3n fronteriza<\/strong><\/li>\n\n\n\n<li>Mantener <strong>la seguridad y la fluidez de los desplazamientos<\/strong><\/li>\n<\/ul>\n\n<h2 class=\"wp-block-heading\">Puntos clave<\/h2>\n\n<ul class=\"wp-block-list\">\n<li>ETIAS es el equivalente europeo del sistema ESTA<\/li>\n\n\n\n<li>Se espera que sea obligatorio en <strong>2027<\/strong><\/li>\n\n\n\n<li>Se aplica a los viajeros exentos de visado, incluidos los de Fiyi<\/li>\n\n\n\n<li>El proceso es <strong>sencillo, digital y v\u00e1lido para varios viajes<\/strong><\/li>\n<\/ul>\n\n<p>Para los viajeros de Fiyi que sue\u00f1an con visitar Europa, el ETIAS ser\u00e1 un paso peque\u00f1o pero esencial en la preparaci\u00f3n de su viaje.<\/p>\n","protected":false},"excerpt":{"rendered":"<p>El Sistema Europeo de Informaci\u00f3n y Autorizaci\u00f3n de Viajes (ETIAS) se inspira directamente en el Sistema Electr\u00f3nico de Autorizaci\u00f3n de Viajes (ESTA) estadounidense. Al igual que su hom\u00f3logo estadounidense, el ETIAS no es un visado, sino una autorizaci\u00f3n previa al viaje que se exige a los visitantes exentos de visado que entran en Europa. Its [&hellip;]<\/p>\n","protected":false},"author":1,"featured_media":0,"parent":0,"menu_order":0,"comment_status":"closed","ping_status":"closed","template":"","meta":{"footnotes":""},"class_list":["post-700","page","type-page","status-publish","hentry"],"_links":{"self":[{"href":"https:\/\/www.fijiembassy.org\/es\/wp-json\/wp\/v2\/pages\/700","targetHints":{"allow":["GET"]}}],"collection":[{"href":"https:\/\/www.fijiembassy.org\/es\/wp-json\/wp\/v2\/pages"}],"about":[{"href":"https:\/\/www.fijiembassy.org\/es\/wp-json\/wp\/v2\/types\/page"}],"author":[{"embeddable":true,"href":"https:\/\/www.fijiembassy.org\/es\/wp-json\/wp\/v2\/users\/1"}],"replies":[{"embeddable":true,"href":"https:\/\/www.fijiembassy.org\/es\/wp-json\/wp\/v2\/comments?post=700"}],"version-history":[{"count":3,"href":"https:\/\/www.fijiembassy.org\/es\/wp-json\/wp\/v2\/pages\/700\/revisions"}],"predecessor-version":[{"id":756,"href":"https:\/\/www.fijiembassy.org\/es\/wp-json\/wp\/v2\/pages\/700\/revisions\/756"}],"wp:attachment":[{"href":"https:\/\/www.fijiembassy.org\/es\/wp-json\/wp\/v2\/media?parent=700"}],"curies":[{"name":"wp","href":"https:\/\/api.w.org\/{rel}","templated":true}]}}