{"id":72,"date":"2022-03-27T22:25:28","date_gmt":"2022-03-27T20:25:28","guid":{"rendered":"https:\/\/www.fijiembassy.org\/us-botschaft\/"},"modified":"2025-05-26T14:24:43","modified_gmt":"2025-05-26T12:24:43","slug":"us-botschaft","status":"publish","type":"page","link":"https:\/\/www.fijiembassy.org\/de\/","title":{"rendered":"US-Botschaft"},"content":{"rendered":"\t\t<div data-elementor-type=\"wp-page\" data-elementor-id=\"72\" class=\"elementor elementor-72 elementor-18\" data-elementor-post-type=\"page\">\n\t\t\t\t\t\t<section class=\"elementor-section elementor-top-section elementor-element elementor-element-02333ce elementor-section-boxed elementor-section-height-default elementor-section-height-default\" data-id=\"02333ce\" data-element_type=\"section\" data-e-type=\"section\">\n\t\t\t\t\t\t<div class=\"elementor-container elementor-column-gap-default\">\n\t\t\t\t\t<div class=\"elementor-column elementor-col-100 elementor-top-column elementor-element elementor-element-06b7a35\" data-id=\"06b7a35\" data-element_type=\"column\" data-e-type=\"column\">\n\t\t\t<div class=\"elementor-widget-wrap elementor-element-populated\">\n\t\t\t\t\t\t<div class=\"elementor-element elementor-element-54dad0a elementor-widget elementor-widget-spacer\" data-id=\"54dad0a\" data-element_type=\"widget\" data-e-type=\"widget\" data-widget_type=\"spacer.default\">\n\t\t\t\t<div class=\"elementor-widget-container\">\n\t\t\t\t\t\t\t<div class=\"elementor-spacer\">\n\t\t\t<div class=\"elementor-spacer-inner\"><\/div>\n\t\t<\/div>\n\t\t\t\t\t\t<\/div>\n\t\t\t\t<\/div>\n\t\t\t\t\t<\/div>\n\t\t<\/div>\n\t\t\t\t\t<\/div>\n\t\t<\/section>\n\t\t\t\t<section class=\"elementor-section elementor-top-section elementor-element elementor-element-1906cf60 elementor-section-boxed elementor-section-height-default elementor-section-height-default\" data-id=\"1906cf60\" data-element_type=\"section\" data-e-type=\"section\">\n\t\t\t\t\t\t<div class=\"elementor-container elementor-column-gap-default\">\n\t\t\t\t\t<div class=\"elementor-column elementor-col-100 elementor-top-column elementor-element elementor-element-78b2a400\" data-id=\"78b2a400\" data-element_type=\"column\" data-e-type=\"column\">\n\t\t\t<div class=\"elementor-widget-wrap elementor-element-populated\">\n\t\t\t\t\t\t<div class=\"elementor-element elementor-element-4c9630fe elementor-widget elementor-widget-heading\" data-id=\"4c9630fe\" data-element_type=\"widget\" data-e-type=\"widget\" data-widget_type=\"heading.default\">\n\t\t\t\t<div class=\"elementor-widget-container\">\n\t\t\t\t\t<h1 class=\"elementor-heading-title elementor-size-default\">Reise in die Vereinigten Staaten von Amerika<\/h1>\t\t\t\t<\/div>\n\t\t\t\t<\/div>\n\t\t\t\t\t<\/div>\n\t\t<\/div>\n\t\t\t\t\t<\/div>\n\t\t<\/section>\n\t\t\t\t<section class=\"elementor-section elementor-top-section elementor-element elementor-element-38a765a4 elementor-section-boxed elementor-section-height-default elementor-section-height-default\" data-id=\"38a765a4\" data-element_type=\"section\" data-e-type=\"section\">\n\t\t\t\t\t\t<div class=\"elementor-container elementor-column-gap-default\">\n\t\t\t\t\t<div class=\"elementor-column elementor-col-100 elementor-top-column elementor-element elementor-element-44e0f745\" data-id=\"44e0f745\" data-element_type=\"column\" data-e-type=\"column\">\n\t\t\t<div class=\"elementor-widget-wrap elementor-element-populated\">\n\t\t\t\t\t\t<div class=\"elementor-element elementor-element-45868624 elementor-widget elementor-widget-text-editor\" data-id=\"45868624\" data-element_type=\"widget\" data-e-type=\"widget\" data-widget_type=\"text-editor.default\">\n\t\t\t\t<div class=\"elementor-widget-container\">\n\t\t\t\t\t\t\t\t\t<p>Alle Reisenden in die Vereinigten Staaten von Amerika m\u00fcssen sich vor der Reise \u00fcber die letzten Anforderungen informieren. Die US-Botschaft von Fidschi h\u00e4tte kontaktiert werden k\u00f6nnen, um eine aktualisierte Situationsinformation zu erhalten. Vorschriften f\u00fcr Ausl\u00e4nder, die in die USA reisen, \u00e4ndern sich h\u00e4ufig mit kurzer Verz\u00f6gerung.<\/p>\t\t\t\t\t\t\t\t<\/div>\n\t\t\t\t<\/div>\n\t\t\t\t\t<\/div>\n\t\t<\/div>\n\t\t\t\t\t<\/div>\n\t\t<\/section>\n\t\t\t\t<section class=\"elementor-section elementor-top-section elementor-element elementor-element-692b51d7 elementor-section-boxed elementor-section-height-default elementor-section-height-default\" data-id=\"692b51d7\" data-element_type=\"section\" data-e-type=\"section\">\n\t\t\t\t\t\t<div class=\"elementor-container elementor-column-gap-default\">\n\t\t\t\t\t<div class=\"elementor-column elementor-col-50 elementor-top-column elementor-element elementor-element-c57006a\" data-id=\"c57006a\" data-element_type=\"column\" data-e-type=\"column\">\n\t\t\t<div class=\"elementor-widget-wrap elementor-element-populated\">\n\t\t\t\t\t\t<div class=\"elementor-element elementor-element-51b0a81f elementor-widget elementor-widget-text-editor\" data-id=\"51b0a81f\" data-element_type=\"widget\" data-e-type=\"widget\" data-widget_type=\"text-editor.default\">\n\t\t\t\t<div class=\"elementor-widget-container\">\n\t\t\t\t\t\t\t\t\t<h2>Botschaft Vereinigten Staaten<\/h2><p>Die Mission der <a href=\"https:\/\/fj.usembassy.gov\/\">US-Botschaft<\/a> besteht darin, die Beziehungen zwischen den Vereinigten Staaten und Fidschi zu entwickeln. Sie arbeiten aktiv daran, die Zusammenarbeit zu verschiedenen internationalen Zwecken zu f\u00f6rdern<\/p><p>Die US-Botschaft befindet sich aus wirtschaftlichen Gr\u00fcnden auf der Insel Fidschi.<\/p><p>Weitere Informationen \u00fcber die <a href=\"https:\/\/www.fijiembassy.org\/de\/konsularische-dienste\/\">konsularischen Dienstleistungen der US-Botschaft in Suva<\/a>.<\/p>\t\t\t\t\t\t\t\t<\/div>\n\t\t\t\t<\/div>\n\t\t\t\t\t<\/div>\n\t\t<\/div>\n\t\t\t\t<div class=\"elementor-column elementor-col-50 elementor-top-column elementor-element elementor-element-7a36c37e\" data-id=\"7a36c37e\" data-element_type=\"column\" data-e-type=\"column\">\n\t\t\t<div class=\"elementor-widget-wrap elementor-element-populated\">\n\t\t\t\t\t\t<div class=\"elementor-element elementor-element-26cf03a4 elementor-widget elementor-widget-text-editor\" data-id=\"26cf03a4\" data-element_type=\"widget\" data-e-type=\"widget\" data-widget_type=\"text-editor.default\">\n\t\t\t\t<div class=\"elementor-widget-container\">\n\t\t\t\t\t\t\t\t\t<h2>US-Botschaft in Fidschi<\/h2><p><a href=\"https:\/\/fj.usembassy.gov\/embassy\/suva\/\">U.S. Embassy Suva<\/a><br>158 Princes Road, Tamavua, Suva, Fidschi.<\/p><p>Telefon: 679 331-4466<\/p><div class=\"pg-split\" style=\"margin: 0px 30px 30px 0px; padding: 0px; border: 0px; font-variant-numeric: inherit; font-variant-east-asian: inherit; font-stretch: inherit; line-height: inherit; font-family: Roboto, Arial, sans-serif; vertical-align: baseline; width: 374.99px; float: left; color: #333333;\"><div class=\"map-container\" style=\"margin: 0px; padding: 30px 0px 210.927px; border: 0px; font: inherit; vertical-align: baseline; position: relative; height: 0px; overflow: hidden;\"><iframe class=\"iframemapborder\" style=\"padding: 0px; font: inherit; vertical-align: baseline; width: 374.99px; position: absolute; top: 0px; left: 0px; height: 240.927px; border-width: 8px !important; border-style: solid !important; border-color: #e2e2e2 !important;\" src=\"https:\/\/www.google.com\/maps\/embed?pb=!1m18!1m12!1m3!1d3792.018458672593!2d178.43729101474153!3d-18.116938789168167!2m3!1f0!2f0!3f0!3m2!1i1024!2i768!4f13.1!3m3!1m2!1s0x6e1bde8a6dcf2811%3A0x433486fb291c2678!2sUS+Embassy+Suva!5e0!3m2!1sen!2sus!4v1469485653235\" width=\"600\" height=\"450\" frameborder=\"0\" allowfullscreen=\"allowfullscreen\" data-gtm-yt-inspected-1_19=\"true\" data-gtm-yt-inspected-1491731_107=\"true\"><\/iframe><\/div><\/div>\t\t\t\t\t\t\t\t<\/div>\n\t\t\t\t<\/div>\n\t\t\t\t\t<\/div>\n\t\t<\/div>\n\t\t\t\t\t<\/div>\n\t\t<\/section>\n\t\t\t\t<section class=\"elementor-section elementor-top-section elementor-element elementor-element-4bc23eb elementor-section-boxed elementor-section-height-default elementor-section-height-default\" data-id=\"4bc23eb\" data-element_type=\"section\" data-e-type=\"section\">\n\t\t\t\t\t\t<div class=\"elementor-container elementor-column-gap-default\">\n\t\t\t\t\t<div class=\"elementor-column elementor-col-100 elementor-top-column elementor-element elementor-element-9e403f7\" data-id=\"9e403f7\" data-element_type=\"column\" data-e-type=\"column\">\n\t\t\t<div class=\"elementor-widget-wrap elementor-element-populated\">\n\t\t\t\t\t\t<div class=\"elementor-element elementor-element-c7e6442 elementor-widget elementor-widget-heading\" data-id=\"c7e6442\" data-element_type=\"widget\" data-e-type=\"widget\" data-widget_type=\"heading.default\">\n\t\t\t\t<div class=\"elementor-widget-container\">\n\t\t\t\t\t<h2 class=\"elementor-heading-title elementor-size-default\">Was ist der Unterschied zwischen einem Visum und einem ESTA?<\/h2>\t\t\t\t<\/div>\n\t\t\t\t<\/div>\n\t\t\t\t\t<\/div>\n\t\t<\/div>\n\t\t\t\t\t<\/div>\n\t\t<\/section>\n\t\t\t\t<section class=\"elementor-section elementor-top-section elementor-element elementor-element-e41aacc elementor-section-boxed elementor-section-height-default elementor-section-height-default\" data-id=\"e41aacc\" data-element_type=\"section\" data-e-type=\"section\">\n\t\t\t\t\t\t<div class=\"elementor-container elementor-column-gap-default\">\n\t\t\t\t\t<div class=\"elementor-column elementor-col-100 elementor-top-column elementor-element elementor-element-e7cf01a\" data-id=\"e7cf01a\" data-element_type=\"column\" data-e-type=\"column\">\n\t\t\t<div class=\"elementor-widget-wrap elementor-element-populated\">\n\t\t\t\t\t\t<div class=\"elementor-element elementor-element-5443e8a elementor-widget elementor-widget-text-editor\" data-id=\"5443e8a\" data-element_type=\"widget\" data-e-type=\"widget\" data-widget_type=\"text-editor.default\">\n\t\t\t\t<div class=\"elementor-widget-container\">\n\t\t\t\t\t\t\t\t\t<p>Sie m\u00fcssen sehr bald in den Vereinigten Staaten bleiben. Ein Antrag auf Genehmigung zur Einreise in das amerikanische Hoheitsgebiet ist eine obligatorische Formalit\u00e4t. Abh\u00e4ngig von Ihrer Situation stehen Ihnen mehrere L\u00f6sungen zur Verf\u00fcgung:<\/p><ol><li>Die Permanent Resident Card, besser bekannt als Green Card, ist eine der am schwierigsten zu erhaltenden Aufenthaltsgenehmigungen, da sie nur Personen betrifft, die einen dauerhaften Aufenthalt in den Vereinigten Staaten planen. Die Gr\u00fcnde f\u00fcr die Beantragung einer Green Card liegen vor allem dann, wenn Menschen sich aus beruflichen oder famili\u00e4ren Gr\u00fcnden in den USA niederlassen. In der Tat erfordert dies eine Reisegenehmigung von mehr als 90 Tagen. Eine Ausnahme gilt f\u00fcr die Beantragung der Green Card f\u00fcr Asylsuchende. Tats\u00e4chlich k\u00f6nnen sie in bestimmten F\u00e4llen darauf zur\u00fcckgreifen.<\/li><li>Das US-Touristenvisum betrifft Personen, die sich l\u00e4nger als 90 Tage in den Vereinigten Staaten aufhalten m\u00f6chten. Im Gegensatz zu einem ESTA-Antrag ist der Prozess l\u00e4nger und komplizierter. Dazu muss der Reisende einen Online-Antrag auf der Website <a href=\"https:\/\/travel.state.gov\/content\/travel\/en\/us-visas\/tourism-visit\/visitor.html\">travel.state.gov<\/a> stellen. Dann muss er einen Termin bei der US-Botschaft vereinbaren, um seinen Antrag abzuschlie\u00dfen. Angesichts der Fakten, die f\u00fcr einen Visumantrag erforderlich sind, belaufen sich die Geb\u00fchren auf durchschnittlich 185 Dollar. Dieser Betrag wird unabh\u00e4ngig vom VISA beantragt, der deutlich h\u00f6her ist als ein ESTA-Antrag. Aber auch hier h\u00e4ngt jede Anfrage vom Profil, der Situation und den Gr\u00fcnden ab, die den Reisenden dazu bewegen, in die Vereinigten Staaten zu gehen.<\/li><li>Der ESTA-Antrag betrifft kurzfristige berufliche oder touristische Aufenthalte (maximal 90 aufeinanderfolgende Tage w\u00e4hrend der G\u00fcltigkeitsdauer des ESTA). Im Gegensatz zum Visum- oder Greencard-Antrag profitiert der ESTA-Antrag von einem vereinfachten Online-Verfahren. Alles, was Sie tun m\u00fcssen, ist, ein Formular auszuf\u00fcllen und die Fragen, die Ihnen gestellt werden, ehrlich zu beantworten. Diese Fragen beziehen sich auf den Personenstand des Reisenden, seine Rechts- und Krankengeschichte. Sobald der ESTA-Antrag ausgef\u00fcllt ist, muss er von den amerikanischen internen Sicherheitsdiensten validiert werden. Es ist ratsam, Ihren Antrag sp\u00e4testens 72 Stunden vor Ihrer Abreise zu stellen. In den meisten F\u00e4llen kommt die Antwort im Laufe des Tages.<\/li><\/ol><h2>So erhalten Sie ein Visum f\u00fcr die USA<\/h2><p>Selbst wenn Sie aufrichtig und fehlerfrei auf Ihren ESTA-Antrag geantwortet haben, kann dies abgelehnt werden. Sie k\u00f6nnen versuchen, ein Visum zu bekommen. Um ein Visum zu erhalten, m\u00fcssen Sie sich an eine amerikanische Botschaft wenden. <a href=\"https:\/\/www.fijiembassy.org\/de\/beantragung-eines-us-visums-bei-der-amerikanischen-botschaft-in-fidschi\/\">F\u00fcr Visumantr\u00e4ge gibt es ein einheitliches Verfahren<\/a>. Dazu m\u00fcssen Sie ein Dossier ausf\u00fcllen und ein Interview in der US-Botschaft absolvieren. Interview, in dem Sie die Gr\u00fcnde darlegen m\u00fcssen, die Sie dazu bewegen, ein Visum zu beantragen.<\/p><p>Fragen, auf die Sie klare und pr\u00e4zise Antworten erhalten:<\/p><ul><li>Der Grund f\u00fcr Ihre Reise in die Vereinigten Staaten;<\/li><li>Ihre Krankengeschichte und Ihr aktueller Gesundheitszustand;<\/li><li>Ihre Vorstrafen.<\/li><\/ul><p>Das Vorstellungsgespr\u00e4ch bei der Botschaft ist sehr wichtig, da es eine wesentliche Voraussetzung f\u00fcr die Erlangung eines Visums ist. Die US-Regierung nimmt dieses Interview sehr ernst.<\/p><p>Hier sind einige Tipps, um die Chancen zu Ihren Gunsten zu nutzen:<\/p><ul><li>Sie m\u00fcssen alle Dokumente vorlegen, die von Ihnen verlangt werden, wie z. B. Ihren Reisepass;<\/li><li>Ihr Kleid wird auch zu Ihren Gunsten funktionieren oder nicht, der erste Eindruck ist sehr wichtig;<\/li><li>Sie m\u00fcssen mit einem Vorlauf von etwa 30 Minuten rechnen, um zu vermeiden, dass Sie zu sp\u00e4t kommen und Ihren Termin stornieren.<\/li><li>Stellen Sie sich Zahlungsmittel zur Verf\u00fcgung, um die Kosten im Zusammenhang mit der Visumsbeantragung bezahlen zu k\u00f6nnen. Der Preis h\u00e4ngt von der Art des beantragten Visums ab.<\/li><\/ul><p>Trotz Ihres guten Glaubens und Willens kann Ihr Visumantrag abgelehnt werden. Jedes Jahr gibt es eine Lotterie, bei der Sie eine Green Card, also eine unbefristete Aufenthaltserlaubnis, gewinnen k\u00f6nnen.<\/p><p>Es ist sehr schwierig, sie \u00fcber die Greencard-Lotterie zu erhalten, obwohl jedes Jahr fast 50.000 Greencards vergeben werden. Tats\u00e4chlich ist die Zahl der Bewerber nach wie vor sehr hoch.<\/p>\t\t\t\t\t\t\t\t<\/div>\n\t\t\t\t<\/div>\n\t\t\t\t\t<\/div>\n\t\t<\/div>\n\t\t\t\t\t<\/div>\n\t\t<\/section>\n\t\t\t\t<\/div>\n\t\t","protected":false},"excerpt":{"rendered":"<p>Reise in die Vereinigten Staaten von Amerika Alle Reisenden in die Vereinigten Staaten von Amerika m\u00fcssen sich vor der Reise \u00fcber die letzten Anforderungen informieren. Die US-Botschaft von Fidschi h\u00e4tte kontaktiert werden k\u00f6nnen, um eine aktualisierte Situationsinformation zu erhalten. Vorschriften f\u00fcr Ausl\u00e4nder, die in die USA reisen, \u00e4ndern sich h\u00e4ufig mit kurzer Verz\u00f6gerung. Botschaft Vereinigten [&hellip;]<\/p>\n","protected":false},"author":1,"featured_media":0,"parent":0,"menu_order":0,"comment_status":"closed","ping_status":"closed","template":"","meta":{"footnotes":""},"class_list":["post-72","page","type-page","status-publish","hentry"],"_links":{"self":[{"href":"https:\/\/www.fijiembassy.org\/de\/wp-json\/wp\/v2\/pages\/72","targetHints":{"allow":["GET"]}}],"collection":[{"href":"https:\/\/www.fijiembassy.org\/de\/wp-json\/wp\/v2\/pages"}],"about":[{"href":"https:\/\/www.fijiembassy.org\/de\/wp-json\/wp\/v2\/types\/page"}],"author":[{"embeddable":true,"href":"https:\/\/www.fijiembassy.org\/de\/wp-json\/wp\/v2\/users\/1"}],"replies":[{"embeddable":true,"href":"https:\/\/www.fijiembassy.org\/de\/wp-json\/wp\/v2\/comments?post=72"}],"version-history":[{"count":25,"href":"https:\/\/www.fijiembassy.org\/de\/wp-json\/wp\/v2\/pages\/72\/revisions"}],"predecessor-version":[{"id":642,"href":"https:\/\/www.fijiembassy.org\/de\/wp-json\/wp\/v2\/pages\/72\/revisions\/642"}],"wp:attachment":[{"href":"https:\/\/www.fijiembassy.org\/de\/wp-json\/wp\/v2\/media?parent=72"}],"curies":[{"name":"wp","href":"https:\/\/api.w.org\/{rel}","templated":true}]}}