{"id":691,"date":"2026-04-07T14:36:38","date_gmt":"2026-04-07T12:36:38","guid":{"rendered":"https:\/\/www.fijiembassy.org\/etias\/"},"modified":"2026-04-07T14:54:27","modified_gmt":"2026-04-07T12:54:27","slug":"etias","status":"publish","type":"page","link":"https:\/\/www.fijiembassy.org\/de\/etias\/","title":{"rendered":"ETIAS 2027: Was Fidschi-Reisende wissen m\u00fcssen"},"content":{"rendered":"\n<p>Das Europ\u00e4ische Reiseinformations- und -genehmigungssystem (ETIAS) lehnt sich direkt an das US-amerikanische <strong>Elektronische System f\u00fcr Reisegenehmigungen (ESTA)<\/strong> an. Wie sein amerikanisches Gegenst\u00fcck ist ETIAS kein Visum, sondern eine Reisegenehmigung, die f\u00fcr visumfreie Besucher bei der Einreise nach Europa erforderlich ist. <\/p>\n\n<p>Its main goal is to enhance border security by screening travelers before they arrive in the <a href=\"https:\/\/www.consilium.europa.eu\/en\/policies\/schengen-area\/\">Schengen Area<\/a>. By cross-checking applicants against international security databases, European authorities aim to detect potential risks early while maintaining smooth travel flows.<\/p>\n\n<h2 class=\"wp-block-heading\">Ein Start jetzt f\u00fcr 2027 geplant<\/h2>\n\n<p>Nach mehreren Verz\u00f6gerungen soll <a href=\"https:\/\/etias-eu.net\/en\/\">ETIAS<\/a> nun nach einer schrittweisen Einf\u00fchrung im Jahr 2027 vollst\u00e4ndig in Betrieb genommen werden:<\/p>\n\n<ul class=\"wp-block-list\">\n<li>Ende 2026: System geht in Betrieb (noch nicht verpflichtend)<\/li>\n\n\n\n<li>2027: Genehmigung wird f\u00fcr die meisten Reisenden obligatorisch<\/li>\n\n\n\n<li>\u00dcbergangszeit: Flexibilit\u00e4t f\u00fcr Fr\u00fchreisende in den ersten Monaten<\/li>\n<\/ul>\n\n<p>Die Verz\u00f6gerung ist gr\u00f6\u00dftenteils auf die Einf\u00fchrung des Einreise-\/Ausreisesystems (EES) zur\u00fcckzuf\u00fchren, ein biometrisches Grenzkontrollsystem, das betriebsbereit sein muss, bevor ETIAS effektiv funktionieren kann.<\/p>\n\n<h2 class=\"wp-block-heading\">Wie ETIAS funktioniert<\/h2>\n\n<p>Sobald das ETIAS eingef\u00fchrt ist, wird es f\u00fcr Kurzaufenthalte (bis zu 90 Tage innerhalb eines Zeitraums von 180 Tagen) im Schengen-Raum erforderlich sein.<\/p>\n\n<p>Wichtige Merkmale:<\/p>\n\n<ul class=\"wp-block-list\">\n<li>Online-Antrag vor der Abreise ausgef\u00fcllt<\/li>\n\n\n\n<li>Geringe Geb\u00fchr (voraussichtlich ca. \u20ac20, vorbehaltlich von Aktualisierungen)<\/li>\n\n\n\n<li>Schnelle Bearbeitung (oft innerhalb von Minuten, manchmal innerhalb weniger Tage)<\/li>\n\n\n\n<li>G\u00fcltig f\u00fcr 3 Jahre oder bis zum Ablauf des Reisepasses<\/li>\n\n\n\n<li>Erm\u00f6glicht mehrere Einreisen nach Europa<\/li>\n<\/ul>\n\n<p>Bitte beachten Sie, dass die ETIAS-Genehmigung keine Garantie f\u00fcr die Einreise ist. Die Grenzbeh\u00f6rden treffen die endg\u00fcltige Entscheidung bei der Ankunft.<\/p>\n\n<h2 class=\"wp-block-heading\">Besonderer Fokus: Reisende aus Fidschi<\/h2>\n\n<p>B\u00fcrger der Fidschi-Inseln profitieren derzeit von einem visafreien Zugang zum Schengen-Raum f\u00fcr Kurzaufenthalte. Mit der Einf\u00fchrung von ETIAS bleibt dieses Privileg bestehen, allerdings mit einem zus\u00e4tzlichen Schritt. <\/p>\n\n<h3 class=\"wp-block-heading\">Was sich f\u00fcr Fidschi-Reisende \u00e4ndert<\/h3>\n\n<p>Ab 2027 m\u00fcssen Reisende aus Fidschi Folgendes beachten:<\/p>\n\n<ul class=\"wp-block-list\">\n<li>Beantragen Sie das ETIAS, bevor Sie nach Europa reisen<\/li>\n\n\n\n<li>F\u00fcllen Sie ein einfaches Online-Formular aus (kein Besuch der <a href=\"https:\/\/www.fijiembassy.org\/de\/\" data-type=\"page\" data-id=\"581\">fidschianischen Botschaft<\/a> erforderlich)<\/li>\n\n\n\n<li>Sie erhalten eine Genehmigung, bevor Sie Ihren Flug antreten.<\/li>\n<\/ul>\n\n<h3 class=\"wp-block-heading\">Anforderungen und \u00dcberlegungen<\/h3>\n\n<p>Fidschianische Bewerber m\u00fcssen in der Regel Folgendes vorlegen:<\/p>\n\n<ul class=\"wp-block-list\">\n<li>Informationen zur Person und zum Reisepass<\/li>\n\n\n\n<li>Details zur Reise<\/li>\n\n\n\n<li>Antworten auf Fragen zur Sicherheit und Gesundheit<\/li>\n<\/ul>\n\n<p>Ihre Bewerbung wird dann automatisch mit europ\u00e4ischen und internationalen Datenbanken abgeglichen.<\/p>\n\n<h3 class=\"wp-block-heading\">Im Falle einer Weigerung<\/h3>\n\n<p>Wenn ein ETIAS-Antrag abgelehnt wird:<\/p>\n\n<ul class=\"wp-block-list\">\n<li>Der Reisende erh\u00e4lt einen Grund f\u00fcr die Ablehnung<\/li>\n\n\n\n<li>Sie haben m\u00f6glicherweise die M\u00f6glichkeit, Einspruch zu erheben oder ein Visum zu beantragen.<\/li>\n<\/ul>\n\n<h2 class=\"wp-block-heading\">Warum ETIAS f\u00fcr zuk\u00fcnftige Reisen wichtig ist<\/h2>\n\n<p>ETIAS bedeutet eine Ver\u00e4nderung der Art und Weise, wie Europa seine Grenzen verwaltet. Selbst Reisende, die von der Visumspflicht befreit sind, einschlie\u00dflich derer aus Fidschi, m\u00fcssen jetzt <strong>vor der Abreise planen<\/strong>. <\/p>\n\n<p>Das System zielt darauf ab:<\/p>\n\n<ul class=\"wp-block-list\">\n<li>St\u00e4rkung der <strong>Sicherheit in ganz Europa<\/strong><\/li>\n\n\n\n<li>Verbessern Sie die <strong>Effizienz der Grenzverwaltung<\/strong><\/li>\n\n\n\n<li><strong>Sicheres und nahtloses Reisen<\/strong> gew\u00e4hrleisten<\/li>\n<\/ul>\n\n<h2 class=\"wp-block-heading\">Wichtigste Erkenntnisse<\/h2>\n\n<ul class=\"wp-block-list\">\n<li>ETIAS ist das europ\u00e4ische Pendant zum ESTA-System<\/li>\n\n\n\n<li>Sie wird voraussichtlich im <strong>Jahr 2027<\/strong> verpflichtend werden<\/li>\n\n\n\n<li>Sie gilt f\u00fcr Reisende, die von der Visumspflicht befreit sind, einschlie\u00dflich Reisende aus Fidschi<\/li>\n\n\n\n<li>Das Verfahren ist <strong>einfach, digital und gilt f\u00fcr mehrere Reisen<\/strong><\/li>\n<\/ul>\n\n<p>F\u00fcr Fidschi-Reisende, die davon tr\u00e4umen, Europa zu besuchen, ist ETIAS ein kleiner, aber wichtiger Schritt zur Vorbereitung ihrer Reise.<\/p>\n","protected":false},"excerpt":{"rendered":"<p>Das Europ\u00e4ische Reiseinformations- und -genehmigungssystem (ETIAS) lehnt sich direkt an das US-amerikanische Elektronische System f\u00fcr Reisegenehmigungen (ESTA) an. Wie sein amerikanisches Gegenst\u00fcck ist ETIAS kein Visum, sondern eine Reisegenehmigung, die f\u00fcr visumfreie Besucher bei der Einreise nach Europa erforderlich ist. Its main goal is to enhance border security by screening travelers before they arrive in [&hellip;]<\/p>\n","protected":false},"author":1,"featured_media":0,"parent":0,"menu_order":0,"comment_status":"closed","ping_status":"closed","template":"","meta":{"footnotes":""},"class_list":["post-691","page","type-page","status-publish","hentry"],"_links":{"self":[{"href":"https:\/\/www.fijiembassy.org\/de\/wp-json\/wp\/v2\/pages\/691","targetHints":{"allow":["GET"]}}],"collection":[{"href":"https:\/\/www.fijiembassy.org\/de\/wp-json\/wp\/v2\/pages"}],"about":[{"href":"https:\/\/www.fijiembassy.org\/de\/wp-json\/wp\/v2\/types\/page"}],"author":[{"embeddable":true,"href":"https:\/\/www.fijiembassy.org\/de\/wp-json\/wp\/v2\/users\/1"}],"replies":[{"embeddable":true,"href":"https:\/\/www.fijiembassy.org\/de\/wp-json\/wp\/v2\/comments?post=691"}],"version-history":[{"count":4,"href":"https:\/\/www.fijiembassy.org\/de\/wp-json\/wp\/v2\/pages\/691\/revisions"}],"predecessor-version":[{"id":755,"href":"https:\/\/www.fijiembassy.org\/de\/wp-json\/wp\/v2\/pages\/691\/revisions\/755"}],"wp:attachment":[{"href":"https:\/\/www.fijiembassy.org\/de\/wp-json\/wp\/v2\/media?parent=691"}],"curies":[{"name":"wp","href":"https:\/\/api.w.org\/{rel}","templated":true}]}}