{"id":585,"date":"2025-05-26T14:12:37","date_gmt":"2025-05-26T12:12:37","guid":{"rendered":"https:\/\/www.fijiembassy.org\/konsularische-dienste\/"},"modified":"2025-05-26T14:29:02","modified_gmt":"2025-05-26T12:29:02","slug":"konsularische-dienste","status":"publish","type":"page","link":"https:\/\/www.fijiembassy.org\/de\/konsularische-dienste\/","title":{"rendered":"Konsularische Dienstleistungen der U.S. Botschaft in Fidschi"},"content":{"rendered":"\n<p>Die U.S. Botschaft in Suva bietet verschiedene konsularische Dienstleistungen f\u00fcr U.S. B\u00fcrger und Einheimische an.<\/p>\n\n<h2 class=\"wp-block-heading\">Dienstleistungen f\u00fcr U.S.-B\u00fcrger<\/h2>\n\n<h3 class=\"wp-block-heading\">Erneuerung des Reisepasses<\/h3>\n\n<p>Sie k\u00f6nnen Ihren US-Reisepass in der Botschaft erneuern. Buchen Sie online einen Termin und bringen Sie die erforderlichen Dokumente mit.   <\/p>\n\n<h3 class=\"wp-block-heading\">Notfallhilfe<\/h3>\n\n<p>Die Botschaft kann in folgenden F\u00e4llen helfen:<\/p>\n\n<ul class=\"wp-block-list\">\n<li>Verlorener oder gestohlener Reisepass<\/li>\n\n\n\n<li>Festnahme oder Inhaftierung<\/li>\n\n\n\n<li>Medizinische Notf\u00e4lle<\/li>\n\n\n\n<li>Tod eines U.S.-B\u00fcrgers<\/li>\n\n\n\n<li>Naturkatastrophen<\/li>\n<\/ul>\n\n<h3 class=\"wp-block-heading\">Konsularische Meldung der Geburt im Ausland (CRBA)<\/h3>\n\n<p>Wenn Ihr Kind in Fidschi geboren ist, k\u00f6nnen Sie eine US-Geburtsurkunde und einen Reisepass beantragen.<\/p>\n\n<h3 class=\"wp-block-heading\">Notarielle Dienstleistungen<\/h3>\n\n<p>Die Botschaft kann bestimmte Dokumente f\u00fcr offizielle oder rechtliche Zwecke beglaubigen. Eine Terminvereinbarung ist erforderlich. <\/p>\n\n<h3 class=\"wp-block-heading\">Visumantrag<\/h3>\n\n<p><a href=\"https:\/\/www.fijiembassy.org\/de\/\" data-type=\"page\" data-id=\"18\">Die amerikanische Botschaft in Fidschi<\/a> bietet eine Reihe von Nichteinwanderungs- und Einwanderungsvisa f\u00fcr berechtigte Antragsteller an. Unabh\u00e4ngig davon, ob Sie zu touristischen, gesch\u00e4ftlichen, studienbezogenen oder famili\u00e4ren Zwecken einreisen m\u00f6chten, stellt die Botschaft klare Richtlinien zur Verf\u00fcgung, um eine effiziente Bearbeitung Ihres Antrags zu gew\u00e4hrleisten. <a href=\"https:\/\/www.fijiembassy.org\/de\/beantragung-eines-us-visums-bei-der-amerikanischen-botschaft-in-fidschi\/\" data-type=\"page\" data-id=\"522\">Die Beantragung eines US-Touristenvisums<\/a> vor Ort in Fidschi kann den Prozess vereinfachen, wenn Sie bereits dort wohnen oder die fidschianische Staatsb\u00fcrgerschaft besitzen. <\/p>\n\n<h2 class=\"wp-block-heading\">Hilfe in der Krise<\/h2>\n\n<p>Im Falle einer Krise (Wirbelsturm, Unruhen, etc.) kann die US-Botschaft:<\/p>\n\n<ul class=\"wp-block-list\">\n<li>Senden Sie Benachrichtigungen an US-B\u00fcrger.<\/li>\n\n\n\n<li>Hilfe bei der Evakuierung, falls erforderlich<\/li>\n\n\n\n<li>Teilen Sie Sicherheits- und Reisehinweise mit<\/li>\n<\/ul>\n\n<h2 class=\"wp-block-heading\">STEP Einschreibung<\/h2>\n\n<p>US-B\u00fcrger, die in Fidschi leben oder dorthin reisen, sollten sich bei <a href=\"https:\/\/mytravel.state.gov\/s\/step\">STEP (Smart Traveler Enrollment Program)<\/a> anmelden. So kann die Botschaft Sie in Notf\u00e4llen erreichen. <\/p>\n\n<h2 class=\"wp-block-heading\">Kontakt f\u00fcr konsularische Unterst\u00fctzung<\/h2>\n\n<ul class=\"wp-block-list\">\n<li>\ud83d\udce7 E-Mail: <a>SuvaACS@state.gov<\/a><\/li>\n\n\n\n<li>\u260e\ufe0f Telefon: (+679) 331-4466<\/li>\n\n\n\n<li>\ud83c\udf10 Website: <a>fj.usembassy.gov<\/a><\/li>\n<\/ul>\n","protected":false},"excerpt":{"rendered":"<p>Die U.S. Botschaft in Suva bietet verschiedene konsularische Dienstleistungen f\u00fcr U.S. B\u00fcrger und Einheimische an. Dienstleistungen f\u00fcr U.S.-B\u00fcrger Erneuerung des Reisepasses Sie k\u00f6nnen Ihren US-Reisepass in der Botschaft erneuern. Buchen Sie online einen Termin und bringen Sie die erforderlichen Dokumente mit. Notfallhilfe Die Botschaft kann in folgenden F\u00e4llen helfen: Konsularische Meldung der Geburt im Ausland [&hellip;]<\/p>\n","protected":false},"author":1,"featured_media":0,"parent":0,"menu_order":0,"comment_status":"closed","ping_status":"closed","template":"","meta":{"footnotes":""},"class_list":["post-585","page","type-page","status-publish","hentry"],"_links":{"self":[{"href":"https:\/\/www.fijiembassy.org\/de\/wp-json\/wp\/v2\/pages\/585","targetHints":{"allow":["GET"]}}],"collection":[{"href":"https:\/\/www.fijiembassy.org\/de\/wp-json\/wp\/v2\/pages"}],"about":[{"href":"https:\/\/www.fijiembassy.org\/de\/wp-json\/wp\/v2\/types\/page"}],"author":[{"embeddable":true,"href":"https:\/\/www.fijiembassy.org\/de\/wp-json\/wp\/v2\/users\/1"}],"replies":[{"embeddable":true,"href":"https:\/\/www.fijiembassy.org\/de\/wp-json\/wp\/v2\/comments?post=585"}],"version-history":[{"count":4,"href":"https:\/\/www.fijiembassy.org\/de\/wp-json\/wp\/v2\/pages\/585\/revisions"}],"predecessor-version":[{"id":653,"href":"https:\/\/www.fijiembassy.org\/de\/wp-json\/wp\/v2\/pages\/585\/revisions\/653"}],"wp:attachment":[{"href":"https:\/\/www.fijiembassy.org\/de\/wp-json\/wp\/v2\/media?parent=585"}],"curies":[{"name":"wp","href":"https:\/\/api.w.org\/{rel}","templated":true}]}}