{"id":689,"date":"2026-04-07T14:36:36","date_gmt":"2026-04-07T12:36:36","guid":{"rendered":"https:\/\/www.fijiembassy.org\/etias\/"},"modified":"2026-04-07T14:55:19","modified_gmt":"2026-04-07T12:55:19","slug":"etias","status":"publish","type":"page","link":"https:\/\/www.fijiembassy.org\/da\/etias\/","title":{"rendered":"ETIAS 2027: Hvad Fiji-rejsende har brug for at vide"},"content":{"rendered":"\n<p>European Travel Information and Authorisation System (ETIAS) er direkte inspireret af det amerikanske <strong>Electronic System for Travel Authorization (ESTA).<\/strong> Ligesom sit amerikanske modstykke er ETIAS ikke et visum, men en rejsetilladelse, der kr\u00e6ves af visumfri bes\u00f8gende, der rejser ind i Europa. <\/p>\n\n<p>Hovedform\u00e5let er at forbedre gr\u00e6nsesikkerheden ved at screene rejsende, f\u00f8r de ankommer til <a href=\"https:\/\/www.consilium.europa.eu\/en\/policies\/schengen-area\/\">Schengen-omr\u00e5det<\/a>. Ved at krydstjekke ans\u00f8gere med internationale sikkerhedsdatabaser sigter de europ\u00e6iske myndigheder mod at opdage potentielle risici tidligt og samtidig opretholde en j\u00e6vn rejseaktivitet. <\/p>\n\n<h2 class=\"wp-block-heading\">En lancering er nu planlagt til 2027<\/h2>\n\n<p>Efter flere forsinkelser forventes <a href=\"https:\/\/etias-eu.net\/en\/\">ETIAS<\/a> nu at v\u00e6re fuldt funktionsdygtigt i 2027 efter en trinvis udrulning:<\/p>\n\n<ul class=\"wp-block-list\">\n<li>Sidst i 2026: systemet g\u00e5r i luften (endnu ikke obligatorisk)<\/li>\n\n\n\n<li>2027: Autorisation bliver obligatorisk for de fleste rejsende<\/li>\n\n\n\n<li>Overgangsperiode: fleksibilitet for tidlige rejsende i de f\u00f8rste m\u00e5neder<\/li>\n<\/ul>\n\n<p>Forsinkelsen skyldes i h\u00f8j grad implementeringen af Entry\/Exit System (EES), et biometrisk gr\u00e6nsekontrolsystem, som skal v\u00e6re i drift, f\u00f8r ETIAS kan fungere effektivt.<\/p>\n\n<h2 class=\"wp-block-heading\">S\u00e5dan fungerer ETIAS<\/h2>\n\n<p>N\u00e5r ETIAS er p\u00e5 plads, vil det v\u00e6re n\u00f8dvendigt for korte ophold (op til 90 dage inden for en periode p\u00e5 180 dage) i Schengen-omr\u00e5det.<\/p>\n\n<p>Vigtige funktioner:<\/p>\n\n<ul class=\"wp-block-list\">\n<li>Online ans\u00f8gning udfyldt f\u00f8r afrejse<\/li>\n\n\n\n<li>Lille gebyr (forventet omkring \u20ac20, med forbehold for opdateringer)<\/li>\n\n\n\n<li>Hurtig behandling (ofte inden for f\u00e5 minutter, nogle gange inden for et par dage)<\/li>\n\n\n\n<li>Gyldig i 3 \u00e5r eller indtil passets udl\u00f8b<\/li>\n\n\n\n<li>Tillader flere indgange til Europa<\/li>\n<\/ul>\n\n<p>Det er vigtigt at bem\u00e6rke, at ETIAS-godkendelse ikke garanterer indrejse &#8211; gr\u00e6nsemyndighederne tr\u00e6ffer stadig den endelige beslutning ved ankomsten.<\/p>\n\n<h2 class=\"wp-block-heading\">S\u00e6rligt fokus: Rejsende fra Fiji<\/h2>\n\n<p>Borgere i Fiji har i \u00f8jeblikket visumfri adgang til Schengen-omr\u00e5det for korte ophold. Med indf\u00f8relsen af ETIAS forbliver dette privilegium &#8211; men med et ekstra trin. <\/p>\n\n<h3 class=\"wp-block-heading\">Hvad \u00e6ndrer sig for Fiji-rejsende?<\/h3>\n\n<p>Fra 2027 og fremefter skal rejsende fra Fiji:<\/p>\n\n<ul class=\"wp-block-list\">\n<li>Ans\u00f8g om ETIAS, f\u00f8r du rejser til Europa<\/li>\n\n\n\n<li>Udfyld en simpel onlineformular (intet bes\u00f8g p\u00e5 <a href=\"https:\/\/www.fijiembassy.org\/\" data-type=\"page\" data-id=\"581\">Fijis ambassade<\/a> er p\u00e5kr\u00e6vet)<\/li>\n\n\n\n<li>F\u00e5 godkendelse, f\u00f8r de g\u00e5r om bord p\u00e5 flyet<\/li>\n<\/ul>\n\n<h3 class=\"wp-block-heading\">Krav og overvejelser<\/h3>\n\n<p>Fijianske ans\u00f8gere skal typisk kunne fremvise:<\/p>\n\n<ul class=\"wp-block-list\">\n<li>Personlige oplysninger og pasoplysninger<\/li>\n\n\n\n<li>Detaljer om rejsen<\/li>\n\n\n\n<li>Svar p\u00e5 sikkerheds- og sundhedsrelaterede sp\u00f8rgsm\u00e5l<\/li>\n<\/ul>\n\n<p>Deres ans\u00f8gning vil derefter automatisk blive tjekket i europ\u00e6iske og internationale databaser.<\/p>\n\n<h3 class=\"wp-block-heading\">I tilf\u00e6lde af afslag<\/h3>\n\n<p>Hvis en ETIAS-ans\u00f8gning bliver afvist:<\/p>\n\n<ul class=\"wp-block-list\">\n<li>Den rejsende vil modtage en begrundelse for afslaget<\/li>\n\n\n\n<li>De kan have mulighed for at appellere eller ans\u00f8ge om et visum<\/li>\n<\/ul>\n\n<h2 class=\"wp-block-heading\">Hvorfor ETIAS er vigtig for fremtidens rejser<\/h2>\n\n<p>ETIAS repr\u00e6senterer et skift i, hvordan Europa forvalter sine gr\u00e6nser. Selv rejsende, der er fritaget for visum, herunder dem fra Fiji, skal nu <strong>planl\u00e6gge f\u00f8r afrejse<\/strong>. <\/p>\n\n<p>Systemet har til form\u00e5l at:<\/p>\n\n<ul class=\"wp-block-list\">\n<li>Styrk <strong>sikkerheden i hele Europa<\/strong><\/li>\n\n\n\n<li>Forbedre <strong>effektiviteten i gr\u00e6nseforvaltningen<\/strong><\/li>\n\n\n\n<li>Oprethold <strong>sikker og problemfri rejse<\/strong><\/li>\n<\/ul>\n\n<h2 class=\"wp-block-heading\">Vigtige pointer<\/h2>\n\n<ul class=\"wp-block-list\">\n<li>ETIAS er Europas svar p\u00e5 ESTA-systemet.<\/li>\n\n\n\n<li>Det forventes at blive obligatorisk i <strong>2027<\/strong><\/li>\n\n\n\n<li>Det g\u00e6lder for visumfri rejsende, herunder dem fra Fiji<\/li>\n\n\n\n<li>Processen er <strong>enkel, digital og g\u00e6lder for flere rejser<\/strong><\/li>\n<\/ul>\n\n<p>For Fiji-rejsende, der dr\u00f8mmer om at bes\u00f8ge Europa, vil ETIAS v\u00e6re et lille, men vigtigt skridt i forberedelserne til deres rejse.<\/p>\n","protected":false},"excerpt":{"rendered":"<p>European Travel Information and Authorisation System (ETIAS) er direkte inspireret af det amerikanske Electronic System for Travel Authorization (ESTA). Ligesom sit amerikanske modstykke er ETIAS ikke et visum, men en rejsetilladelse, der kr\u00e6ves af visumfri bes\u00f8gende, der rejser ind i Europa. Hovedform\u00e5let er at forbedre gr\u00e6nsesikkerheden ved at screene rejsende, f\u00f8r de ankommer til Schengen-omr\u00e5det. [&hellip;]<\/p>\n","protected":false},"author":1,"featured_media":0,"parent":0,"menu_order":0,"comment_status":"closed","ping_status":"closed","template":"","meta":{"footnotes":""},"class_list":["post-689","page","type-page","status-publish","hentry"],"_links":{"self":[{"href":"https:\/\/www.fijiembassy.org\/da\/wp-json\/wp\/v2\/pages\/689","targetHints":{"allow":["GET"]}}],"collection":[{"href":"https:\/\/www.fijiembassy.org\/da\/wp-json\/wp\/v2\/pages"}],"about":[{"href":"https:\/\/www.fijiembassy.org\/da\/wp-json\/wp\/v2\/types\/page"}],"author":[{"embeddable":true,"href":"https:\/\/www.fijiembassy.org\/da\/wp-json\/wp\/v2\/users\/1"}],"replies":[{"embeddable":true,"href":"https:\/\/www.fijiembassy.org\/da\/wp-json\/wp\/v2\/comments?post=689"}],"version-history":[{"count":8,"href":"https:\/\/www.fijiembassy.org\/da\/wp-json\/wp\/v2\/pages\/689\/revisions"}],"predecessor-version":[{"id":768,"href":"https:\/\/www.fijiembassy.org\/da\/wp-json\/wp\/v2\/pages\/689\/revisions\/768"}],"wp:attachment":[{"href":"https:\/\/www.fijiembassy.org\/da\/wp-json\/wp\/v2\/media?parent=689"}],"curies":[{"name":"wp","href":"https:\/\/api.w.org\/{rel}","templated":true}]}}