{"id":593,"date":"2025-05-26T14:12:52","date_gmt":"2025-05-26T12:12:52","guid":{"rendered":"https:\/\/www.fijiembassy.org\/konsulaere-tjenester\/"},"modified":"2025-05-26T14:29:02","modified_gmt":"2025-05-26T12:29:02","slug":"konsulaere-tjenester","status":"publish","type":"page","link":"https:\/\/www.fijiembassy.org\/da\/konsulaere-tjenester\/","title":{"rendered":"Konsul\u00e6re tjenester p\u00e5 den amerikanske ambassade i Fiji"},"content":{"rendered":"\n<p>Den amerikanske ambassade i Suva tilbyder forskellige konsul\u00e6re tjenester til amerikanske statsborgere og lokale beboere.<\/p>\n\n<h2 class=\"wp-block-heading\">Tjenester til amerikanske borgere<\/h2>\n\n<h3 class=\"wp-block-heading\">Fornyelse af pas<\/h3>\n\n<p>Du kan forny dit amerikanske pas p\u00e5 ambassaden. Book en tid online og medbring de n\u00f8dvendige dokumenter.   <\/p>\n\n<h3 class=\"wp-block-heading\">N\u00f8dhj\u00e6lp<\/h3>\n\n<p>Ambassaden kan hj\u00e6lpe i tilf\u00e6lde af:<\/p>\n\n<ul class=\"wp-block-list\">\n<li>Mistet eller stj\u00e5let pas<\/li>\n\n\n\n<li>Anholdelse eller tilbageholdelse<\/li>\n\n\n\n<li>Medicinske n\u00f8dsituationer<\/li>\n\n\n\n<li>D\u00f8d af en amerikansk statsborger<\/li>\n\n\n\n<li>Naturkatastrofer<\/li>\n<\/ul>\n\n<h3 class=\"wp-block-heading\">Konsul\u00e6r rapport om f\u00f8dsel i udlandet (CRBA)<\/h3>\n\n<p>Hvis dit barn er f\u00f8dt i Fiji, kan du ans\u00f8ge om en amerikansk f\u00f8dselsattest og et amerikansk pas.<\/p>\n\n<h3 class=\"wp-block-heading\">Notarial service<\/h3>\n\n<p>Ambassaden kan bekr\u00e6fte visse dokumenter til officiel eller juridisk brug. Aftaler er p\u00e5kr\u00e6vet. <\/p>\n\n<h3 class=\"wp-block-heading\">Ans\u00f8gning om visum<\/h3>\n\n<p><a href=\"https:\/\/www.fijiembassy.org\/da\/\" data-type=\"page\" data-id=\"18\">Den amerikanske ambassade i Fiji<\/a> tilbyder en r\u00e6kke nonimmigrant- og immigrantvisa til kvalificerede ans\u00f8gere. Uanset om du er p\u00e5 bes\u00f8g af hensyn til turisme, forretning, studier eller familie, giver ambassaden klare retningslinjer for at sikre, at din ans\u00f8gning behandles effektivt. Det kan forenkle processen <a href=\"https:\/\/www.fijiembassy.org\/da\/ansoegning-om-amerikansk-visum-paa-den-amerikanske-ambassade-i-fiji\/\" data-type=\"page\" data-id=\"522\">at ans\u00f8ge om et amerikansk turistvisum<\/a> lokalt i Fiji, hvis du allerede bor der eller er statsborger i Fiji. <\/p>\n\n<h2 class=\"wp-block-heading\">Krisehj\u00e6lp<\/h2>\n\n<p>I tilf\u00e6lde af en krise (cyklon, uroligheder osv.) kan den amerikanske ambassade:<\/p>\n\n<ul class=\"wp-block-list\">\n<li>Send advarsler til amerikanske borgere<\/li>\n\n\n\n<li>Hj\u00e6lp med evakuering, hvis det er n\u00f8dvendigt<\/li>\n\n\n\n<li>Del sikkerheds- og rejseinstruktioner<\/li>\n<\/ul>\n\n<h2 class=\"wp-block-heading\">Tilmelding til STEP<\/h2>\n\n<p>Amerikanske statsborgere, der bor eller rejser i Fiji, b\u00f8r tilmelde sig <a href=\"https:\/\/mytravel.state.gov\/s\/step\">STEP (Smart Traveler Enrollment Program).<\/a> Det hj\u00e6lper ambassaden med at f\u00e5 fat i dig i n\u00f8dsituationer. <\/p>\n\n<h2 class=\"wp-block-heading\">Kontakt for konsul\u00e6r bistand<\/h2>\n\n<ul class=\"wp-block-list\">\n<li>\ud83d\udce7 E-mail: <a>SuvaACS@state.gov<\/a><\/li>\n\n\n\n<li>\u260e\ufe0f Telefon: (+679) 331-4466<\/li>\n\n\n\n<li>\ud83c\udf10 Hjemmeside: <a>fj.usembassy.gov<\/a><\/li>\n<\/ul>\n","protected":false},"excerpt":{"rendered":"<p>Den amerikanske ambassade i Suva tilbyder forskellige konsul\u00e6re tjenester til amerikanske statsborgere og lokale beboere. Tjenester til amerikanske borgere Fornyelse af pas Du kan forny dit amerikanske pas p\u00e5 ambassaden. Book en tid online og medbring de n\u00f8dvendige dokumenter. N\u00f8dhj\u00e6lp Ambassaden kan hj\u00e6lpe i tilf\u00e6lde af: Konsul\u00e6r rapport om f\u00f8dsel i udlandet (CRBA) Hvis dit [&hellip;]<\/p>\n","protected":false},"author":1,"featured_media":0,"parent":0,"menu_order":0,"comment_status":"closed","ping_status":"closed","template":"","meta":{"footnotes":""},"class_list":["post-593","page","type-page","status-publish","hentry"],"_links":{"self":[{"href":"https:\/\/www.fijiembassy.org\/da\/wp-json\/wp\/v2\/pages\/593","targetHints":{"allow":["GET"]}}],"collection":[{"href":"https:\/\/www.fijiembassy.org\/da\/wp-json\/wp\/v2\/pages"}],"about":[{"href":"https:\/\/www.fijiembassy.org\/da\/wp-json\/wp\/v2\/types\/page"}],"author":[{"embeddable":true,"href":"https:\/\/www.fijiembassy.org\/da\/wp-json\/wp\/v2\/users\/1"}],"replies":[{"embeddable":true,"href":"https:\/\/www.fijiembassy.org\/da\/wp-json\/wp\/v2\/comments?post=593"}],"version-history":[{"count":4,"href":"https:\/\/www.fijiembassy.org\/da\/wp-json\/wp\/v2\/pages\/593\/revisions"}],"predecessor-version":[{"id":659,"href":"https:\/\/www.fijiembassy.org\/da\/wp-json\/wp\/v2\/pages\/593\/revisions\/659"}],"wp:attachment":[{"href":"https:\/\/www.fijiembassy.org\/da\/wp-json\/wp\/v2\/media?parent=593"}],"curies":[{"name":"wp","href":"https:\/\/api.w.org\/{rel}","templated":true}]}}