{"id":531,"date":"2025-03-03T15:22:03","date_gmt":"2025-03-03T14:22:03","guid":{"rendered":"https:\/\/www.fijiembassy.org\/ansoegning-om-amerikansk-visum-paa-den-amerikanske-ambassade-i-fiji\/"},"modified":"2025-05-26T14:26:22","modified_gmt":"2025-05-26T12:26:22","slug":"ansoegning-om-amerikansk-visum-paa-den-amerikanske-ambassade-i-fiji","status":"publish","type":"page","link":"https:\/\/www.fijiembassy.org\/da\/ansoegning-om-amerikansk-visum-paa-den-amerikanske-ambassade-i-fiji\/","title":{"rendered":"Ans\u00f8gning om amerikansk visum p\u00e5 den amerikanske ambassade i Fiji"},"content":{"rendered":"\n<p>Planl\u00e6gger du at rejse til USA, og spekulerer du p\u00e5, hvordan du skal navigere i den amerikanske visumans\u00f8gningsproces p\u00e5 den <a href=\"https:\/\/www.fijiembassy.org\/da\/\" data-type=\"page\" data-id=\"18\">amerikanske ambassade i Fiji<\/a>? Denne guide er designet til at hj\u00e6lpe dig med at forst\u00e5 kravene, trinene og tipsene til en problemfri og vellykket visumans\u00f8gning. <\/p>\n\n<h2 class=\"wp-block-heading\">Hvorfor s\u00f8ge om amerikansk visum i Fiji?<\/h2>\n\n<p>Den amerikanske ambassade i Fiji tilbyder en r\u00e6kke nonimmigrant- og immigrantvisa til kvalificerede ans\u00f8gere. Uanset om du er p\u00e5 bes\u00f8g af hensyn til turisme, forretning, studier eller familie, giver ambassaden klare retningslinjer for at sikre, at din ans\u00f8gning behandles effektivt. At ans\u00f8ge lokalt i Fiji kan forenkle processen, hvis du allerede bor der eller er statsborger i Fiji.  <\/p>\n\n<h2 class=\"wp-block-heading\">Skridt til at ans\u00f8ge om et amerikansk visum<\/h2>\n\n<ol class=\"wp-block-list\">\n<li>Find ud af, hvilken type visum du har brug for<br\/>F\u00f8r du starter din ans\u00f8gning, skal du gennemg\u00e5 de forskellige visumkategorier p\u00e5 den officielle ambassades hjemmeside. S\u00f8rg for at v\u00e6lge den korrekte visumtype baseret p\u00e5 dit rejseform\u00e5l. Almindelige visa omfatter <a href=\"https:\/\/usa-b2.com\/en\/visa-b2\/\">turistvisum (B1\/B2)<\/a>, studievisum (F1\/M1) og forretningsvisum.  <\/li>\n\n\n\n<li>Udfyld online-ans\u00f8gningsskemaet (DS-160)<br\/>Udfyld DS-160-skemaet n\u00f8jagtigt. Denne formular kr\u00e6ver detaljerede personlige oplysninger, rejseplaner og baggrundsoplysninger. Gem din bekr\u00e6ftelsesside, n\u00e5r du har udfyldt formularen, da den er n\u00f8dvendig for dit interview.  <\/li>\n\n\n\n<li>Betal gebyret for visumans\u00f8gningen<br\/>Betalingsmetoder og gebyrbel\u00f8b kan variere afh\u00e6ngigt af din visumtype. Tjek den seneste gebyrliste p\u00e5 ambassadens hjemmeside. S\u00f8rg for at gemme kvitteringen som bevis for betalingen.  <\/li>\n\n\n\n<li>Planl\u00e6g dit interview<br\/>Interviews er en vigtig del af ans\u00f8gningsprocessen. Book en tid p\u00e5 den amerikanske ambassade i Fiji. Det anbefales at bestille tid i god tid, da ventetiden kan variere, is\u00e6r i h\u00f8js\u00e6sonen.  <\/li>\n\n\n\n<li>Forbered dig p\u00e5 dit interview<br\/>Saml alle n\u00f8dvendige dokumenter, f.eks. dit pas, DS-160-bekr\u00e6ftelsesside, kvittering for gebyr og bilag som f.eks. \u00e5rsregnskaber, ans\u00e6ttelsesbreve eller invitationsbreve. V\u00e6r klar til at forklare form\u00e5let med din rejse og vise, at du har tilknytning til dit hjemland. <\/li>\n<\/ol>\n\n<h2 class=\"wp-block-heading\">Tips til en vellykket ans\u00f8gning<\/h2>\n\n<ul class=\"wp-block-list\">\n<li>Dobbelttjek alle oplysninger p\u00e5 din DS-160-formular for at undg\u00e5 fejl.<\/li>\n\n\n\n<li>Forbered klare og pr\u00e6cise svar til din samtale.<\/li>\n\n\n\n<li>Freml\u00e6g \u00e6gte dokumentation til st\u00f8tte for din ans\u00f8gning.<\/li>\n\n\n\n<li>F\u00f8lg de seneste retningslinjer fra den amerikanske ambassade i Fiji for eventuelle \u00e6ndringer i processen.<\/li>\n<\/ul>\n\n<h2 class=\"wp-block-heading\">F\u00e6lles udfordringer og l\u00f8sninger<\/h2>\n\n<p>Mange ans\u00f8gere st\u00e5r over for udfordringer som f.eks. uoverensstemmelser i dokumenterne eller problemer med planl\u00e6gningen. Hvis du st\u00f8der p\u00e5 et problem, skal du kontakte ambassaden eller se deres officielle hjemmeside for opdaterede ofte stillede sp\u00f8rgsm\u00e5l og supporttjenester. At sikre n\u00f8jagtighed og rettidighed kan forhindre un\u00f8dvendige forsinkelser i din ans\u00f8gningsproces.  <\/p>\n\n<h2 class=\"wp-block-heading\">Afsluttende tanker<\/h2>\n\n<p>Den amerikanske visumans\u00f8gningsproces p\u00e5 den amerikanske ambassade i Fiji er designet til at v\u00e6re ligetil, hvis du f\u00f8lger retningslinjerne n\u00f8je. Ved at forst\u00e5 trinene, forberede al n\u00f8dvendig dokumentation og planl\u00e6gge dit interview tidligt, kan du forbedre dine chancer for en vellykket ans\u00f8gning. Du kan altid finde de seneste opdateringer og detaljerede oplysninger p\u00e5 den amerikanske ambassades officielle hjemmeside i Fiji.  <\/p>\n\n<p>Uanset om du planl\u00e6gger et kort bes\u00f8g eller et l\u00e6ngerevarende ophold i USA, er en velforberedt visumans\u00f8gning det f\u00f8rste skridt p\u00e5 vejen mod en vellykket rejse. Held og lykke med din ans\u00f8gningsproces! <\/p>\n","protected":false},"excerpt":{"rendered":"<p>Planl\u00e6gger du at rejse til USA, og spekulerer du p\u00e5, hvordan du skal navigere i den amerikanske visumans\u00f8gningsproces p\u00e5 den amerikanske ambassade i Fiji? Denne guide er designet til at hj\u00e6lpe dig med at forst\u00e5 kravene, trinene og tipsene til en problemfri og vellykket visumans\u00f8gning. Hvorfor s\u00f8ge om amerikansk visum i Fiji? Den amerikanske ambassade [&hellip;]<\/p>\n","protected":false},"author":1,"featured_media":0,"parent":0,"menu_order":0,"comment_status":"closed","ping_status":"closed","template":"","meta":{"footnotes":""},"class_list":["post-531","page","type-page","status-publish","hentry"],"_links":{"self":[{"href":"https:\/\/www.fijiembassy.org\/da\/wp-json\/wp\/v2\/pages\/531","targetHints":{"allow":["GET"]}}],"collection":[{"href":"https:\/\/www.fijiembassy.org\/da\/wp-json\/wp\/v2\/pages"}],"about":[{"href":"https:\/\/www.fijiembassy.org\/da\/wp-json\/wp\/v2\/types\/page"}],"author":[{"embeddable":true,"href":"https:\/\/www.fijiembassy.org\/da\/wp-json\/wp\/v2\/users\/1"}],"replies":[{"embeddable":true,"href":"https:\/\/www.fijiembassy.org\/da\/wp-json\/wp\/v2\/comments?post=531"}],"version-history":[{"count":2,"href":"https:\/\/www.fijiembassy.org\/da\/wp-json\/wp\/v2\/pages\/531\/revisions"}],"predecessor-version":[{"id":602,"href":"https:\/\/www.fijiembassy.org\/da\/wp-json\/wp\/v2\/pages\/531\/revisions\/602"}],"wp:attachment":[{"href":"https:\/\/www.fijiembassy.org\/da\/wp-json\/wp\/v2\/media?parent=531"}],"curies":[{"name":"wp","href":"https:\/\/api.w.org\/{rel}","templated":true}]}}