{"id":226,"date":"2022-05-20T10:26:48","date_gmt":"2022-05-20T08:26:48","guid":{"rendered":"https:\/\/www.fijiembassy.org\/amerikanske-ambassade\/"},"modified":"2025-05-26T14:24:43","modified_gmt":"2025-05-26T12:24:43","slug":"amerikanske-ambassade","status":"publish","type":"page","link":"https:\/\/www.fijiembassy.org\/da\/","title":{"rendered":"amerikanske ambassade"},"content":{"rendered":"\t\t<div data-elementor-type=\"wp-page\" data-elementor-id=\"226\" class=\"elementor elementor-226 elementor-18\" data-elementor-post-type=\"page\">\n\t\t\t\t\t\t<section class=\"elementor-section elementor-top-section elementor-element elementor-element-02333ce elementor-section-boxed elementor-section-height-default elementor-section-height-default\" data-id=\"02333ce\" data-element_type=\"section\" data-e-type=\"section\">\n\t\t\t\t\t\t<div class=\"elementor-container elementor-column-gap-default\">\n\t\t\t\t\t<div class=\"elementor-column elementor-col-100 elementor-top-column elementor-element elementor-element-06b7a35\" data-id=\"06b7a35\" data-element_type=\"column\" data-e-type=\"column\">\n\t\t\t<div class=\"elementor-widget-wrap elementor-element-populated\">\n\t\t\t\t\t\t<div class=\"elementor-element elementor-element-54dad0a elementor-widget elementor-widget-spacer\" data-id=\"54dad0a\" data-element_type=\"widget\" data-e-type=\"widget\" data-widget_type=\"spacer.default\">\n\t\t\t\t<div class=\"elementor-widget-container\">\n\t\t\t\t\t\t\t<div class=\"elementor-spacer\">\n\t\t\t<div class=\"elementor-spacer-inner\"><\/div>\n\t\t<\/div>\n\t\t\t\t\t\t<\/div>\n\t\t\t\t<\/div>\n\t\t\t\t\t<\/div>\n\t\t<\/div>\n\t\t\t\t\t<\/div>\n\t\t<\/section>\n\t\t\t\t<section class=\"elementor-section elementor-top-section elementor-element elementor-element-1906cf60 elementor-section-boxed elementor-section-height-default elementor-section-height-default\" data-id=\"1906cf60\" data-element_type=\"section\" data-e-type=\"section\">\n\t\t\t\t\t\t<div class=\"elementor-container elementor-column-gap-default\">\n\t\t\t\t\t<div class=\"elementor-column elementor-col-100 elementor-top-column elementor-element elementor-element-78b2a400\" data-id=\"78b2a400\" data-element_type=\"column\" data-e-type=\"column\">\n\t\t\t<div class=\"elementor-widget-wrap elementor-element-populated\">\n\t\t\t\t\t\t<div class=\"elementor-element elementor-element-4c9630fe elementor-widget elementor-widget-heading\" data-id=\"4c9630fe\" data-element_type=\"widget\" data-e-type=\"widget\" data-widget_type=\"heading.default\">\n\t\t\t\t<div class=\"elementor-widget-container\">\n\t\t\t\t\t<h1 class=\"elementor-heading-title elementor-size-default\">Rejs til USA<\/h1>\t\t\t\t<\/div>\n\t\t\t\t<\/div>\n\t\t\t\t\t<\/div>\n\t\t<\/div>\n\t\t\t\t\t<\/div>\n\t\t<\/section>\n\t\t\t\t<section class=\"elementor-section elementor-top-section elementor-element elementor-element-38a765a4 elementor-section-boxed elementor-section-height-default elementor-section-height-default\" data-id=\"38a765a4\" data-element_type=\"section\" data-e-type=\"section\">\n\t\t\t\t\t\t<div class=\"elementor-container elementor-column-gap-default\">\n\t\t\t\t\t<div class=\"elementor-column elementor-col-100 elementor-top-column elementor-element elementor-element-44e0f745\" data-id=\"44e0f745\" data-element_type=\"column\" data-e-type=\"column\">\n\t\t\t<div class=\"elementor-widget-wrap elementor-element-populated\">\n\t\t\t\t\t\t<div class=\"elementor-element elementor-element-45868624 elementor-widget elementor-widget-text-editor\" data-id=\"45868624\" data-element_type=\"widget\" data-e-type=\"widget\" data-widget_type=\"text-editor.default\">\n\t\t\t\t<div class=\"elementor-widget-container\">\n\t\t\t\t\t\t\t\t\t<p>Alle rejsende til USA er n\u00f8dt til at tjekke de sidste krav inden rejsen. Fijis amerikanske ambassade kunne v\u00e6re blevet kontaktet for at f\u00e5 en opdateret situationsinformation. Regler vedr\u00f8rende udl\u00e6ndinge, der rejser til USA, \u00e6ndres ofte med kort forsinkelse.<\/p>\t\t\t\t\t\t\t\t<\/div>\n\t\t\t\t<\/div>\n\t\t\t\t\t<\/div>\n\t\t<\/div>\n\t\t\t\t\t<\/div>\n\t\t<\/section>\n\t\t\t\t<section class=\"elementor-section elementor-top-section elementor-element elementor-element-692b51d7 elementor-section-boxed elementor-section-height-default elementor-section-height-default\" data-id=\"692b51d7\" data-element_type=\"section\" data-e-type=\"section\">\n\t\t\t\t\t\t<div class=\"elementor-container elementor-column-gap-default\">\n\t\t\t\t\t<div class=\"elementor-column elementor-col-50 elementor-top-column elementor-element elementor-element-c57006a\" data-id=\"c57006a\" data-element_type=\"column\" data-e-type=\"column\">\n\t\t\t<div class=\"elementor-widget-wrap elementor-element-populated\">\n\t\t\t\t\t\t<div class=\"elementor-element elementor-element-51b0a81f elementor-widget elementor-widget-text-editor\" data-id=\"51b0a81f\" data-element_type=\"widget\" data-e-type=\"widget\" data-widget_type=\"text-editor.default\">\n\t\t\t\t<div class=\"elementor-widget-container\">\n\t\t\t\t\t\t\t\t\t<h2>USA&#8217;s ambassade<\/h2><p>Den <a href=\"https:\/\/fj.usembassy.gov\/\">amerikanske ambassades<\/a> mission er at udvikle forbindelserne mellem USA og Fiji. De arbejder aktivt for at fremme samarbejdet om forskellige internationale form\u00e5l og styrke USA<\/p><p>USA&#8217;s ambassade til stede p\u00e5 Fiji-\u00f8en for \u00f8konomiske m\u00e5l.<\/p><p>Flere oplysninger om de <a href=\"https:\/\/www.fijiembassy.org\/da\/konsulaere-tjenester\/\">konsul\u00e6re tjenester p\u00e5 den amerikanske ambassade i Suva<\/a>.<\/p>\t\t\t\t\t\t\t\t<\/div>\n\t\t\t\t<\/div>\n\t\t\t\t\t<\/div>\n\t\t<\/div>\n\t\t\t\t<div class=\"elementor-column elementor-col-50 elementor-top-column elementor-element elementor-element-7a36c37e\" data-id=\"7a36c37e\" data-element_type=\"column\" data-e-type=\"column\">\n\t\t\t<div class=\"elementor-widget-wrap elementor-element-populated\">\n\t\t\t\t\t\t<div class=\"elementor-element elementor-element-26cf03a4 elementor-widget elementor-widget-text-editor\" data-id=\"26cf03a4\" data-element_type=\"widget\" data-e-type=\"widget\" data-widget_type=\"text-editor.default\">\n\t\t\t\t<div class=\"elementor-widget-container\">\n\t\t\t\t\t\t\t\t\t<h2>USA&#8217;s ambassade i Fiji<\/h2><p><a href=\"https:\/\/fj.usembassy.gov\/embassy\/suva\/\">USA&#8217;s ambassade i Suva<\/a><br>158 Princes Road, Tamavua, Suva, Fiji.<\/p><p>Telefon: 679 331-4466<\/p><div class=\"pg-split\" style=\"margin: 0px 30px 30px 0px; padding: 0px; border: 0px; font-variant-numeric: inherit; font-variant-east-asian: inherit; font-stretch: inherit; line-height: inherit; font-family: Roboto, Arial, sans-serif; vertical-align: baseline; width: 374.99px; float: left; color: #333333;\"><div class=\"map-container\" style=\"margin: 0px; padding: 30px 0px 210.927px; border: 0px; font: inherit; vertical-align: baseline; position: relative; height: 0px; overflow: hidden;\"><iframe class=\"iframemapborder\" style=\"padding: 0px; font: inherit; vertical-align: baseline; width: 374.99px; position: absolute; top: 0px; left: 0px; height: 240.927px; border-width: 8px !important; border-style: solid !important; border-color: #e2e2e2 !important;\" src=\"https:\/\/www.google.com\/maps\/embed?pb=!1m18!1m12!1m3!1d3792.018458672593!2d178.43729101474153!3d-18.116938789168167!2m3!1f0!2f0!3f0!3m2!1i1024!2i768!4f13.1!3m3!1m2!1s0x6e1bde8a6dcf2811%3A0x433486fb291c2678!2sUS+Embassy+Suva!5e0!3m2!1sen!2sus!4v1469485653235\" width=\"600\" height=\"450\" frameborder=\"0\" allowfullscreen=\"allowfullscreen\" data-gtm-yt-inspected-1_19=\"true\" data-gtm-yt-inspected-1491731_107=\"true\"><\/iframe><\/div><\/div>\t\t\t\t\t\t\t\t<\/div>\n\t\t\t\t<\/div>\n\t\t\t\t\t<\/div>\n\t\t<\/div>\n\t\t\t\t\t<\/div>\n\t\t<\/section>\n\t\t\t\t<section class=\"elementor-section elementor-top-section elementor-element elementor-element-4bc23eb elementor-section-boxed elementor-section-height-default elementor-section-height-default\" data-id=\"4bc23eb\" data-element_type=\"section\" data-e-type=\"section\">\n\t\t\t\t\t\t<div class=\"elementor-container elementor-column-gap-default\">\n\t\t\t\t\t<div class=\"elementor-column elementor-col-100 elementor-top-column elementor-element elementor-element-9e403f7\" data-id=\"9e403f7\" data-element_type=\"column\" data-e-type=\"column\">\n\t\t\t<div class=\"elementor-widget-wrap elementor-element-populated\">\n\t\t\t\t\t\t<div class=\"elementor-element elementor-element-c7e6442 elementor-widget elementor-widget-heading\" data-id=\"c7e6442\" data-element_type=\"widget\" data-e-type=\"widget\" data-widget_type=\"heading.default\">\n\t\t\t\t<div class=\"elementor-widget-container\">\n\t\t\t\t\t<h2 class=\"elementor-heading-title elementor-size-default\">Hvad er forskellen mellem et visum og en ESTA<\/h2>\t\t\t\t<\/div>\n\t\t\t\t<\/div>\n\t\t\t\t\t<\/div>\n\t\t<\/div>\n\t\t\t\t\t<\/div>\n\t\t<\/section>\n\t\t\t\t<section class=\"elementor-section elementor-top-section elementor-element elementor-element-e41aacc elementor-section-boxed elementor-section-height-default elementor-section-height-default\" data-id=\"e41aacc\" data-element_type=\"section\" data-e-type=\"section\">\n\t\t\t\t\t\t<div class=\"elementor-container elementor-column-gap-default\">\n\t\t\t\t\t<div class=\"elementor-column elementor-col-100 elementor-top-column elementor-element elementor-element-e7cf01a\" data-id=\"e7cf01a\" data-element_type=\"column\" data-e-type=\"column\">\n\t\t\t<div class=\"elementor-widget-wrap elementor-element-populated\">\n\t\t\t\t\t\t<div class=\"elementor-element elementor-element-5443e8a elementor-widget elementor-widget-text-editor\" data-id=\"5443e8a\" data-element_type=\"widget\" data-e-type=\"widget\" data-widget_type=\"text-editor.default\">\n\t\t\t\t<div class=\"elementor-widget-container\">\n\t\t\t\t\t\t\t\t\t<p>Du skal blive meget snart i USA. En anmodning om tilladelse til at komme ind p\u00e5 det amerikanske territorium er en obligatorisk formalitet. Afh\u00e6ngigt af din situation er der flere l\u00f8sninger tilg\u00e6ngelige for dig:<\/p><ol><li>Det permanente opholdskort bedre kendt som det gr\u00f8nne kort er en af de sv\u00e6reste opholdstilladelser at f\u00e5, da det kun vedr\u00f8rer personer, der planl\u00e6gger at blive permanent i USA. \u00c5rsagerne til at ans\u00f8ge om et gr\u00f8nt kort frem for noget andet er prim\u00e6rt, n\u00e5r folk kommer for at bos\u00e6tte sig af professionelle eller familiem\u00e6ssige \u00e5rsager i USA. Dette kr\u00e6ver faktisk en rejsetilladelse p\u00e5 mere end 90 dage. Der er en undtagelse for ans\u00f8gningen om gr\u00f8nt kort for asylans\u00f8gere. De kan faktisk i visse tilf\u00e6lde g\u00f8re brug af det.<\/li><li>Det amerikanske turistvisum g\u00e6lder for personer, der \u00f8nsker at opholde sig i USA i en periode p\u00e5 mere end 90 dage. I mods\u00e6tning til en ESTA-anmodning er processen l\u00e6ngere og mere kompliceret. Det kr\u00e6ver, at den rejsende ans\u00f8ger online p\u00e5 hjemmesiden <a href=\"https:\/\/travel.state.gov\/content\/travel\/en\/us-visas\/tourism-visit\/visitor.html\">travel.state.gov<\/a>. Derefter skal han booke et interview p\u00e5 den amerikanske ambassade for at f\u00e6rdigg\u00f8re sin ans\u00f8gning. I betragtning af de fakta, der kr\u00e6ves for en visumans\u00f8gning, er gebyrerne i gennemsnit 185 dollars. Dette bel\u00f8b anmodes om uanset VISA, som er v\u00e6sentligt h\u00f8jere end en ESTA-anmodning. Men endnu en gang vil hver anmodning afh\u00e6nge af profilen, situationen og \u00e5rsagerne, der presser den rejsende til at tage til USA.<\/li><li>ESTA-anmodningen vedr\u00f8rer kortvarige erhvervs- eller turistophold (maksimalt 90 sammenh\u00e6ngende dage i ESTA&#8217;ens gyldighedsperiode). I mods\u00e6tning til visum- eller green card-ans\u00f8gningen drager ESTA-ans\u00f8gningen fordel af en forenklet online-proces. Alt du skal g\u00f8re er at udfylde en formular og besvare de sp\u00f8rgsm\u00e5l, du bliver stillet oprigtigt. Disse sp\u00f8rgsm\u00e5l vedr\u00f8rer den rejsendes civilstand, hans juridiske og medicinske historie. N\u00e5r f\u00f8rst ESTA-ans\u00f8gningen er udfyldt, skal den valideres af de amerikanske interne sikkerhedstjenester. Det tilr\u00e5des at indgive din anmodning senest 72 timer f\u00f8r din afrejse. I de fleste tilf\u00e6lde kommer svaret i l\u00f8bet af dagen.<\/li><\/ol><h2>S\u00e5dan f\u00e5r du et visum til USA<\/h2><p>Selv om du har svaret oprigtigt og fejlfrit p\u00e5 din ESTA-anmodning, kan det blive afvist. Du kan pr\u00f8ve at f\u00e5 et visum. For at f\u00e5 et visum skal du henvende dig til en amerikansk ambassade. Der <a href=\"https:\/\/www.fijiembassy.org\/da\/ansoegning-om-amerikansk-visum-paa-den-amerikanske-ambassade-i-fiji\/\">er en f\u00e6lles procedure for visumans\u00f8gninger<\/a>. Det best\u00e5r i at udfylde en fil og have et visumsamtale p\u00e5 den amerikanske ambassade. Samtale, hvor du bliver n\u00f8dt til at give udtryk for de grunde, der tvinger dig til at ans\u00f8ge om visum.<\/p><p>Sp\u00f8rgsm\u00e5l, som du vil blive stillet klare og pr\u00e6cise svar p\u00e5:<\/p><ul><li>\u00c5rsagen til din rejse til USA;<\/li><li>Din sygehistorie og nuv\u00e6rende helbredstilstand;<\/li><li>Din straffeattest.<\/li><\/ul><p>Samtalen p\u00e5 ambassaden er meget vigtig, da det er en v\u00e6sentlig betingelse for at f\u00e5 visum. Den amerikanske regering tager dette interview meget alvorligt.<\/p><p>Her er nogle tips til at s\u00e6tte oddsene i din fav\u00f8r:<\/p><ul><li>Du skal fremvise alle de dokumenter, der kr\u00e6ves af dig, s\u00e5som dit pas;<\/li><li>Din kjole vil ogs\u00e5 virke til din fordel eller ej, det f\u00f8rste indtryk er meget vigtigt;<\/li><li>Du bliver n\u00f8dt til at t\u00e6lle et forskud p\u00e5 omkring 30 minutter for at undg\u00e5 at komme for sent og f\u00e5 din aftale aflyst;<\/li><li>Giv dig selv betalingsmidler for at kunne betale omkostningerne i forbindelse med visumans\u00f8gningen. Prisen vil afh\u00e6nge af den type visum, der anmodes om.<\/li><\/ul><p>P\u00e5 trods af al din gode tro og vilje, kan din visumans\u00f8gning blive afvist. Hvert \u00e5r er der et lotteri, der giver dig mulighed for at vinde et gr\u00f8nt kort, det vil sige en permanent opholdstilladelse.<\/p><p>Det er meget sv\u00e6rt at f\u00e5 gennem Green Card-lotteriet, selv om der er blevet uddelt n\u00e6sten 50.000 Green Cards hvert \u00e5r. Faktisk er antallet af bejlere fortsat meget h\u00f8jt.<\/p>\t\t\t\t\t\t\t\t<\/div>\n\t\t\t\t<\/div>\n\t\t\t\t\t<\/div>\n\t\t<\/div>\n\t\t\t\t\t<\/div>\n\t\t<\/section>\n\t\t\t\t<\/div>\n\t\t","protected":false},"excerpt":{"rendered":"<p>Rejs til USA Alle rejsende til USA er n\u00f8dt til at tjekke de sidste krav inden rejsen. Fijis amerikanske ambassade kunne v\u00e6re blevet kontaktet for at f\u00e5 en opdateret situationsinformation. Regler vedr\u00f8rende udl\u00e6ndinge, der rejser til USA, \u00e6ndres ofte med kort forsinkelse. USA&#8217;s ambassade Den amerikanske ambassades mission er at udvikle forbindelserne mellem USA og [&hellip;]<\/p>\n","protected":false},"author":1,"featured_media":0,"parent":0,"menu_order":0,"comment_status":"closed","ping_status":"closed","template":"","meta":{"footnotes":""},"class_list":["post-226","page","type-page","status-publish","hentry"],"_links":{"self":[{"href":"https:\/\/www.fijiembassy.org\/da\/wp-json\/wp\/v2\/pages\/226","targetHints":{"allow":["GET"]}}],"collection":[{"href":"https:\/\/www.fijiembassy.org\/da\/wp-json\/wp\/v2\/pages"}],"about":[{"href":"https:\/\/www.fijiembassy.org\/da\/wp-json\/wp\/v2\/types\/page"}],"author":[{"embeddable":true,"href":"https:\/\/www.fijiembassy.org\/da\/wp-json\/wp\/v2\/users\/1"}],"replies":[{"embeddable":true,"href":"https:\/\/www.fijiembassy.org\/da\/wp-json\/wp\/v2\/comments?post=226"}],"version-history":[{"count":19,"href":"https:\/\/www.fijiembassy.org\/da\/wp-json\/wp\/v2\/pages\/226\/revisions"}],"predecessor-version":[{"id":649,"href":"https:\/\/www.fijiembassy.org\/da\/wp-json\/wp\/v2\/pages\/226\/revisions\/649"}],"wp:attachment":[{"href":"https:\/\/www.fijiembassy.org\/da\/wp-json\/wp\/v2\/media?parent=226"}],"curies":[{"name":"wp","href":"https:\/\/api.w.org\/{rel}","templated":true}]}}